{"id":1542,"date":"2021-11-05T12:36:17","date_gmt":"2021-11-05T11:36:17","guid":{"rendered":"https:\/\/www.hotelveniceresort.com\/protocollo-anti-covid\/"},"modified":"2021-12-06T15:24:12","modified_gmt":"2021-12-06T14:24:12","slug":"protocole-anti-covid","status":"publish","type":"page","link":"https:\/\/www.hotelveniceresort.com\/fr\/protocole-anti-covid\/","title":{"rendered":"Protocole Anti-Covid"},"content":{"rendered":"<div  class=\"grids-section grids-is-advanced alignfull\" style=\"--_gs-gap-desktop:0px 0px;--_gs-m-desktop:0 0 0 0;--_gs-p-desktop:0 0 0 0;--_gs-bg-desktop:transparent none;--_gs-bg-xp-desktop:0px;--_gs-zi-desktop:auto;--_gs-d-desktop:block;--_gs-mw-desktop:calc(100% - 0 - 0);--_gs-gap-tablet:0px 0px;--_gs-m-tablet:0 0 0 0;--_gs-p-tablet:0 0 0 0;--_gs-bg-tablet:transparent none;--_gs-bg-xp-tablet:0px;--_gs-zi-tablet:auto;--_gs-d-tablet:block;--_gs-mw-tablet:calc(100% - 0 - 0);--_gs-gap-mobile:0px 0px;--_gs-m-mobile:0 0 0 0;--_gs-p-mobile:0 0 0 0;--_gs-bg-mobile:transparent none;--_gs-bg-xp-mobile:0px;--_gs-zi-mobile:auto;--_gs-d-mobile:block;--_gs-mw-mobile:calc(100% - 0 - 0);--_gs-columns:12;--_gs-rows:6\"><div class=\"grids-s-w_i\">\n<div class=\"grids-area\" style=\"--_ga-column:2\/12;--_ga-row:1\/7;--_ga-m-desktop:0 0 0 0;--_ga-p-desktop:0 0 0 0;--_ga-bg-desktop:transparent none;--_ga-zi-desktop:auto;--_ga-d-desktop:flex;--_ga-mw-desktop:calc(100% - 0 - 0);--_ga-m-tablet:0 0 0 0;--_ga-p-tablet:0 0 0 0;--_ga-bg-tablet:transparent none;--_ga-zi-tablet:auto;--_ga-d-tablet:flex;--_ga-mw-tablet:calc(100% - 0 - 0);--_ga-m-mobile:0 0 0 0;--_ga-p-mobile:0 0 0 0;--_ga-bg-mobile:transparent none;--_ga-zi-mobile:auto;--_ga-d-mobile:flex;--_ga-mw-mobile:calc(100% - 0 - 0)\">\n\n<h2 class=\"wp-block-heading\"><strong>Nous publions ci-dessous le protocole de s\u00e9curit\u00e9 Anti-Covid adopt\u00e9 par notre H\u00f4tel.<\/strong><\/h2>\n\n\n\n<h3 class=\"wp-block-heading\"><strong>S\u00e9curit\u00e9 :<\/strong><\/h3>\n\n\n\n<ul class=\"wp-block-list\"><li>Kit premi\u00e8re urgence disponible<\/li><li>Proc\u00e9dure de v\u00e9rification de l&rsquo;\u00e9tat de sant\u00e9 des clients<\/li><li>Gel d\u00e9sinfectant pour les mains disponible dans les espaces communs<\/li><li>Les journaux, les stylos et le papier partag\u00e9s ont \u00e9t\u00e9 enlev\u00e9s<\/li><li>Notre personnel suit tous les protocoles de s\u00e9curit\u00e9 indiqu\u00e9s par les autorit\u00e9s locales<\/li><\/ul>\n\n\n\n<h3 class=\"wp-block-heading\"><a><\/a><strong>Gestes barri\u00e8res :<\/strong><\/h3>\n\n\n\n<ul class=\"wp-block-list\"><li>Panneaux ou \u00e9crans de protection entre le personnel et les clients dans des zones bien d\u00e9termin\u00e9es<\/li><li>Respect des r\u00e8gles des gestes barri\u00e8res<\/li><li>Paiements \u00e9lectroniques disponibles<\/li><li>Check-in et check-out sans contact<\/li><\/ul>\n\n\n\n<h3 class=\"wp-block-heading\"><a><\/a><strong>Propret\u00e9 et d\u00e9sinfestation :<\/strong><\/h3>\n\n\n\n<ul class=\"wp-block-list\"><li>Les chambres sont d\u00e9sinfect\u00e9es entre un s\u00e9jour et un autre<\/li><li>Les draps, les serviettes et le linge sont lav\u00e9s selon les lignes guides des autorit\u00e9s locales<\/li><li>Usage de produits chimiques efficaces contre le Coronavirus<\/li><\/ul>\n\n\n\n<h3 class=\"wp-block-heading\"><a><\/a><strong>S\u00e9curit\u00e9 pour la nourriture et les boissons :<\/strong><\/h3>\n\n\n\n<ul class=\"wp-block-list\"><li>Les assiettes, les couverts, les verres et la vaisselle en g\u00e9n\u00e9ral sont st\u00e9rilis\u00e9s<\/li><li>Distancement physique dans la zone des repas<\/li><\/ul>\n\n\n\n<p>Le service de restauration dans la structure pourrait \u00eatre limit\u00e9 ou suspendu suite au coronavirus.<\/p>\n\n\n\n<p><strong>Le port du masque est obligatoire dans tous les espaces communs<\/strong>.<\/p>\n\n<\/div>\n<\/div><\/div>","protected":false},"excerpt":{"rendered":"","protected":false},"author":2,"featured_media":1380,"parent":0,"menu_order":0,"comment_status":"closed","ping_status":"closed","template":"","meta":{"_acf_changed":false,"advgb_blocks_editor_width":"","advgb_blocks_columns_visual_guide":"","footnotes":""},"class_list":["post-1542","page","type-page","status-publish","has-post-thumbnail","hentry","entry"],"acf":[],"yoast_head":"<!-- This site is optimized with the Yoast SEO plugin v25.3.1 - https:\/\/yoast.com\/wordpress\/plugins\/seo\/ -->\n<title>Protocole Anti-Covid - Venice Resort<\/title>\n<meta name=\"robots\" content=\"index, follow, max-snippet:-1, max-image-preview:large, max-video-preview:-1\" \/>\n<link rel=\"canonical\" href=\"https:\/\/www.hotelveniceresort.com\/fr\/protocole-anti-covid\/\" \/>\n<meta property=\"og:locale\" content=\"fr_FR\" \/>\n<meta property=\"og:type\" content=\"article\" \/>\n<meta property=\"og:title\" content=\"Protocole Anti-Covid - Venice Resort\" \/>\n<meta property=\"og:url\" content=\"https:\/\/www.hotelveniceresort.com\/fr\/protocole-anti-covid\/\" \/>\n<meta property=\"og:site_name\" content=\"Venice Resort\" \/>\n<meta property=\"article:modified_time\" content=\"2021-12-06T14:24:12+00:00\" \/>\n<meta property=\"og:image\" content=\"https:\/\/www.hotelveniceresort.com\/wp-content\/uploads\/2021\/10\/singolo-servizio-giardino.jpg\" \/>\n\t<meta property=\"og:image:width\" content=\"720\" \/>\n\t<meta property=\"og:image:height\" content=\"480\" \/>\n\t<meta property=\"og:image:type\" content=\"image\/jpeg\" \/>\n<meta name=\"twitter:card\" content=\"summary_large_image\" \/>\n<meta name=\"twitter:label1\" content=\"Dur\u00e9e de lecture estim\u00e9e\" \/>\n\t<meta name=\"twitter:data1\" content=\"1 minute\" \/>\n<script type=\"application\/ld+json\" class=\"yoast-schema-graph\">{\"@context\":\"https:\/\/schema.org\",\"@graph\":[{\"@type\":\"WebPage\",\"@id\":\"https:\/\/www.hotelveniceresort.com\/fr\/protocole-anti-covid\/\",\"url\":\"https:\/\/www.hotelveniceresort.com\/fr\/protocole-anti-covid\/\",\"name\":\"Protocole Anti-Covid - Venice Resort\",\"isPartOf\":{\"@id\":\"https:\/\/www.hotelveniceresort.com\/fr\/#website\"},\"primaryImageOfPage\":{\"@id\":\"https:\/\/www.hotelveniceresort.com\/fr\/protocole-anti-covid\/#primaryimage\"},\"image\":{\"@id\":\"https:\/\/www.hotelveniceresort.com\/fr\/protocole-anti-covid\/#primaryimage\"},\"thumbnailUrl\":\"https:\/\/www.hotelveniceresort.com\/wp-content\/uploads\/2021\/10\/singolo-servizio-giardino.jpg\",\"datePublished\":\"2021-11-05T11:36:17+00:00\",\"dateModified\":\"2021-12-06T14:24:12+00:00\",\"breadcrumb\":{\"@id\":\"https:\/\/www.hotelveniceresort.com\/fr\/protocole-anti-covid\/#breadcrumb\"},\"inLanguage\":\"fr-FR\",\"potentialAction\":[{\"@type\":\"ReadAction\",\"target\":[\"https:\/\/www.hotelveniceresort.com\/fr\/protocole-anti-covid\/\"]}]},{\"@type\":\"ImageObject\",\"inLanguage\":\"fr-FR\",\"@id\":\"https:\/\/www.hotelveniceresort.com\/fr\/protocole-anti-covid\/#primaryimage\",\"url\":\"https:\/\/www.hotelveniceresort.com\/wp-content\/uploads\/2021\/10\/singolo-servizio-giardino.jpg\",\"contentUrl\":\"https:\/\/www.hotelveniceresort.com\/wp-content\/uploads\/2021\/10\/singolo-servizio-giardino.jpg\",\"width\":720,\"height\":480},{\"@type\":\"BreadcrumbList\",\"@id\":\"https:\/\/www.hotelveniceresort.com\/fr\/protocole-anti-covid\/#breadcrumb\",\"itemListElement\":[{\"@type\":\"ListItem\",\"position\":1,\"name\":\"Home\",\"item\":\"https:\/\/www.hotelveniceresort.com\/fr\/\"},{\"@type\":\"ListItem\",\"position\":2,\"name\":\"Protocole Anti-Covid\"}]},{\"@type\":\"WebSite\",\"@id\":\"https:\/\/www.hotelveniceresort.com\/fr\/#website\",\"url\":\"https:\/\/www.hotelveniceresort.com\/fr\/\",\"name\":\"Venice Resort\",\"description\":\"\",\"publisher\":{\"@id\":\"https:\/\/www.hotelveniceresort.com\/fr\/#organization\"},\"potentialAction\":[{\"@type\":\"SearchAction\",\"target\":{\"@type\":\"EntryPoint\",\"urlTemplate\":\"https:\/\/www.hotelveniceresort.com\/fr\/?s={search_term_string}\"},\"query-input\":{\"@type\":\"PropertyValueSpecification\",\"valueRequired\":true,\"valueName\":\"search_term_string\"}}],\"inLanguage\":\"fr-FR\"},{\"@type\":\"Organization\",\"@id\":\"https:\/\/www.hotelveniceresort.com\/fr\/#organization\",\"name\":\"Venice Resort\",\"url\":\"https:\/\/www.hotelveniceresort.com\/fr\/\",\"logo\":{\"@type\":\"ImageObject\",\"inLanguage\":\"fr-FR\",\"@id\":\"https:\/\/www.hotelveniceresort.com\/fr\/#\/schema\/logo\/image\/\",\"url\":\"https:\/\/www.hotelveniceresort.com\/wp-content\/uploads\/2021\/10\/logo.png\",\"contentUrl\":\"https:\/\/www.hotelveniceresort.com\/wp-content\/uploads\/2021\/10\/logo.png\",\"width\":215,\"height\":78,\"caption\":\"Venice Resort\"},\"image\":{\"@id\":\"https:\/\/www.hotelveniceresort.com\/fr\/#\/schema\/logo\/image\/\"}}]}<\/script>\n<!-- \/ Yoast SEO plugin. -->","yoast_head_json":{"title":"Protocole Anti-Covid - Venice Resort","robots":{"index":"index","follow":"follow","max-snippet":"max-snippet:-1","max-image-preview":"max-image-preview:large","max-video-preview":"max-video-preview:-1"},"canonical":"https:\/\/www.hotelveniceresort.com\/fr\/protocole-anti-covid\/","og_locale":"fr_FR","og_type":"article","og_title":"Protocole Anti-Covid - Venice Resort","og_url":"https:\/\/www.hotelveniceresort.com\/fr\/protocole-anti-covid\/","og_site_name":"Venice Resort","article_modified_time":"2021-12-06T14:24:12+00:00","og_image":[{"width":720,"height":480,"url":"https:\/\/www.hotelveniceresort.com\/wp-content\/uploads\/2021\/10\/singolo-servizio-giardino.jpg","type":"image\/jpeg"}],"twitter_card":"summary_large_image","twitter_misc":{"Dur\u00e9e de lecture estim\u00e9e":"1 minute"},"schema":{"@context":"https:\/\/schema.org","@graph":[{"@type":"WebPage","@id":"https:\/\/www.hotelveniceresort.com\/fr\/protocole-anti-covid\/","url":"https:\/\/www.hotelveniceresort.com\/fr\/protocole-anti-covid\/","name":"Protocole Anti-Covid - Venice Resort","isPartOf":{"@id":"https:\/\/www.hotelveniceresort.com\/fr\/#website"},"primaryImageOfPage":{"@id":"https:\/\/www.hotelveniceresort.com\/fr\/protocole-anti-covid\/#primaryimage"},"image":{"@id":"https:\/\/www.hotelveniceresort.com\/fr\/protocole-anti-covid\/#primaryimage"},"thumbnailUrl":"https:\/\/www.hotelveniceresort.com\/wp-content\/uploads\/2021\/10\/singolo-servizio-giardino.jpg","datePublished":"2021-11-05T11:36:17+00:00","dateModified":"2021-12-06T14:24:12+00:00","breadcrumb":{"@id":"https:\/\/www.hotelveniceresort.com\/fr\/protocole-anti-covid\/#breadcrumb"},"inLanguage":"fr-FR","potentialAction":[{"@type":"ReadAction","target":["https:\/\/www.hotelveniceresort.com\/fr\/protocole-anti-covid\/"]}]},{"@type":"ImageObject","inLanguage":"fr-FR","@id":"https:\/\/www.hotelveniceresort.com\/fr\/protocole-anti-covid\/#primaryimage","url":"https:\/\/www.hotelveniceresort.com\/wp-content\/uploads\/2021\/10\/singolo-servizio-giardino.jpg","contentUrl":"https:\/\/www.hotelveniceresort.com\/wp-content\/uploads\/2021\/10\/singolo-servizio-giardino.jpg","width":720,"height":480},{"@type":"BreadcrumbList","@id":"https:\/\/www.hotelveniceresort.com\/fr\/protocole-anti-covid\/#breadcrumb","itemListElement":[{"@type":"ListItem","position":1,"name":"Home","item":"https:\/\/www.hotelveniceresort.com\/fr\/"},{"@type":"ListItem","position":2,"name":"Protocole Anti-Covid"}]},{"@type":"WebSite","@id":"https:\/\/www.hotelveniceresort.com\/fr\/#website","url":"https:\/\/www.hotelveniceresort.com\/fr\/","name":"Venice Resort","description":"","publisher":{"@id":"https:\/\/www.hotelveniceresort.com\/fr\/#organization"},"potentialAction":[{"@type":"SearchAction","target":{"@type":"EntryPoint","urlTemplate":"https:\/\/www.hotelveniceresort.com\/fr\/?s={search_term_string}"},"query-input":{"@type":"PropertyValueSpecification","valueRequired":true,"valueName":"search_term_string"}}],"inLanguage":"fr-FR"},{"@type":"Organization","@id":"https:\/\/www.hotelveniceresort.com\/fr\/#organization","name":"Venice Resort","url":"https:\/\/www.hotelveniceresort.com\/fr\/","logo":{"@type":"ImageObject","inLanguage":"fr-FR","@id":"https:\/\/www.hotelveniceresort.com\/fr\/#\/schema\/logo\/image\/","url":"https:\/\/www.hotelveniceresort.com\/wp-content\/uploads\/2021\/10\/logo.png","contentUrl":"https:\/\/www.hotelveniceresort.com\/wp-content\/uploads\/2021\/10\/logo.png","width":215,"height":78,"caption":"Venice Resort"},"image":{"@id":"https:\/\/www.hotelveniceresort.com\/fr\/#\/schema\/logo\/image\/"}}]}},"coauthors":[],"author_meta":{"author_link":"https:\/\/www.hotelveniceresort.com\/fr\/author\/v3n1c3-r3s0r5\/","display_name":"v3n1c3-r3s0r5"},"relative_dates":{"created":"Publi\u00e9 4 ans il y a","modified":"Mis \u00e0 jour 4 ans il y a"},"absolute_dates":{"created":"Publi\u00e9 le novembre 5, 2021","modified":"Mise \u00e0 jour le d\u00e9cembre 6, 2021"},"absolute_dates_time":{"created":"Publi\u00e9 le novembre 5, 2021 12:36 pm","modified":"Mise \u00e0 jour le d\u00e9cembre 6, 2021 3:24 pm"},"featured_img_caption":"","featured_img":"https:\/\/www.hotelveniceresort.com\/wp-content\/uploads\/2021\/10\/singolo-servizio-giardino.jpg","series_order":"","_links":{"self":[{"href":"https:\/\/www.hotelveniceresort.com\/fr\/wp-json\/wp\/v2\/pages\/1542","targetHints":{"allow":["GET"]}}],"collection":[{"href":"https:\/\/www.hotelveniceresort.com\/fr\/wp-json\/wp\/v2\/pages"}],"about":[{"href":"https:\/\/www.hotelveniceresort.com\/fr\/wp-json\/wp\/v2\/types\/page"}],"author":[{"embeddable":true,"href":"https:\/\/www.hotelveniceresort.com\/fr\/wp-json\/wp\/v2\/users\/2"}],"replies":[{"embeddable":true,"href":"https:\/\/www.hotelveniceresort.com\/fr\/wp-json\/wp\/v2\/comments?post=1542"}],"version-history":[{"count":3,"href":"https:\/\/www.hotelveniceresort.com\/fr\/wp-json\/wp\/v2\/pages\/1542\/revisions"}],"predecessor-version":[{"id":2147,"href":"https:\/\/www.hotelveniceresort.com\/fr\/wp-json\/wp\/v2\/pages\/1542\/revisions\/2147"}],"wp:featuredmedia":[{"embeddable":true,"href":"https:\/\/www.hotelveniceresort.com\/fr\/wp-json\/wp\/v2\/media\/1380"}],"wp:attachment":[{"href":"https:\/\/www.hotelveniceresort.com\/fr\/wp-json\/wp\/v2\/media?parent=1542"}],"curies":[{"name":"wp","href":"https:\/\/api.w.org\/{rel}","templated":true}]}}