{"id":1999,"date":"2021-11-05T10:47:18","date_gmt":"2021-11-05T09:47:18","guid":{"rendered":"https:\/\/www.hotelveniceresort.com\/crociere\/"},"modified":"2021-12-06T15:19:18","modified_gmt":"2021-12-06T14:19:18","slug":"croisieres","status":"publish","type":"page","link":"https:\/\/www.hotelveniceresort.com\/fr\/croisieres\/","title":{"rendered":"Croisi\u00e8res"},"content":{"rendered":"<div  class=\"grids-section grids-is-advanced alignfull\" style=\"--_gs-gap-desktop:0px 0px;--_gs-m-desktop:0 0 0 0;--_gs-p-desktop:0 0 0 0;--_gs-bg-desktop:transparent none;--_gs-bg-xp-desktop:0px;--_gs-zi-desktop:auto;--_gs-d-desktop:block;--_gs-mw-desktop:calc(100% - 0 - 0);--_gs-gap-tablet:0px 0px;--_gs-m-tablet:0 0 0 0;--_gs-p-tablet:0 0 0 0;--_gs-bg-tablet:transparent none;--_gs-bg-xp-tablet:0px;--_gs-zi-tablet:auto;--_gs-d-tablet:block;--_gs-mw-tablet:calc(100% - 0 - 0);--_gs-gap-mobile:0px 0px;--_gs-m-mobile:0 0 0 0;--_gs-p-mobile:0 0 0 0;--_gs-bg-mobile:transparent none;--_gs-bg-xp-mobile:0px;--_gs-zi-mobile:auto;--_gs-d-mobile:block;--_gs-mw-mobile:calc(100% - 0 - 0);--_gs-columns:12;--_gs-rows:6\"><div class=\"grids-s-w_i\">\n<div class=\"grids-area\" style=\"--_ga-column:2\/12;--_ga-row:1\/7;--_ga-m-desktop:0 0 0 0;--_ga-p-desktop:0 0 0 0;--_ga-bg-desktop:transparent none;--_ga-zi-desktop:auto;--_ga-d-desktop:flex;--_ga-mw-desktop:calc(100% - 0 - 0);--_ga-m-tablet:0 0 0 0;--_ga-p-tablet:0 0 0 0;--_ga-bg-tablet:transparent none;--_ga-zi-tablet:auto;--_ga-d-tablet:flex;--_ga-mw-tablet:calc(100% - 0 - 0);--_ga-m-mobile:0 0 0 0;--_ga-p-mobile:0 0 0 0;--_ga-bg-mobile:transparent none;--_ga-zi-mobile:auto;--_ga-d-mobile:flex;--_ga-mw-mobile:calc(100% - 0 - 0)\">\n\n<h2 class=\"wp-block-heading\"><strong>H\u00f4tel pr\u00e8s du quai d\u2019embarquement des croisi\u00e8res<\/strong><\/h2>\n\n\n\n<p>Les plus importantes compagnies de navires de croisi\u00e8re ont comme port de d\u00e9part celui de Venise.<\/p>\n\n\n\n<p>Du port maritime partent de merveilleuses croisi\u00e8res pour :<\/p>\n\n\n\n<ul class=\"wp-block-list\"><li>La Gr\u00e8ce,<\/li><li>La Croatie,<\/li><li>La Slov\u00e9nie,<\/li><li>La Turquie et<\/li><li>Malta.<\/li><\/ul>\n\n\n\n<p>Et pour les plus chanceux disposant de longues vacances, on trouvera aussi les longues croisi\u00e8res pour les Cara\u00efbes, le Br\u00e9sil, l&rsquo;Australie, les \u00c9tats-Unis.<\/p>\n\n<\/div>\n<\/div><\/div>\n\n<div  class=\"grids-section grids-is-advanced alignfull\" style=\"--_gs-gap-desktop:0px 0px;--_gs-m-desktop:0 0 0 0;--_gs-p-desktop:0 0 0 0;--_gs-bg-desktop:transparent none;--_gs-bg-xp-desktop:0px;--_gs-zi-desktop:auto;--_gs-d-desktop:block;--_gs-mw-desktop:calc(100% - 0 - 0);--_gs-gap-tablet:0px 0px;--_gs-m-tablet:0 0 0 0;--_gs-p-tablet:0 0 0 0;--_gs-bg-tablet:transparent none;--_gs-bg-xp-tablet:0px;--_gs-zi-tablet:auto;--_gs-d-tablet:block;--_gs-mw-tablet:calc(100% - 0 - 0);--_gs-gap-mobile:0px 0px;--_gs-m-mobile:0 0 0 0;--_gs-p-mobile:0 0 0 0;--_gs-bg-mobile:transparent none;--_gs-bg-xp-mobile:0px;--_gs-zi-mobile:auto;--_gs-d-mobile:block;--_gs-mw-mobile:calc(100% - 0 - 0);--_gs-columns:12;--_gs-rows:6\"><div class=\"grids-s-w_i\">\n<div class=\"grids-area\" style=\"--_ga-column:2\/6;--_ga-row:1\/7;--_ga-m-desktop:0 0 0 0;--_ga-p-desktop:0 0 0 0;--_ga-bg-desktop:transparent none;--_ga-zi-desktop:auto;--_ga-d-desktop:flex;--_ga-mw-desktop:calc(100% - 0 - 0);--_ga-m-tablet:0 0 0 0;--_ga-p-tablet:0 0 0 0;--_ga-bg-tablet:transparent none;--_ga-zi-tablet:auto;--_ga-d-tablet:flex;--_ga-mw-tablet:calc(100% - 0 - 0);--_ga-m-mobile:0 0 0 0;--_ga-p-mobile:0 0 0 0;--_ga-bg-mobile:transparent none;--_ga-zi-mobile:auto;--_ga-d-mobile:flex;--_ga-mw-mobile:calc(100% - 0 - 0)\">\n\n<p>A Venise, le quai d&#8217;embarquement des plus beaux<strong> navires de croisi\u00e8re <\/strong>(COSTA CROCIERE, MSC CROCIERE, OCEAN CRUISES, PRINCESS CRUISES, ROYAL CARRIBEAN, CARNIVAL CRUISE LINES) se trouve au port maritime qui se d\u00e9veloppe sur 9 terminaux.<\/p>\n\n\n\n<p>Le Venice Resort est \u00e0 une distance d\u2019\u00e0 peine 10 km du Terminal Passagers de Venise, et on peut le rejoindre avec :<\/p>\n\n\n\n<ul class=\"wp-block-list\"><li>Notre navette (sur demande, \u00e0 paiement),<\/li><li>Les transports en commun routiers comme le taxi et l\u2019autobus,<\/li><li>Les transports en commun sur eau comme le bateau taxi.<\/li><\/ul>\n\n<\/div>\n\n<div class=\"grids-area\" style=\"--_ga-column:7\/12;--_ga-row:1\/7;--_ga-va:center;--_ga-m-desktop:0 0 0 0;--_ga-p-desktop:0 0 0 0;--_ga-bg-desktop:transparent none;--_ga-zi-desktop:auto;--_ga-d-desktop:flex;--_ga-mw-desktop:calc(100% - 0 - 0);--_ga-m-tablet:0 0 0 0;--_ga-p-tablet:0 0 0 0;--_ga-bg-tablet:transparent none;--_ga-zi-tablet:auto;--_ga-d-tablet:flex;--_ga-mw-tablet:calc(100% - 0 - 0);--_ga-m-mobile:0 0 0 0;--_ga-p-mobile:0 0 0 0;--_ga-bg-mobile:transparent none;--_ga-zi-mobile:auto;--_ga-d-mobile:flex;--_ga-mw-mobile:calc(100% - 0 - 0)\">\n\r\n    <div class=\"custom-gallery-wrapper custom-gallery-wrapper-column-1\">\r\n                <span class=\"enable-fullscreen\" onclick=\"showHideFotorama('custom-gallery_1', 0);\">\r\n            <i class=\"far fa-expand\"><\/i>\r\n        <\/span>\r\n                                        <figure class=\"full-width gallery-wrapper-image gallery-wrapper-image-0\" onclick=\"showHideFotorama('custom-gallery_1', 0);\">\r\n                <img decoding=\"async\" class=\"gallery-wrapper-image-small\" src=\"https:\/\/www.hotelveniceresort.com\/wp-content\/uploads\/2021\/11\/crociere-venice.jpg\">\r\n            <\/figure>\r\n                        <\/div>\r\n\r\n    <div style=\"width:1px;height:1px;position:absolute;\" name=\"fotorama\" id=\"custom-gallery_1\" class=\"fotorama\" data-width=\"100%\"  data-nav=\"thumbs\"  data-allowfullscreen=\"true\" >\r\n                    <img decoding=\"async\" src=\"https:\/\/www.hotelveniceresort.com\/wp-content\/uploads\/2021\/11\/crociere-venice.jpg\" class=\"attachment-full skip-lazy\" \/>\r\n            <\/div>\r\n\r\n\n\n<\/div>\n<\/div><\/div>\n\n<div  class=\"grids-section grids-is-advanced alignfull\" style=\"--_gs-gap-desktop:0px 0px;--_gs-m-desktop:0 0 0 0;--_gs-p-desktop:0 0 0 0;--_gs-bg-desktop:transparent none;--_gs-bg-xp-desktop:0px;--_gs-zi-desktop:auto;--_gs-d-desktop:block;--_gs-mw-desktop:calc(100% - 0 - 0);--_gs-gap-tablet:0px 0px;--_gs-m-tablet:0 0 0 0;--_gs-p-tablet:0 0 0 0;--_gs-bg-tablet:transparent none;--_gs-bg-xp-tablet:0px;--_gs-zi-tablet:auto;--_gs-d-tablet:block;--_gs-mw-tablet:calc(100% - 0 - 0);--_gs-gap-mobile:0px 0px;--_gs-m-mobile:0 0 0 0;--_gs-p-mobile:0 0 0 0;--_gs-bg-mobile:transparent none;--_gs-bg-xp-mobile:0px;--_gs-zi-mobile:auto;--_gs-d-mobile:block;--_gs-mw-mobile:calc(100% - 0 - 0);--_gs-columns:12;--_gs-rows:6\"><div class=\"grids-s-w_i\">\n<div class=\"grids-area\" style=\"--_ga-column:2\/12;--_ga-row:1\/7;--_ga-m-desktop:0 0 0 0;--_ga-p-desktop:0 0 0 0;--_ga-bg-desktop:transparent none;--_ga-zi-desktop:auto;--_ga-d-desktop:flex;--_ga-mw-desktop:calc(100% - 0 - 0);--_ga-m-tablet:0 0 0 0;--_ga-p-tablet:0 0 0 0;--_ga-bg-tablet:transparent none;--_ga-zi-tablet:auto;--_ga-d-tablet:flex;--_ga-mw-tablet:calc(100% - 0 - 0);--_ga-m-mobile:0 0 0 0;--_ga-p-mobile:0 0 0 0;--_ga-bg-mobile:transparent none;--_ga-zi-mobile:auto;--_ga-d-mobile:flex;--_ga-mw-mobile:calc(100% - 0 - 0)\">\n\n<p>L&rsquo;h\u00f4tel Venice Resort, ne se situant qu\u2019\u00e0 <strong>1 km de l\u2019a\u00e9roport<\/strong>, est la r\u00e9ponse id\u00e9ale pour ceux qui arrivent \u00e0 Venise en avion et qui doivent s\u2019embarquer t\u00f4t le lendemain pour leur croisi\u00e8re.<\/p>\n\n\n\n<p>Chez nous vous trouverez un service de <strong>navette de et pour l&rsquo;a\u00e9roport<\/strong>, la tranquillit\u00e9, l\u2019intimit\u00e9 et tous les conforts d\u2019un h\u00f4tel 4 \u00e9toiles, dont les chambres tr\u00e8s confortables, r\u00e9nov\u00e9es et spacieuses, simples, doubles, junior suites, la <strong>Wifi gratuite<\/strong>, une belle v\u00e9randa pour lire ou prendre une boisson, une <strong>salle r\u00e9unions<\/strong>, le service de bicyclettes et une<strong> <a href=\"https:\/\/www.hotelveniceresort.com\/fr\/piscine-exterieure\/\">piscine ext\u00e9rieure<\/a><\/strong>.<\/p>\n\n\n\n<p>Le matin nous servons un abondant <strong><a href=\"https:\/\/www.hotelveniceresort.com\/fr\/prima-colazione\/\">petit d\u00e9jeuner<\/a><\/strong> sucr\u00e9 et sal\u00e9, avec des croissants, des biscuits, des tartes, des flocons de c\u00e9r\u00e9ales, des \u0153ufs, de la charcuterie, des yaourts et de de la confiture pour vous permettre de bien commencer votre journ\u00e9e avec la juste \u00e9nergie. Et si votre croisi\u00e8re part t\u00f4t, vous pourrez aussi demander d\u2019avancer l\u2019heure de votre petit d\u00e9jeuner.<\/p>\n\n<\/div>\n<\/div><\/div>\n\n<div  class=\"grids-section grids-is-advanced alignfull\" style=\"--_gs-gap-desktop:0px 0px;--_gs-m-desktop:0 0 0 0;--_gs-p-desktop:0 0 0 0;--_gs-bg-desktop:transparent none;--_gs-bg-xp-desktop:0px;--_gs-zi-desktop:auto;--_gs-d-desktop:block;--_gs-mw-desktop:calc(100% - 0 - 0);--_gs-gap-tablet:0px 0px;--_gs-m-tablet:0 0 0 0;--_gs-p-tablet:0 0 0 0;--_gs-bg-tablet:transparent none;--_gs-bg-xp-tablet:0px;--_gs-zi-tablet:auto;--_gs-d-tablet:block;--_gs-mw-tablet:calc(100% - 0 - 0);--_gs-gap-mobile:0px 0px;--_gs-m-mobile:0 0 0 0;--_gs-p-mobile:0 0 0 0;--_gs-bg-mobile:transparent none;--_gs-bg-xp-mobile:0px;--_gs-zi-mobile:auto;--_gs-d-mobile:block;--_gs-mw-mobile:calc(100% - 0 - 0);--_gs-columns:12;--_gs-rows:6\"><div class=\"grids-s-w_i\">\n<div class=\"grids-area\" style=\"--_ga-column:2\/12;--_ga-row:1\/7;--_ga-m-desktop:0 0 0 0;--_ga-p-desktop:0 0 0 0;--_ga-bg-desktop:transparent none;--_ga-zi-desktop:auto;--_ga-d-desktop:flex;--_ga-mw-desktop:calc(100% - 0 - 0);--_ga-m-tablet:0 0 0 0;--_ga-p-tablet:0 0 0 0;--_ga-bg-tablet:transparent none;--_ga-zi-tablet:auto;--_ga-d-tablet:flex;--_ga-mw-tablet:calc(100% - 0 - 0);--_ga-m-mobile:0 0 0 0;--_ga-p-mobile:0 0 0 0;--_ga-bg-mobile:transparent none;--_ga-zi-mobile:auto;--_ga-d-mobile:flex;--_ga-mw-mobile:calc(100% - 0 - 0)\">\n\n<h2 class=\"wp-block-heading\">Vous pourriez aussi \u00eatre int\u00e9ress\u00e9 \u2026<\/h2>\n\n\n\r\n    <div class=\"related-pages-container\">\r\n                                 <div class=\"single-related-page-container\">\r\n                <a href=\"https:\/\/www.hotelveniceresort.com\/fr\/prima-colazione\/\">\r\n                    <figure class=\"full-width\">\r\n                        <img decoding=\"async\" src=\"https:\/\/www.hotelveniceresort.com\/wp-content\/uploads\/2021\/11\/colazione-venice.jpg\" \/>\r\n                    <\/figure>\r\n                <\/a>\r\n                <a href=\"https:\/\/www.hotelveniceresort.com\/fr\/prima-colazione\/\">\r\n                    <h3 class=\"related-page-title\">\r\n                        Petit d\u00e9jeuner                    <\/h3>\r\n                <\/a>\r\n                <a href=\"https:\/\/www.hotelveniceresort.com\/fr\/prima-colazione\/\" class=\"btn btn-center\">\r\n                    D\u00e9couvrir plus                <\/a>\r\n            <\/div>\r\n                                 <div class=\"single-related-page-container\">\r\n                <a href=\"https:\/\/www.hotelveniceresort.com\/fr\/offres\/\">\r\n                    <figure class=\"full-width\">\r\n                        <img decoding=\"async\" src=\"https:\/\/www.hotelveniceresort.com\/wp-content\/uploads\/2021\/11\/offerte-venice-banner.jpg\" \/>\r\n                    <\/figure>\r\n                <\/a>\r\n                <a href=\"https:\/\/www.hotelveniceresort.com\/fr\/offres\/\">\r\n                    <h3 class=\"related-page-title\">\r\n                        Offres                    <\/h3>\r\n                <\/a>\r\n                <a href=\"https:\/\/www.hotelveniceresort.com\/fr\/offres\/\" class=\"btn btn-center\">\r\n                    D\u00e9couvrir plus                <\/a>\r\n            <\/div>\r\n                                 <div class=\"single-related-page-container\">\r\n                <a href=\"https:\/\/www.hotelveniceresort.com\/fr\/hotel\/\">\r\n                    <figure class=\"full-width\">\r\n                        <img decoding=\"async\" src=\"https:\/\/www.hotelveniceresort.com\/wp-content\/uploads\/2021\/10\/singolo-servizio-giardino.jpg\" \/>\r\n                    <\/figure>\r\n                <\/a>\r\n                <a href=\"https:\/\/www.hotelveniceresort.com\/fr\/hotel\/\">\r\n                    <h3 class=\"related-page-title\">\r\n                        H\u00f4tel                    <\/h3>\r\n                <\/a>\r\n                <a href=\"https:\/\/www.hotelveniceresort.com\/fr\/hotel\/\" class=\"btn btn-center\">\r\n                    D\u00e9couvrir plus                <\/a>\r\n            <\/div>\r\n            <\/div>\r\n\n\n<\/div>\n<\/div><\/div>","protected":false},"excerpt":{"rendered":"","protected":false},"author":2,"featured_media":1421,"parent":0,"menu_order":0,"comment_status":"closed","ping_status":"closed","template":"","meta":{"_acf_changed":false,"advgb_blocks_editor_width":"","advgb_blocks_columns_visual_guide":"","footnotes":""},"class_list":["post-1999","page","type-page","status-publish","has-post-thumbnail","hentry","entry"],"acf":[],"yoast_head":"<!-- This site is optimized with the Yoast SEO plugin v25.3.1 - https:\/\/yoast.com\/wordpress\/plugins\/seo\/ -->\n<title>Croisi\u00e8res - Venice Resort<\/title>\n<meta name=\"description\" content=\"L&#039;h\u00f4tel Venice Resort, ne se situant qu\u2019\u00e0 1 km de l\u2019a\u00e9roport, est la r\u00e9ponse id\u00e9ale pour ceux qui arrivent \u00e0 Venise en avion et qui doivent s\u2019embarquer t\u00f4t le lendemain pour leur croisi\u00e8re.\" \/>\n<meta name=\"robots\" content=\"index, follow, max-snippet:-1, max-image-preview:large, max-video-preview:-1\" \/>\n<link rel=\"canonical\" href=\"https:\/\/www.hotelveniceresort.com\/fr\/croisieres\/\" \/>\n<meta property=\"og:locale\" content=\"fr_FR\" \/>\n<meta property=\"og:type\" content=\"article\" \/>\n<meta property=\"og:title\" content=\"Croisi\u00e8res - Venice Resort\" \/>\n<meta property=\"og:description\" content=\"L&#039;h\u00f4tel Venice Resort, ne se situant qu\u2019\u00e0 1 km de l\u2019a\u00e9roport, est la r\u00e9ponse id\u00e9ale pour ceux qui arrivent \u00e0 Venise en avion et qui doivent s\u2019embarquer t\u00f4t le lendemain pour leur croisi\u00e8re.\" \/>\n<meta property=\"og:url\" content=\"https:\/\/www.hotelveniceresort.com\/fr\/croisieres\/\" \/>\n<meta property=\"og:site_name\" content=\"Venice Resort\" \/>\n<meta property=\"article:modified_time\" content=\"2021-12-06T14:19:18+00:00\" \/>\n<meta property=\"og:image\" content=\"https:\/\/www.hotelveniceresort.com\/wp-content\/uploads\/2021\/11\/crociera-venice-resort.jpg\" \/>\n\t<meta property=\"og:image:width\" content=\"1200\" \/>\n\t<meta property=\"og:image:height\" content=\"800\" \/>\n\t<meta property=\"og:image:type\" content=\"image\/jpeg\" \/>\n<meta name=\"twitter:card\" content=\"summary_large_image\" \/>\n<meta name=\"twitter:label1\" content=\"Dur\u00e9e de lecture estim\u00e9e\" \/>\n\t<meta name=\"twitter:data1\" content=\"2 minutes\" \/>\n<script type=\"application\/ld+json\" class=\"yoast-schema-graph\">{\"@context\":\"https:\/\/schema.org\",\"@graph\":[{\"@type\":\"WebPage\",\"@id\":\"https:\/\/www.hotelveniceresort.com\/fr\/croisieres\/\",\"url\":\"https:\/\/www.hotelveniceresort.com\/fr\/croisieres\/\",\"name\":\"Croisi\u00e8res - Venice Resort\",\"isPartOf\":{\"@id\":\"https:\/\/www.hotelveniceresort.com\/fr\/#website\"},\"primaryImageOfPage\":{\"@id\":\"https:\/\/www.hotelveniceresort.com\/fr\/croisieres\/#primaryimage\"},\"image\":{\"@id\":\"https:\/\/www.hotelveniceresort.com\/fr\/croisieres\/#primaryimage\"},\"thumbnailUrl\":\"https:\/\/www.hotelveniceresort.com\/wp-content\/uploads\/2021\/11\/crociera-venice-resort.jpg\",\"datePublished\":\"2021-11-05T09:47:18+00:00\",\"dateModified\":\"2021-12-06T14:19:18+00:00\",\"description\":\"L'h\u00f4tel Venice Resort, ne se situant qu\u2019\u00e0 1 km de l\u2019a\u00e9roport, est la r\u00e9ponse id\u00e9ale pour ceux qui arrivent \u00e0 Venise en avion et qui doivent s\u2019embarquer t\u00f4t le lendemain pour leur croisi\u00e8re.\",\"breadcrumb\":{\"@id\":\"https:\/\/www.hotelveniceresort.com\/fr\/croisieres\/#breadcrumb\"},\"inLanguage\":\"fr-FR\",\"potentialAction\":[{\"@type\":\"ReadAction\",\"target\":[\"https:\/\/www.hotelveniceresort.com\/fr\/croisieres\/\"]}]},{\"@type\":\"ImageObject\",\"inLanguage\":\"fr-FR\",\"@id\":\"https:\/\/www.hotelveniceresort.com\/fr\/croisieres\/#primaryimage\",\"url\":\"https:\/\/www.hotelveniceresort.com\/wp-content\/uploads\/2021\/11\/crociera-venice-resort.jpg\",\"contentUrl\":\"https:\/\/www.hotelveniceresort.com\/wp-content\/uploads\/2021\/11\/crociera-venice-resort.jpg\",\"width\":1200,\"height\":800,\"caption\":\"Traveler in airport terminal. Young man with luggage waiting for airplane.\"},{\"@type\":\"BreadcrumbList\",\"@id\":\"https:\/\/www.hotelveniceresort.com\/fr\/croisieres\/#breadcrumb\",\"itemListElement\":[{\"@type\":\"ListItem\",\"position\":1,\"name\":\"Home\",\"item\":\"https:\/\/www.hotelveniceresort.com\/fr\/\"},{\"@type\":\"ListItem\",\"position\":2,\"name\":\"Croisi\u00e8res\"}]},{\"@type\":\"WebSite\",\"@id\":\"https:\/\/www.hotelveniceresort.com\/fr\/#website\",\"url\":\"https:\/\/www.hotelveniceresort.com\/fr\/\",\"name\":\"Venice Resort\",\"description\":\"\",\"publisher\":{\"@id\":\"https:\/\/www.hotelveniceresort.com\/fr\/#organization\"},\"potentialAction\":[{\"@type\":\"SearchAction\",\"target\":{\"@type\":\"EntryPoint\",\"urlTemplate\":\"https:\/\/www.hotelveniceresort.com\/fr\/?s={search_term_string}\"},\"query-input\":{\"@type\":\"PropertyValueSpecification\",\"valueRequired\":true,\"valueName\":\"search_term_string\"}}],\"inLanguage\":\"fr-FR\"},{\"@type\":\"Organization\",\"@id\":\"https:\/\/www.hotelveniceresort.com\/fr\/#organization\",\"name\":\"Venice Resort\",\"url\":\"https:\/\/www.hotelveniceresort.com\/fr\/\",\"logo\":{\"@type\":\"ImageObject\",\"inLanguage\":\"fr-FR\",\"@id\":\"https:\/\/www.hotelveniceresort.com\/fr\/#\/schema\/logo\/image\/\",\"url\":\"https:\/\/www.hotelveniceresort.com\/wp-content\/uploads\/2021\/10\/logo.png\",\"contentUrl\":\"https:\/\/www.hotelveniceresort.com\/wp-content\/uploads\/2021\/10\/logo.png\",\"width\":215,\"height\":78,\"caption\":\"Venice Resort\"},\"image\":{\"@id\":\"https:\/\/www.hotelveniceresort.com\/fr\/#\/schema\/logo\/image\/\"}}]}<\/script>\n<!-- \/ Yoast SEO plugin. -->","yoast_head_json":{"title":"Croisi\u00e8res - Venice Resort","description":"L'h\u00f4tel Venice Resort, ne se situant qu\u2019\u00e0 1 km de l\u2019a\u00e9roport, est la r\u00e9ponse id\u00e9ale pour ceux qui arrivent \u00e0 Venise en avion et qui doivent s\u2019embarquer t\u00f4t le lendemain pour leur croisi\u00e8re.","robots":{"index":"index","follow":"follow","max-snippet":"max-snippet:-1","max-image-preview":"max-image-preview:large","max-video-preview":"max-video-preview:-1"},"canonical":"https:\/\/www.hotelveniceresort.com\/fr\/croisieres\/","og_locale":"fr_FR","og_type":"article","og_title":"Croisi\u00e8res - Venice Resort","og_description":"L'h\u00f4tel Venice Resort, ne se situant qu\u2019\u00e0 1 km de l\u2019a\u00e9roport, est la r\u00e9ponse id\u00e9ale pour ceux qui arrivent \u00e0 Venise en avion et qui doivent s\u2019embarquer t\u00f4t le lendemain pour leur croisi\u00e8re.","og_url":"https:\/\/www.hotelveniceresort.com\/fr\/croisieres\/","og_site_name":"Venice Resort","article_modified_time":"2021-12-06T14:19:18+00:00","og_image":[{"width":1200,"height":800,"url":"https:\/\/www.hotelveniceresort.com\/wp-content\/uploads\/2021\/11\/crociera-venice-resort.jpg","type":"image\/jpeg"}],"twitter_card":"summary_large_image","twitter_misc":{"Dur\u00e9e de lecture estim\u00e9e":"2 minutes"},"schema":{"@context":"https:\/\/schema.org","@graph":[{"@type":"WebPage","@id":"https:\/\/www.hotelveniceresort.com\/fr\/croisieres\/","url":"https:\/\/www.hotelveniceresort.com\/fr\/croisieres\/","name":"Croisi\u00e8res - Venice Resort","isPartOf":{"@id":"https:\/\/www.hotelveniceresort.com\/fr\/#website"},"primaryImageOfPage":{"@id":"https:\/\/www.hotelveniceresort.com\/fr\/croisieres\/#primaryimage"},"image":{"@id":"https:\/\/www.hotelveniceresort.com\/fr\/croisieres\/#primaryimage"},"thumbnailUrl":"https:\/\/www.hotelveniceresort.com\/wp-content\/uploads\/2021\/11\/crociera-venice-resort.jpg","datePublished":"2021-11-05T09:47:18+00:00","dateModified":"2021-12-06T14:19:18+00:00","description":"L'h\u00f4tel Venice Resort, ne se situant qu\u2019\u00e0 1 km de l\u2019a\u00e9roport, est la r\u00e9ponse id\u00e9ale pour ceux qui arrivent \u00e0 Venise en avion et qui doivent s\u2019embarquer t\u00f4t le lendemain pour leur croisi\u00e8re.","breadcrumb":{"@id":"https:\/\/www.hotelveniceresort.com\/fr\/croisieres\/#breadcrumb"},"inLanguage":"fr-FR","potentialAction":[{"@type":"ReadAction","target":["https:\/\/www.hotelveniceresort.com\/fr\/croisieres\/"]}]},{"@type":"ImageObject","inLanguage":"fr-FR","@id":"https:\/\/www.hotelveniceresort.com\/fr\/croisieres\/#primaryimage","url":"https:\/\/www.hotelveniceresort.com\/wp-content\/uploads\/2021\/11\/crociera-venice-resort.jpg","contentUrl":"https:\/\/www.hotelveniceresort.com\/wp-content\/uploads\/2021\/11\/crociera-venice-resort.jpg","width":1200,"height":800,"caption":"Traveler in airport terminal. Young man with luggage waiting for airplane."},{"@type":"BreadcrumbList","@id":"https:\/\/www.hotelveniceresort.com\/fr\/croisieres\/#breadcrumb","itemListElement":[{"@type":"ListItem","position":1,"name":"Home","item":"https:\/\/www.hotelveniceresort.com\/fr\/"},{"@type":"ListItem","position":2,"name":"Croisi\u00e8res"}]},{"@type":"WebSite","@id":"https:\/\/www.hotelveniceresort.com\/fr\/#website","url":"https:\/\/www.hotelveniceresort.com\/fr\/","name":"Venice Resort","description":"","publisher":{"@id":"https:\/\/www.hotelveniceresort.com\/fr\/#organization"},"potentialAction":[{"@type":"SearchAction","target":{"@type":"EntryPoint","urlTemplate":"https:\/\/www.hotelveniceresort.com\/fr\/?s={search_term_string}"},"query-input":{"@type":"PropertyValueSpecification","valueRequired":true,"valueName":"search_term_string"}}],"inLanguage":"fr-FR"},{"@type":"Organization","@id":"https:\/\/www.hotelveniceresort.com\/fr\/#organization","name":"Venice Resort","url":"https:\/\/www.hotelveniceresort.com\/fr\/","logo":{"@type":"ImageObject","inLanguage":"fr-FR","@id":"https:\/\/www.hotelveniceresort.com\/fr\/#\/schema\/logo\/image\/","url":"https:\/\/www.hotelveniceresort.com\/wp-content\/uploads\/2021\/10\/logo.png","contentUrl":"https:\/\/www.hotelveniceresort.com\/wp-content\/uploads\/2021\/10\/logo.png","width":215,"height":78,"caption":"Venice Resort"},"image":{"@id":"https:\/\/www.hotelveniceresort.com\/fr\/#\/schema\/logo\/image\/"}}]}},"coauthors":[],"author_meta":{"author_link":"https:\/\/www.hotelveniceresort.com\/fr\/author\/v3n1c3-r3s0r5\/","display_name":"v3n1c3-r3s0r5"},"relative_dates":{"created":"Publi\u00e9 5 ans il y a","modified":"Mis \u00e0 jour 4 ans il y a"},"absolute_dates":{"created":"Publi\u00e9 le novembre 5, 2021","modified":"Mise \u00e0 jour le d\u00e9cembre 6, 2021"},"absolute_dates_time":{"created":"Publi\u00e9 le novembre 5, 2021 10:47 am","modified":"Mise \u00e0 jour le d\u00e9cembre 6, 2021 3:19 pm"},"featured_img_caption":"Traveler in airport terminal. Young man with luggage waiting for airplane.","featured_img":"https:\/\/www.hotelveniceresort.com\/wp-content\/uploads\/2021\/11\/crociera-venice-resort.jpg","series_order":"","_links":{"self":[{"href":"https:\/\/www.hotelveniceresort.com\/fr\/wp-json\/wp\/v2\/pages\/1999","targetHints":{"allow":["GET"]}}],"collection":[{"href":"https:\/\/www.hotelveniceresort.com\/fr\/wp-json\/wp\/v2\/pages"}],"about":[{"href":"https:\/\/www.hotelveniceresort.com\/fr\/wp-json\/wp\/v2\/types\/page"}],"author":[{"embeddable":true,"href":"https:\/\/www.hotelveniceresort.com\/fr\/wp-json\/wp\/v2\/users\/2"}],"replies":[{"embeddable":true,"href":"https:\/\/www.hotelveniceresort.com\/fr\/wp-json\/wp\/v2\/comments?post=1999"}],"version-history":[{"count":3,"href":"https:\/\/www.hotelveniceresort.com\/fr\/wp-json\/wp\/v2\/pages\/1999\/revisions"}],"predecessor-version":[{"id":2105,"href":"https:\/\/www.hotelveniceresort.com\/fr\/wp-json\/wp\/v2\/pages\/1999\/revisions\/2105"}],"wp:featuredmedia":[{"embeddable":true,"href":"https:\/\/www.hotelveniceresort.com\/fr\/wp-json\/wp\/v2\/media\/1421"}],"wp:attachment":[{"href":"https:\/\/www.hotelveniceresort.com\/fr\/wp-json\/wp\/v2\/media?parent=1999"}],"curies":[{"name":"wp","href":"https:\/\/api.w.org\/{rel}","templated":true}]}}