{"id":2024,"date":"2021-11-06T08:05:57","date_gmt":"2021-11-06T07:05:57","guid":{"rendered":"https:\/\/www.hotelveniceresort.com\/hotel-aeroporto-venezia-tessera-con-bus-navetta-e-parcheggio-gratuito\/"},"modified":"2021-12-06T15:27:15","modified_gmt":"2021-12-06T14:27:15","slug":"hotel-aeroport-venise-tessera-avec-bus-navette-et-parking-gratuit","status":"publish","type":"page","link":"https:\/\/www.hotelveniceresort.com\/fr\/hotel-aeroport-venise-tessera-avec-bus-navette-et-parking-gratuit\/","title":{"rendered":"H\u00f4tel a\u00e9roport Venise Tessera avec bus navette et parking gratuit"},"content":{"rendered":"<div  class=\"grids-section grids-is-advanced alignfull\" style=\"--_gs-gap-desktop:0px 0px;--_gs-m-desktop:0 0 0 0;--_gs-p-desktop:0 0 0 0;--_gs-bg-desktop:transparent none;--_gs-bg-xp-desktop:0px;--_gs-zi-desktop:auto;--_gs-d-desktop:block;--_gs-mw-desktop:calc(100% - 0 - 0);--_gs-gap-tablet:0px 0px;--_gs-m-tablet:0 0 0 0;--_gs-p-tablet:0 0 0 0;--_gs-bg-tablet:transparent none;--_gs-bg-xp-tablet:0px;--_gs-zi-tablet:auto;--_gs-d-tablet:block;--_gs-mw-tablet:calc(100% - 0 - 0);--_gs-gap-mobile:0px 0px;--_gs-m-mobile:0 0 0 0;--_gs-p-mobile:0 0 0 0;--_gs-bg-mobile:transparent none;--_gs-bg-xp-mobile:0px;--_gs-zi-mobile:auto;--_gs-d-mobile:block;--_gs-mw-mobile:calc(100% - 0 - 0);--_gs-columns:12;--_gs-rows:6\"><div class=\"grids-s-w_i\">\n<div class=\"grids-area\" style=\"--_ga-column:2\/12;--_ga-row:1\/7;--_ga-m-desktop:0 0 0 0;--_ga-p-desktop:0 0 0 0;--_ga-bg-desktop:transparent none;--_ga-zi-desktop:auto;--_ga-d-desktop:flex;--_ga-mw-desktop:calc(100% - 0 - 0);--_ga-m-tablet:0 0 0 0;--_ga-p-tablet:0 0 0 0;--_ga-bg-tablet:transparent none;--_ga-zi-tablet:auto;--_ga-d-tablet:flex;--_ga-mw-tablet:calc(100% - 0 - 0);--_ga-m-mobile:0 0 0 0;--_ga-p-mobile:0 0 0 0;--_ga-bg-mobile:transparent none;--_ga-zi-mobile:auto;--_ga-d-mobile:flex;--_ga-mw-mobile:calc(100% - 0 - 0)\">\n\n<p><strong>Venice Resort<\/strong> est un <strong>h\u00f4tel <\/strong>exclusif<strong> pr\u00e8s de l\u2019a\u00e9roport de Venise Tessera <\/strong>qui enchante sa client\u00e8le pour ses caract\u00e9ristiques en termes de :<\/p>\n\n\n\n<ul class=\"wp-block-list\"><li>Hospitalit\u00e9,<\/li><li>Position,<\/li><li>Attention aux d\u00e9tails et<\/li><li>Qualit\u00e9 et efficacit\u00e9 des propres services.<\/li><\/ul>\n\n\n\n<p>Une <strong>demeure romantique,<\/strong> un h\u00f4tel aux int\u00e9rieurs spacieux et au design moderne en style V\u00e9nitien, plong\u00e9e dans la nature \u00e0 deux pas de la ville la plus romantique du monde. &nbsp;Nous avons uni la singularit\u00e9 des lieux \u00e0 l\u2019\u00e9l\u00e9gance et au charme d\u2019un <strong>h\u00f4tel 4 \u00e9toiles<\/strong>, \u00e0 une vaste et confortable salle de r\u00e9union, id\u00e9ale pour des \u00e9v\u00e8nements et des congr\u00e8s pr\u00e8s du centre historique et bien connect\u00e9e \u00e0 l\u2019a\u00e9roport, pour vous offrir une position de classe diff\u00e9rente des autres, id\u00e9ale pour un weekend romantique, mais aussi pour accueillir des \u00e9v\u00e8nements d\u2019affaires, du business lunch aux congr\u00e8s de plusieurs jours.<\/p>\n\n\n\n<h3 class=\"wp-block-heading\"><a><\/a><strong>POSITION<\/strong><\/h3>\n\n\n\n<p>Gr\u00e2ce \u00e0 l\u2019h\u00f4tel Venice Resort, situ\u00e9 \u00e0 seulement <strong>1 kilom\u00e8tre de l\u2019a\u00e9roport international Marco Polo de Tessera,<\/strong> dormir pr\u00e8s de Venise n\u2019est plus un probl\u00e8me.<\/p>\n\n\n\n<p>L\u2019h\u00f4tel repr\u00e9sente certainement la <strong>juste solution, <\/strong>du point de vue de la qualit\u00e9 comme du point de vue <strong>\u00e9conomique.<\/strong> Excellent point de d\u00e9part pour d\u00e9couvrir Venise et rejoindre, au beau milieu des suggestives ruelles, le Pont de Rialto et la Place Saint Marco, l\u2019h\u00f4tel est facilement accessible \u00e0 partir de l\u2019a\u00e9roport soit en taxi soit avec l\u2019autobus de ligne (num\u00e9ro 45 ou num\u00e9ro 15). Le service de transfert pour l\u2019a\u00e9roport est disponible en le r\u00e9servant aussi directement \u00e0 la r\u00e9ception.<\/p>\n\n\n\n<h3 class=\"wp-block-heading\"><a><\/a><strong>SERVICES<\/strong><\/h3>\n\n\n\n<p><strong>L\u2019h\u00f4tel a\u00e9roport Venise Tessera Venice Resort<\/strong> dispose de <strong>34 chambres et junior suites<\/strong> climatis\u00e9es et distribu\u00e9es en trois structures distinctes, l\u2019une \u00e0 c\u00f4t\u00e9 de l\u2019autre et plong\u00e9es dans la nature, am\u00e9nag\u00e9es avec soin et dot\u00e9es de salle de bain priv\u00e9e avec douche et s\u00e8che-cheveux et de tous les conforts pr\u00e9vus par sa cat\u00e9gorie d\u2019appartenance, avec notamment l\u2019acc\u00e8s internet et la Wifi gratuite.<\/p>\n\n\n\n<p>L\u2019h\u00f4tel fournit aussi \u00e0 sa client\u00e8le la <strong>possibilit\u00e9 de programmer des congr\u00e8s et des \u00e9v\u00e8nements <\/strong>dans des espaces consacr\u00e9s<strong>, en garantissant aussi le service de restauration professionnelle.<\/strong> \u00c0 nos clients Vip, comme vous, \u00e0 leur d\u00e9part ou \u00e0 leur arriv\u00e9e \u00e0 Venise, nous donnons en plus l\u2019opportunit\u00e9 d\u2019un vol sur la lagune ou de transferts vers Milan, Cortine ou d\u2019autres destinations en <a href=\"https:\/\/www.hotelveniceresort.com\/fr\/tour-en-helicoptere\/\">h\u00e9licopt\u00e8re<\/a>.<\/p>\n\n<\/div>\n<\/div><\/div>\n\n<div  class=\"grids-section grids-is-advanced alignfull\" style=\"--_gs-gap-desktop:0px 0px;--_gs-m-desktop:0 0 0 0;--_gs-p-desktop:0 0 0 0;--_gs-bg-desktop:transparent none;--_gs-bg-xp-desktop:0px;--_gs-zi-desktop:auto;--_gs-d-desktop:block;--_gs-mw-desktop:calc(100% - 0 - 0);--_gs-gap-tablet:0px 0px;--_gs-m-tablet:0 0 0 0;--_gs-p-tablet:0 0 0 0;--_gs-bg-tablet:transparent none;--_gs-bg-xp-tablet:0px;--_gs-zi-tablet:auto;--_gs-d-tablet:block;--_gs-mw-tablet:calc(100% - 0 - 0);--_gs-gap-mobile:0px 0px;--_gs-m-mobile:0 0 0 0;--_gs-p-mobile:0 0 0 0;--_gs-bg-mobile:transparent none;--_gs-bg-xp-mobile:0px;--_gs-zi-mobile:auto;--_gs-d-mobile:block;--_gs-mw-mobile:calc(100% - 0 - 0);--_gs-columns:12;--_gs-rows:6\"><div class=\"grids-s-w_i\">\n<div class=\"grids-area\" style=\"--_ga-column:2\/12;--_ga-row:1\/7;--_ga-m-desktop:0 0 0 0;--_ga-p-desktop:0 0 0 0;--_ga-bg-desktop:transparent none;--_ga-zi-desktop:auto;--_ga-d-desktop:flex;--_ga-mw-desktop:calc(100% - 0 - 0);--_ga-m-tablet:0 0 0 0;--_ga-p-tablet:0 0 0 0;--_ga-bg-tablet:transparent none;--_ga-zi-tablet:auto;--_ga-d-tablet:flex;--_ga-mw-tablet:calc(100% - 0 - 0);--_ga-m-mobile:0 0 0 0;--_ga-p-mobile:0 0 0 0;--_ga-bg-mobile:transparent none;--_ga-zi-mobile:auto;--_ga-d-mobile:flex;--_ga-mw-mobile:calc(100% - 0 - 0)\">\n\n<h2 class=\"wp-block-heading\">Vous pourriez aussi \u00eatre int\u00e9ress\u00e9 \u2026<\/h2>\n\n\n\r\n    <div class=\"related-pages-container\">\r\n                                 <div class=\"single-related-page-container\">\r\n                <a href=\"https:\/\/www.hotelveniceresort.com\/fr\/chambres\/\">\r\n                    <figure class=\"full-width\">\r\n                        <img decoding=\"async\" src=\"https:\/\/www.hotelveniceresort.com\/wp-content\/uploads\/2021\/11\/camere-banner.jpg\" \/>\r\n                    <\/figure>\r\n                <\/a>\r\n                <a href=\"https:\/\/www.hotelveniceresort.com\/fr\/chambres\/\">\r\n                    <h3 class=\"related-page-title\">\r\n                        Chambres                    <\/h3>\r\n                <\/a>\r\n                <a href=\"https:\/\/www.hotelveniceresort.com\/fr\/chambres\/\" class=\"btn btn-center\">\r\n                    D\u00e9couvrir plus                <\/a>\r\n            <\/div>\r\n                                 <div class=\"single-related-page-container\">\r\n                <a href=\"https:\/\/www.hotelveniceresort.com\/fr\/offres\/\">\r\n                    <figure class=\"full-width\">\r\n                        <img decoding=\"async\" src=\"https:\/\/www.hotelveniceresort.com\/wp-content\/uploads\/2021\/11\/offerte-venice-banner.jpg\" \/>\r\n                    <\/figure>\r\n                <\/a>\r\n                <a href=\"https:\/\/www.hotelveniceresort.com\/fr\/offres\/\">\r\n                    <h3 class=\"related-page-title\">\r\n                        Offres                    <\/h3>\r\n                <\/a>\r\n                <a href=\"https:\/\/www.hotelveniceresort.com\/fr\/offres\/\" class=\"btn btn-center\">\r\n                    D\u00e9couvrir plus                <\/a>\r\n            <\/div>\r\n                                 <div class=\"single-related-page-container\">\r\n                <a href=\"https:\/\/www.hotelveniceresort.com\/fr\/bus-navette\/\">\r\n                    <figure class=\"full-width\">\r\n                        <img decoding=\"async\" src=\"https:\/\/www.hotelveniceresort.com\/wp-content\/uploads\/2021\/11\/bus-navetta-venice-resort.jpg\" \/>\r\n                    <\/figure>\r\n                <\/a>\r\n                <a href=\"https:\/\/www.hotelveniceresort.com\/fr\/bus-navette\/\">\r\n                    <h3 class=\"related-page-title\">\r\n                        Bus navette                    <\/h3>\r\n                <\/a>\r\n                <a href=\"https:\/\/www.hotelveniceresort.com\/fr\/bus-navette\/\" class=\"btn btn-center\">\r\n                    D\u00e9couvrir plus                <\/a>\r\n            <\/div>\r\n            <\/div>\r\n\n\n<\/div>\n<\/div><\/div>","protected":false},"excerpt":{"rendered":"","protected":false},"author":2,"featured_media":1397,"parent":0,"menu_order":0,"comment_status":"closed","ping_status":"closed","template":"","meta":{"_acf_changed":false,"advgb_blocks_editor_width":"","advgb_blocks_columns_visual_guide":"","footnotes":""},"class_list":["post-2024","page","type-page","status-publish","has-post-thumbnail","hentry","entry"],"acf":[],"yoast_head":"<!-- This site is optimized with the Yoast SEO plugin v25.3.1 - https:\/\/yoast.com\/wordpress\/plugins\/seo\/ -->\n<title>H\u00f4tel a\u00e9roport Venise Tessera avec bus navette et parking gratuit - Venice Resort<\/title>\n<meta name=\"description\" content=\"L\u2019accueil, le soin des d\u00e9tails, l\u2019\u00e9l\u00e9gance et le confort des chambres, feront de votre s\u00e9jour au Venice Resort un compl\u00e9ment de valeur \u00e0 votre s\u00e9jour dans la splendide ville de Venise.\" \/>\n<meta name=\"robots\" content=\"index, follow, max-snippet:-1, max-image-preview:large, max-video-preview:-1\" \/>\n<link rel=\"canonical\" href=\"https:\/\/www.hotelveniceresort.com\/fr\/hotel-aeroport-venise-tessera-avec-bus-navette-et-parking-gratuit\/\" \/>\n<meta property=\"og:locale\" content=\"fr_FR\" \/>\n<meta property=\"og:type\" content=\"article\" \/>\n<meta property=\"og:title\" content=\"H\u00f4tel a\u00e9roport Venise Tessera avec bus navette et parking gratuit - Venice Resort\" \/>\n<meta property=\"og:description\" content=\"L\u2019accueil, le soin des d\u00e9tails, l\u2019\u00e9l\u00e9gance et le confort des chambres, feront de votre s\u00e9jour au Venice Resort un compl\u00e9ment de valeur \u00e0 votre s\u00e9jour dans la splendide ville de Venise.\" \/>\n<meta property=\"og:url\" content=\"https:\/\/www.hotelveniceresort.com\/fr\/hotel-aeroport-venise-tessera-avec-bus-navette-et-parking-gratuit\/\" \/>\n<meta property=\"og:site_name\" content=\"Venice Resort\" \/>\n<meta property=\"article:modified_time\" content=\"2021-12-06T14:27:15+00:00\" \/>\n<meta property=\"og:image\" content=\"https:\/\/www.hotelveniceresort.com\/wp-content\/uploads\/2021\/11\/bus-navetta-venice-resort.jpg\" \/>\n\t<meta property=\"og:image:width\" content=\"1200\" \/>\n\t<meta property=\"og:image:height\" content=\"800\" \/>\n\t<meta property=\"og:image:type\" content=\"image\/jpeg\" \/>\n<meta name=\"twitter:card\" content=\"summary_large_image\" \/>\n<meta name=\"twitter:label1\" content=\"Dur\u00e9e de lecture estim\u00e9e\" \/>\n\t<meta name=\"twitter:data1\" content=\"2 minutes\" \/>\n<script type=\"application\/ld+json\" class=\"yoast-schema-graph\">{\"@context\":\"https:\/\/schema.org\",\"@graph\":[{\"@type\":\"WebPage\",\"@id\":\"https:\/\/www.hotelveniceresort.com\/fr\/hotel-aeroport-venise-tessera-avec-bus-navette-et-parking-gratuit\/\",\"url\":\"https:\/\/www.hotelveniceresort.com\/fr\/hotel-aeroport-venise-tessera-avec-bus-navette-et-parking-gratuit\/\",\"name\":\"H\u00f4tel a\u00e9roport Venise Tessera avec bus navette et parking gratuit - Venice Resort\",\"isPartOf\":{\"@id\":\"https:\/\/www.hotelveniceresort.com\/fr\/#website\"},\"primaryImageOfPage\":{\"@id\":\"https:\/\/www.hotelveniceresort.com\/fr\/hotel-aeroport-venise-tessera-avec-bus-navette-et-parking-gratuit\/#primaryimage\"},\"image\":{\"@id\":\"https:\/\/www.hotelveniceresort.com\/fr\/hotel-aeroport-venise-tessera-avec-bus-navette-et-parking-gratuit\/#primaryimage\"},\"thumbnailUrl\":\"https:\/\/www.hotelveniceresort.com\/wp-content\/uploads\/2021\/11\/bus-navetta-venice-resort.jpg\",\"datePublished\":\"2021-11-06T07:05:57+00:00\",\"dateModified\":\"2021-12-06T14:27:15+00:00\",\"description\":\"L\u2019accueil, le soin des d\u00e9tails, l\u2019\u00e9l\u00e9gance et le confort des chambres, feront de votre s\u00e9jour au Venice Resort un compl\u00e9ment de valeur \u00e0 votre s\u00e9jour dans la splendide ville de Venise.\",\"breadcrumb\":{\"@id\":\"https:\/\/www.hotelveniceresort.com\/fr\/hotel-aeroport-venise-tessera-avec-bus-navette-et-parking-gratuit\/#breadcrumb\"},\"inLanguage\":\"fr-FR\",\"potentialAction\":[{\"@type\":\"ReadAction\",\"target\":[\"https:\/\/www.hotelveniceresort.com\/fr\/hotel-aeroport-venise-tessera-avec-bus-navette-et-parking-gratuit\/\"]}]},{\"@type\":\"ImageObject\",\"inLanguage\":\"fr-FR\",\"@id\":\"https:\/\/www.hotelveniceresort.com\/fr\/hotel-aeroport-venise-tessera-avec-bus-navette-et-parking-gratuit\/#primaryimage\",\"url\":\"https:\/\/www.hotelveniceresort.com\/wp-content\/uploads\/2021\/11\/bus-navetta-venice-resort.jpg\",\"contentUrl\":\"https:\/\/www.hotelveniceresort.com\/wp-content\/uploads\/2021\/11\/bus-navetta-venice-resort.jpg\",\"width\":1200,\"height\":800,\"caption\":\"Traveler in airport terminal. Young man with luggage waiting for airplane.\"},{\"@type\":\"BreadcrumbList\",\"@id\":\"https:\/\/www.hotelveniceresort.com\/fr\/hotel-aeroport-venise-tessera-avec-bus-navette-et-parking-gratuit\/#breadcrumb\",\"itemListElement\":[{\"@type\":\"ListItem\",\"position\":1,\"name\":\"Home\",\"item\":\"https:\/\/www.hotelveniceresort.com\/fr\/\"},{\"@type\":\"ListItem\",\"position\":2,\"name\":\"H\u00f4tel a\u00e9roport Venise Tessera avec bus navette et parking gratuit\"}]},{\"@type\":\"WebSite\",\"@id\":\"https:\/\/www.hotelveniceresort.com\/fr\/#website\",\"url\":\"https:\/\/www.hotelveniceresort.com\/fr\/\",\"name\":\"Venice Resort\",\"description\":\"\",\"publisher\":{\"@id\":\"https:\/\/www.hotelveniceresort.com\/fr\/#organization\"},\"potentialAction\":[{\"@type\":\"SearchAction\",\"target\":{\"@type\":\"EntryPoint\",\"urlTemplate\":\"https:\/\/www.hotelveniceresort.com\/fr\/?s={search_term_string}\"},\"query-input\":{\"@type\":\"PropertyValueSpecification\",\"valueRequired\":true,\"valueName\":\"search_term_string\"}}],\"inLanguage\":\"fr-FR\"},{\"@type\":\"Organization\",\"@id\":\"https:\/\/www.hotelveniceresort.com\/fr\/#organization\",\"name\":\"Venice Resort\",\"url\":\"https:\/\/www.hotelveniceresort.com\/fr\/\",\"logo\":{\"@type\":\"ImageObject\",\"inLanguage\":\"fr-FR\",\"@id\":\"https:\/\/www.hotelveniceresort.com\/fr\/#\/schema\/logo\/image\/\",\"url\":\"https:\/\/www.hotelveniceresort.com\/wp-content\/uploads\/2021\/10\/logo.png\",\"contentUrl\":\"https:\/\/www.hotelveniceresort.com\/wp-content\/uploads\/2021\/10\/logo.png\",\"width\":215,\"height\":78,\"caption\":\"Venice Resort\"},\"image\":{\"@id\":\"https:\/\/www.hotelveniceresort.com\/fr\/#\/schema\/logo\/image\/\"}}]}<\/script>\n<!-- \/ Yoast SEO plugin. -->","yoast_head_json":{"title":"H\u00f4tel a\u00e9roport Venise Tessera avec bus navette et parking gratuit - Venice Resort","description":"L\u2019accueil, le soin des d\u00e9tails, l\u2019\u00e9l\u00e9gance et le confort des chambres, feront de votre s\u00e9jour au Venice Resort un compl\u00e9ment de valeur \u00e0 votre s\u00e9jour dans la splendide ville de Venise.","robots":{"index":"index","follow":"follow","max-snippet":"max-snippet:-1","max-image-preview":"max-image-preview:large","max-video-preview":"max-video-preview:-1"},"canonical":"https:\/\/www.hotelveniceresort.com\/fr\/hotel-aeroport-venise-tessera-avec-bus-navette-et-parking-gratuit\/","og_locale":"fr_FR","og_type":"article","og_title":"H\u00f4tel a\u00e9roport Venise Tessera avec bus navette et parking gratuit - Venice Resort","og_description":"L\u2019accueil, le soin des d\u00e9tails, l\u2019\u00e9l\u00e9gance et le confort des chambres, feront de votre s\u00e9jour au Venice Resort un compl\u00e9ment de valeur \u00e0 votre s\u00e9jour dans la splendide ville de Venise.","og_url":"https:\/\/www.hotelveniceresort.com\/fr\/hotel-aeroport-venise-tessera-avec-bus-navette-et-parking-gratuit\/","og_site_name":"Venice Resort","article_modified_time":"2021-12-06T14:27:15+00:00","og_image":[{"width":1200,"height":800,"url":"https:\/\/www.hotelveniceresort.com\/wp-content\/uploads\/2021\/11\/bus-navetta-venice-resort.jpg","type":"image\/jpeg"}],"twitter_card":"summary_large_image","twitter_misc":{"Dur\u00e9e de lecture estim\u00e9e":"2 minutes"},"schema":{"@context":"https:\/\/schema.org","@graph":[{"@type":"WebPage","@id":"https:\/\/www.hotelveniceresort.com\/fr\/hotel-aeroport-venise-tessera-avec-bus-navette-et-parking-gratuit\/","url":"https:\/\/www.hotelveniceresort.com\/fr\/hotel-aeroport-venise-tessera-avec-bus-navette-et-parking-gratuit\/","name":"H\u00f4tel a\u00e9roport Venise Tessera avec bus navette et parking gratuit - Venice Resort","isPartOf":{"@id":"https:\/\/www.hotelveniceresort.com\/fr\/#website"},"primaryImageOfPage":{"@id":"https:\/\/www.hotelveniceresort.com\/fr\/hotel-aeroport-venise-tessera-avec-bus-navette-et-parking-gratuit\/#primaryimage"},"image":{"@id":"https:\/\/www.hotelveniceresort.com\/fr\/hotel-aeroport-venise-tessera-avec-bus-navette-et-parking-gratuit\/#primaryimage"},"thumbnailUrl":"https:\/\/www.hotelveniceresort.com\/wp-content\/uploads\/2021\/11\/bus-navetta-venice-resort.jpg","datePublished":"2021-11-06T07:05:57+00:00","dateModified":"2021-12-06T14:27:15+00:00","description":"L\u2019accueil, le soin des d\u00e9tails, l\u2019\u00e9l\u00e9gance et le confort des chambres, feront de votre s\u00e9jour au Venice Resort un compl\u00e9ment de valeur \u00e0 votre s\u00e9jour dans la splendide ville de Venise.","breadcrumb":{"@id":"https:\/\/www.hotelveniceresort.com\/fr\/hotel-aeroport-venise-tessera-avec-bus-navette-et-parking-gratuit\/#breadcrumb"},"inLanguage":"fr-FR","potentialAction":[{"@type":"ReadAction","target":["https:\/\/www.hotelveniceresort.com\/fr\/hotel-aeroport-venise-tessera-avec-bus-navette-et-parking-gratuit\/"]}]},{"@type":"ImageObject","inLanguage":"fr-FR","@id":"https:\/\/www.hotelveniceresort.com\/fr\/hotel-aeroport-venise-tessera-avec-bus-navette-et-parking-gratuit\/#primaryimage","url":"https:\/\/www.hotelveniceresort.com\/wp-content\/uploads\/2021\/11\/bus-navetta-venice-resort.jpg","contentUrl":"https:\/\/www.hotelveniceresort.com\/wp-content\/uploads\/2021\/11\/bus-navetta-venice-resort.jpg","width":1200,"height":800,"caption":"Traveler in airport terminal. Young man with luggage waiting for airplane."},{"@type":"BreadcrumbList","@id":"https:\/\/www.hotelveniceresort.com\/fr\/hotel-aeroport-venise-tessera-avec-bus-navette-et-parking-gratuit\/#breadcrumb","itemListElement":[{"@type":"ListItem","position":1,"name":"Home","item":"https:\/\/www.hotelveniceresort.com\/fr\/"},{"@type":"ListItem","position":2,"name":"H\u00f4tel a\u00e9roport Venise Tessera avec bus navette et parking gratuit"}]},{"@type":"WebSite","@id":"https:\/\/www.hotelveniceresort.com\/fr\/#website","url":"https:\/\/www.hotelveniceresort.com\/fr\/","name":"Venice Resort","description":"","publisher":{"@id":"https:\/\/www.hotelveniceresort.com\/fr\/#organization"},"potentialAction":[{"@type":"SearchAction","target":{"@type":"EntryPoint","urlTemplate":"https:\/\/www.hotelveniceresort.com\/fr\/?s={search_term_string}"},"query-input":{"@type":"PropertyValueSpecification","valueRequired":true,"valueName":"search_term_string"}}],"inLanguage":"fr-FR"},{"@type":"Organization","@id":"https:\/\/www.hotelveniceresort.com\/fr\/#organization","name":"Venice Resort","url":"https:\/\/www.hotelveniceresort.com\/fr\/","logo":{"@type":"ImageObject","inLanguage":"fr-FR","@id":"https:\/\/www.hotelveniceresort.com\/fr\/#\/schema\/logo\/image\/","url":"https:\/\/www.hotelveniceresort.com\/wp-content\/uploads\/2021\/10\/logo.png","contentUrl":"https:\/\/www.hotelveniceresort.com\/wp-content\/uploads\/2021\/10\/logo.png","width":215,"height":78,"caption":"Venice Resort"},"image":{"@id":"https:\/\/www.hotelveniceresort.com\/fr\/#\/schema\/logo\/image\/"}}]}},"coauthors":[],"author_meta":{"author_link":"https:\/\/www.hotelveniceresort.com\/fr\/author\/v3n1c3-r3s0r5\/","display_name":"v3n1c3-r3s0r5"},"relative_dates":{"created":"Publi\u00e9 5 ans il y a","modified":"Mis \u00e0 jour 4 ans il y a"},"absolute_dates":{"created":"Publi\u00e9 le novembre 6, 2021","modified":"Mise \u00e0 jour le d\u00e9cembre 6, 2021"},"absolute_dates_time":{"created":"Publi\u00e9 le novembre 6, 2021 8:05 am","modified":"Mise \u00e0 jour le d\u00e9cembre 6, 2021 3:27 pm"},"featured_img_caption":"Traveler in airport terminal. Young man with luggage waiting for airplane.","featured_img":"https:\/\/www.hotelveniceresort.com\/wp-content\/uploads\/2021\/11\/bus-navetta-venice-resort.jpg","series_order":"","_links":{"self":[{"href":"https:\/\/www.hotelveniceresort.com\/fr\/wp-json\/wp\/v2\/pages\/2024","targetHints":{"allow":["GET"]}}],"collection":[{"href":"https:\/\/www.hotelveniceresort.com\/fr\/wp-json\/wp\/v2\/pages"}],"about":[{"href":"https:\/\/www.hotelveniceresort.com\/fr\/wp-json\/wp\/v2\/types\/page"}],"author":[{"embeddable":true,"href":"https:\/\/www.hotelveniceresort.com\/fr\/wp-json\/wp\/v2\/users\/2"}],"replies":[{"embeddable":true,"href":"https:\/\/www.hotelveniceresort.com\/fr\/wp-json\/wp\/v2\/comments?post=2024"}],"version-history":[{"count":4,"href":"https:\/\/www.hotelveniceresort.com\/fr\/wp-json\/wp\/v2\/pages\/2024\/revisions"}],"predecessor-version":[{"id":2130,"href":"https:\/\/www.hotelveniceresort.com\/fr\/wp-json\/wp\/v2\/pages\/2024\/revisions\/2130"}],"wp:featuredmedia":[{"embeddable":true,"href":"https:\/\/www.hotelveniceresort.com\/fr\/wp-json\/wp\/v2\/media\/1397"}],"wp:attachment":[{"href":"https:\/\/www.hotelveniceresort.com\/fr\/wp-json\/wp\/v2\/media?parent=2024"}],"curies":[{"name":"wp","href":"https:\/\/api.w.org\/{rel}","templated":true}]}}