{"id":2032,"date":"2021-11-05T11:03:07","date_gmt":"2021-11-05T10:03:07","guid":{"rendered":"https:\/\/www.hotelveniceresort.com\/hotel-vicino-mestre\/"},"modified":"2021-12-07T15:58:47","modified_gmt":"2021-12-07T14:58:47","slug":"hotel-pres-de-mestre","status":"publish","type":"page","link":"https:\/\/www.hotelveniceresort.com\/fr\/hotel-pres-de-mestre\/","title":{"rendered":"H\u00f4tel pr\u00e8s de Mestre"},"content":{"rendered":"<div  class=\"grids-section grids-is-advanced alignfull\" style=\"--_gs-gap-desktop:0px 0px;--_gs-m-desktop:0 0 0 0;--_gs-p-desktop:0 0 0 0;--_gs-bg-desktop:transparent none;--_gs-bg-xp-desktop:0px;--_gs-zi-desktop:auto;--_gs-d-desktop:block;--_gs-mw-desktop:calc(100% - 0 - 0);--_gs-gap-tablet:0px 0px;--_gs-m-tablet:0 0 0 0;--_gs-p-tablet:0 0 0 0;--_gs-bg-tablet:transparent none;--_gs-bg-xp-tablet:0px;--_gs-zi-tablet:auto;--_gs-d-tablet:block;--_gs-mw-tablet:calc(100% - 0 - 0);--_gs-gap-mobile:0px 0px;--_gs-m-mobile:0 0 0 0;--_gs-p-mobile:0 0 0 0;--_gs-bg-mobile:transparent none;--_gs-bg-xp-mobile:0px;--_gs-zi-mobile:auto;--_gs-d-mobile:block;--_gs-mw-mobile:calc(100% - 0 - 0);--_gs-columns:12;--_gs-rows:6\"><div class=\"grids-s-w_i\">\n<div class=\"grids-area\" style=\"--_ga-column:2\/12;--_ga-row:1\/7;--_ga-m-desktop:0 0 0 0;--_ga-p-desktop:0 0 0 0;--_ga-bg-desktop:transparent none;--_ga-zi-desktop:auto;--_ga-d-desktop:flex;--_ga-mw-desktop:calc(100% - 0 - 0);--_ga-m-tablet:0 0 0 0;--_ga-p-tablet:0 0 0 0;--_ga-bg-tablet:transparent none;--_ga-zi-tablet:auto;--_ga-d-tablet:flex;--_ga-mw-tablet:calc(100% - 0 - 0);--_ga-m-mobile:0 0 0 0;--_ga-p-mobile:0 0 0 0;--_ga-bg-mobile:transparent none;--_ga-zi-mobile:auto;--_ga-d-mobile:flex;--_ga-mw-mobile:calc(100% - 0 - 0)\">\n\n<h2 class=\"wp-block-heading\">H\u00f4tel 4 \u00e9toiles pr\u00e8s de Mestre<\/h2>\n\n<\/div>\n<\/div><\/div>\n\n<div  class=\"grids-section grids-is-advanced alignfull\" style=\"--_gs-gap-desktop:0px 0px;--_gs-m-desktop:0 0 0 0;--_gs-p-desktop:0 0 0 0;--_gs-bg-desktop:transparent none;--_gs-bg-xp-desktop:0px;--_gs-zi-desktop:auto;--_gs-d-desktop:block;--_gs-mw-desktop:calc(100% - 0 - 0);--_gs-gap-tablet:0px 0px;--_gs-m-tablet:0 0 0 0;--_gs-p-tablet:0 0 0 0;--_gs-bg-tablet:transparent none;--_gs-bg-xp-tablet:0px;--_gs-zi-tablet:auto;--_gs-d-tablet:block;--_gs-mw-tablet:calc(100% - 0 - 0);--_gs-gap-mobile:0px 0px;--_gs-m-mobile:0 0 0 0;--_gs-p-mobile:0 0 0 0;--_gs-bg-mobile:transparent none;--_gs-bg-xp-mobile:0px;--_gs-zi-mobile:auto;--_gs-d-mobile:block;--_gs-mw-mobile:calc(100% - 0 - 0);--_gs-columns:12;--_gs-rows:6\"><div class=\"grids-s-w_i\">\n<div class=\"grids-area\" style=\"--_ga-column:2\/12;--_ga-row:1\/7;--_ga-m-desktop:0 0 0 0;--_ga-p-desktop:0 0 0 0;--_ga-bg-desktop:transparent none;--_ga-zi-desktop:auto;--_ga-d-desktop:flex;--_ga-mw-desktop:calc(100% - 0 - 0);--_ga-m-tablet:0 0 0 0;--_ga-p-tablet:0 0 0 0;--_ga-bg-tablet:transparent none;--_ga-zi-tablet:auto;--_ga-d-tablet:flex;--_ga-mw-tablet:calc(100% - 0 - 0);--_ga-m-mobile:0 0 0 0;--_ga-p-mobile:0 0 0 0;--_ga-bg-mobile:transparent none;--_ga-zi-mobile:auto;--_ga-d-mobile:flex;--_ga-mw-mobile:calc(100% - 0 - 0)\">\n<div  class=\"grids-section grids-is-advanced\" style=\"--_gs-gap-desktop:0px 0px;--_gs-m-desktop:0 0 0 0;--_gs-p-desktop:0 0 0 0;--_gs-bg-desktop:transparent none;--_gs-bg-xp-desktop:0px;--_gs-zi-desktop:auto;--_gs-d-desktop:block;--_gs-mw-desktop:calc(100% - 0 - 0);--_gs-gap-tablet:0px 0px;--_gs-m-tablet:0 0 0 0;--_gs-p-tablet:0 0 0 0;--_gs-bg-tablet:transparent none;--_gs-bg-xp-tablet:0px;--_gs-zi-tablet:auto;--_gs-d-tablet:block;--_gs-mw-tablet:calc(100% - 0 - 0);--_gs-gap-mobile:0px 0px;--_gs-m-mobile:0 0 0 0;--_gs-p-mobile:0 0 0 0;--_gs-bg-mobile:transparent none;--_gs-bg-xp-mobile:0px;--_gs-zi-mobile:auto;--_gs-d-mobile:block;--_gs-mw-mobile:calc(100% - 0 - 0);--_gs-columns:12;--_gs-rows:6\"><div class=\"grids-s-w_i\">\n<div class=\"grids-area\" style=\"--_ga-column:1\/6;--_ga-row:1\/7;--_ga-m-desktop:0 0 0 0;--_ga-p-desktop:0 0 0 0;--_ga-bg-desktop:transparent none;--_ga-zi-desktop:auto;--_ga-d-desktop:flex;--_ga-mw-desktop:calc(100% - 0 - 0);--_ga-m-tablet:0 0 0 0;--_ga-p-tablet:0 0 0 0;--_ga-bg-tablet:transparent none;--_ga-zi-tablet:auto;--_ga-d-tablet:flex;--_ga-mw-tablet:calc(100% - 0 - 0);--_ga-m-mobile:0 0 0 0;--_ga-p-mobile:0 0 0 0;--_ga-bg-mobile:transparent none;--_ga-zi-mobile:auto;--_ga-d-mobile:flex;--_ga-mw-mobile:calc(100% - 0 - 0)\">\n\r\n    <div class=\"custom-gallery-wrapper custom-gallery-wrapper-column-1\">\r\n                    <span class=\"custom-gallery-label\">Train pour Venise toutes les 20 minutes<\/span>\r\n                <span class=\"enable-fullscreen\" onclick=\"showHideFotorama('custom-gallery_1', 0);\">\r\n            <i class=\"far fa-expand\"><\/i>\r\n        <\/span>\r\n                                        <figure class=\"full-width gallery-wrapper-image gallery-wrapper-image-0\" onclick=\"showHideFotorama('custom-gallery_1', 0);\">\r\n                <img decoding=\"async\" class=\"gallery-wrapper-image-small\" src=\"https:\/\/www.hotelveniceresort.com\/wp-content\/uploads\/2021\/11\/treno-mestre.jpg\">\r\n            <\/figure>\r\n                        <\/div>\r\n\r\n    <div style=\"width:1px;height:1px;position:absolute;\" name=\"fotorama\" id=\"custom-gallery_1\" class=\"fotorama\" data-width=\"100%\"  data-nav=\"thumbs\"  data-allowfullscreen=\"true\" >\r\n                    <img decoding=\"async\" src=\"https:\/\/www.hotelveniceresort.com\/wp-content\/uploads\/2021\/11\/treno-mestre.jpg\" class=\"attachment-full skip-lazy\" \/>\r\n            <\/div>\r\n\r\n\n\n<\/div>\n\n<div class=\"grids-area\" style=\"--_ga-column:7\/13;--_ga-row:1\/7;--_ga-m-desktop:0 0 0 0;--_ga-p-desktop:0 0 0 0;--_ga-bg-desktop:transparent none;--_ga-zi-desktop:auto;--_ga-d-desktop:flex;--_ga-mw-desktop:calc(100% - 0 - 0);--_ga-m-tablet:0 0 0 0;--_ga-p-tablet:0 0 0 0;--_ga-bg-tablet:transparent none;--_ga-zi-tablet:auto;--_ga-d-tablet:flex;--_ga-mw-tablet:calc(100% - 0 - 0);--_ga-m-mobile:0 0 0 0;--_ga-p-mobile:0 0 0 0;--_ga-bg-mobile:transparent none;--_ga-zi-mobile:auto;--_ga-d-mobile:flex;--_ga-mw-mobile:calc(100% - 0 - 0)\">\n\n<p>Pourquoi choisir un <strong>h\u00f4tel pr\u00e8s de Mestre<\/strong>, si votre destination principale est Venise ?<\/p>\n\n\n\n<p>Parce qu\u2019\u00e0 Mestre vous trouverez :<\/p>\n\n\n\n<ul class=\"wp-block-list\"><li>La gare ferroviaire, d\u2019o\u00f9 transitent les trains pour Venise (aux heures de pointe toutes les 15\/20 minutes),<\/li><li>La gare routi\u00e8re, avec des autocars partant toutes les 10 minutes et qui rejoignent Venise en 15 minutes,<\/li><li>Des boutiques, des centres commerciaux, des restaurants et tout autre genre d\u2019activit\u00e9s et de services.<\/li><\/ul>\n\n\n\n<p>Mais surtout parce que <strong>Mestre est \u00e0 moins de 10 km de l\u2019a\u00e9roport Marco Polo<\/strong> de Venise, qui se trouve \u00e0 Tessera.<\/p>\n\n<\/div>\n<\/div><\/div>\n\n\n<p>Moins de 10 km s\u00e9parent Mestre aussi de notre H\u00f4tel ; situ\u00e9 \u00e0 un kilom\u00e8tre de distance de l\u2019a\u00e9roport international de Venise, l&rsquo;H\u00f4tel Venice Resort est un confortable et accueillant h\u00f4tel 4 \u00e9toiles, avec un service de <strong>petit d\u00e9jeuner<\/strong>, sucr\u00e9 et sal\u00e9, la consigne des bagages, la <strong>Wifi gratuite<\/strong> et l\u2019accueil \u00e0 votre disposition 24 heures sur 24.<\/p>\n\n\n\n<p>Espaces lumineux, cadre raffin\u00e9, services ad\u00e9quats \u00e0 la cat\u00e9gorie, notre h\u00f4tel est parmi ceux de Venise, celui qui garantit le confort et la confidentialit\u00e9 maximum \u00e0 tous ceux qui voyagent pour leurs affaires ou pour leur plaisir et leurs loisirs.<\/p>\n\n\n\n<p>Le Resort se divise en trois b\u00e2timents, plong\u00e9s dans la nature et dans la tranquillit\u00e9 de ce petit village, \u00e0 peu de km de Mestre. Les chambres sont simples, doubles, doubles sup\u00e9rieure et junior suites.<\/p>\n\n\n\n<p>Toutes les chambres sont dot\u00e9es de :<\/p>\n\n\n\n<ul class=\"wp-block-list\"><li>Wifi gratuite,<\/li><li>T\u00e9l\u00e9phone,<\/li><li>TV,<\/li><li>Frigo bar et<\/li><li>Climatisation.<\/li><\/ul>\n\n\n\n<p>Dans la structure vous trouverez :<\/p>\n\n\n\n<ul class=\"wp-block-list\"><li>Une <strong>salle de congr\u00e8s <\/strong>\u00e9quip\u00e9e de toutes les technologies modernes,<\/li><li>Un <strong>bar <\/strong>fourni,<\/li><li>Un tr\u00e8s beau<strong> jardin,<\/strong><\/li><li><strong>Une piscine<\/strong> ext\u00e9rieure et<\/li><li>Un service de <strong>bicyclettes<\/strong> pour des excursions dans les alentours.<\/li><\/ul>\n\n\n\n<p>Vous pourrez consulter dans le hall de l\u2019h\u00f4tel les quotidiens disponibles gratuitement.<\/p>\n\n\n\n<p>Le service de <strong>blanchisserie et <\/strong>de <strong>garderie d\u2019enfants<\/strong> tout comme la <strong>navette pour l\u2019a\u00e9roport<\/strong> sont sur demande et \u00e0 paiement.<\/p>\n\n\n\n<p>Des tarifs sp\u00e9ciaux avec un rabais de 10% sont disponibles pour des s\u00e9jours de 3 nuits.<\/p>\n\n\n\n<p>Une des opportunit\u00e9s que notre h\u00f4tel offre \u00e0 ses clients, est la possibilit\u00e9 d\u2019effectuer un <strong><a href=\"https:\/\/www.hotelveniceresort.com\/fr\/tour-en-helicoptere\/\">tour au-dessus de la lagune en h\u00e9licopt\u00e8re<\/a><\/strong>. D\u00e9part et atterrissage \u00e0 partir de la structure.<\/p>\n\n<\/div>\n<\/div><\/div>\n\n<div  class=\"grids-section grids-is-advanced alignfull\" style=\"--_gs-gap-desktop:0px 0px;--_gs-m-desktop:0 0 0 0;--_gs-p-desktop:0 0 0 0;--_gs-bg-desktop:transparent none;--_gs-bg-xp-desktop:0px;--_gs-zi-desktop:auto;--_gs-d-desktop:block;--_gs-mw-desktop:calc(100% - 0 - 0);--_gs-gap-tablet:0px 0px;--_gs-m-tablet:0 0 0 0;--_gs-p-tablet:0 0 0 0;--_gs-bg-tablet:transparent none;--_gs-bg-xp-tablet:0px;--_gs-zi-tablet:auto;--_gs-d-tablet:block;--_gs-mw-tablet:calc(100% - 0 - 0);--_gs-gap-mobile:0px 0px;--_gs-m-mobile:0 0 0 0;--_gs-p-mobile:0 0 0 0;--_gs-bg-mobile:transparent none;--_gs-bg-xp-mobile:0px;--_gs-zi-mobile:auto;--_gs-d-mobile:block;--_gs-mw-mobile:calc(100% - 0 - 0);--_gs-columns:12;--_gs-rows:6\"><div class=\"grids-s-w_i\">\n<div class=\"grids-area\" style=\"--_ga-column:2\/12;--_ga-row:1\/7;--_ga-m-desktop:0 0 0 0;--_ga-p-desktop:0 0 0 0;--_ga-bg-desktop:transparent none;--_ga-zi-desktop:auto;--_ga-d-desktop:flex;--_ga-mw-desktop:calc(100% - 0 - 0);--_ga-m-tablet:0 0 0 0;--_ga-p-tablet:0 0 0 0;--_ga-bg-tablet:transparent none;--_ga-zi-tablet:auto;--_ga-d-tablet:flex;--_ga-mw-tablet:calc(100% - 0 - 0);--_ga-m-mobile:0 0 0 0;--_ga-p-mobile:0 0 0 0;--_ga-bg-mobile:transparent none;--_ga-zi-mobile:auto;--_ga-d-mobile:flex;--_ga-mw-mobile:calc(100% - 0 - 0)\">\n\n<h2 class=\"wp-block-heading\">Vous pourriez aussi \u00eatre int\u00e9ress\u00e9 \u2026<\/h2>\n\n\n\r\n    <div class=\"related-pages-container\">\r\n                                 <div class=\"single-related-page-container\">\r\n                <a href=\"https:\/\/www.hotelveniceresort.com\/fr\/chambres\/\">\r\n                    <figure class=\"full-width\">\r\n                        <img decoding=\"async\" src=\"https:\/\/www.hotelveniceresort.com\/wp-content\/uploads\/2021\/11\/camere-banner.jpg\" \/>\r\n                    <\/figure>\r\n                <\/a>\r\n                <a href=\"https:\/\/www.hotelveniceresort.com\/fr\/chambres\/\">\r\n                    <h3 class=\"related-page-title\">\r\n                        Chambres                    <\/h3>\r\n                <\/a>\r\n                <a href=\"https:\/\/www.hotelveniceresort.com\/fr\/chambres\/\" class=\"btn btn-center\">\r\n                    D\u00e9couvrir plus                <\/a>\r\n            <\/div>\r\n                                 <div class=\"single-related-page-container\">\r\n                <a href=\"https:\/\/www.hotelveniceresort.com\/fr\/offres\/\">\r\n                    <figure class=\"full-width\">\r\n                        <img decoding=\"async\" src=\"https:\/\/www.hotelveniceresort.com\/wp-content\/uploads\/2021\/11\/offerte-venice-banner.jpg\" \/>\r\n                    <\/figure>\r\n                <\/a>\r\n                <a href=\"https:\/\/www.hotelveniceresort.com\/fr\/offres\/\">\r\n                    <h3 class=\"related-page-title\">\r\n                        Offres                    <\/h3>\r\n                <\/a>\r\n                <a href=\"https:\/\/www.hotelveniceresort.com\/fr\/offres\/\" class=\"btn btn-center\">\r\n                    D\u00e9couvrir plus                <\/a>\r\n            <\/div>\r\n                                 <div class=\"single-related-page-container\">\r\n                <a href=\"https:\/\/www.hotelveniceresort.com\/fr\/hotel-pres-de-venise\/\">\r\n                    <figure class=\"full-width\">\r\n                        <img decoding=\"async\" src=\"https:\/\/www.hotelveniceresort.com\/wp-content\/uploads\/2021\/11\/rialto-venice.jpg\" \/>\r\n                    <\/figure>\r\n                <\/a>\r\n                <a href=\"https:\/\/www.hotelveniceresort.com\/fr\/hotel-pres-de-venise\/\">\r\n                    <h3 class=\"related-page-title\">\r\n                        H\u00f4tel pr\u00e8s de Venise                    <\/h3>\r\n                <\/a>\r\n                <a href=\"https:\/\/www.hotelveniceresort.com\/fr\/hotel-pres-de-venise\/\" class=\"btn btn-center\">\r\n                    D\u00e9couvrir plus                <\/a>\r\n            <\/div>\r\n            <\/div>\r\n\n\n<\/div>\n<\/div><\/div>\n\n<div  class=\"grids-section grids-is-advanced alignfull\" style=\"--_gs-gap-desktop:0px 0px;--_gs-m-desktop:0 0 0 0;--_gs-p-desktop:0 0 0 0;--_gs-bg-desktop:transparent none;--_gs-bg-xp-desktop:0px;--_gs-zi-desktop:auto;--_gs-d-desktop:block;--_gs-mw-desktop:calc(100% - 0 - 0);--_gs-gap-tablet:0px 0px;--_gs-m-tablet:0 0 0 0;--_gs-p-tablet:0 0 0 0;--_gs-bg-tablet:transparent none;--_gs-bg-xp-tablet:0px;--_gs-zi-tablet:auto;--_gs-d-tablet:block;--_gs-mw-tablet:calc(100% - 0 - 0);--_gs-gap-mobile:0px 0px;--_gs-m-mobile:0 0 0 0;--_gs-p-mobile:0 0 0 0;--_gs-bg-mobile:transparent none;--_gs-bg-xp-mobile:0px;--_gs-zi-mobile:auto;--_gs-d-mobile:block;--_gs-mw-mobile:calc(100% - 0 - 0);--_gs-columns:12;--_gs-rows:6\"><div class=\"grids-s-w_i\">\n<div class=\"grids-area\" style=\"--_ga-column:2\/12;--_ga-row:1\/7;--_ga-m-desktop:0 0 0 0;--_ga-p-desktop:0 0 0 0;--_ga-bg-desktop:transparent none;--_ga-zi-desktop:auto;--_ga-d-desktop:flex;--_ga-mw-desktop:calc(100% - 0 - 0);--_ga-m-tablet:0 0 0 0;--_ga-p-tablet:0 0 0 0;--_ga-bg-tablet:transparent none;--_ga-zi-tablet:auto;--_ga-d-tablet:flex;--_ga-mw-tablet:calc(100% - 0 - 0);--_ga-m-mobile:0 0 0 0;--_ga-p-mobile:0 0 0 0;--_ga-bg-mobile:transparent none;--_ga-zi-mobile:auto;--_ga-d-mobile:flex;--_ga-mw-mobile:calc(100% - 0 - 0)\"><\/div>\n<\/div><\/div>","protected":false},"excerpt":{"rendered":"","protected":false},"author":2,"featured_media":1417,"parent":0,"menu_order":0,"comment_status":"closed","ping_status":"closed","template":"","meta":{"_acf_changed":false,"advgb_blocks_editor_width":"","advgb_blocks_columns_visual_guide":"","footnotes":""},"class_list":["post-2032","page","type-page","status-publish","has-post-thumbnail","hentry","entry"],"acf":[],"yoast_head":"<!-- This site is optimized with the Yoast SEO plugin v25.3.1 - https:\/\/yoast.com\/wordpress\/plugins\/seo\/ -->\n<title>H\u00f4tel pr\u00e8s de Mestre - Venice Resort<\/title>\n<meta name=\"description\" content=\"Moins de 10 km s\u00e9parent Mestre de notre H\u00f4tel. Situ\u00e9 \u00e0 un kilom\u00e8tre de distance de l\u2019a\u00e9roport international de Venise, l&#039;H\u00f4tel Venice Resort est un confortable et accueillant h\u00f4tel 4 \u00e9toiles.\" \/>\n<meta name=\"robots\" content=\"index, follow, max-snippet:-1, max-image-preview:large, max-video-preview:-1\" \/>\n<link rel=\"canonical\" href=\"https:\/\/www.hotelveniceresort.com\/fr\/hotel-pres-de-mestre\/\" \/>\n<meta property=\"og:locale\" content=\"fr_FR\" \/>\n<meta property=\"og:type\" content=\"article\" \/>\n<meta property=\"og:title\" content=\"H\u00f4tel pr\u00e8s de Mestre - Venice Resort\" \/>\n<meta property=\"og:description\" content=\"Moins de 10 km s\u00e9parent Mestre de notre H\u00f4tel. Situ\u00e9 \u00e0 un kilom\u00e8tre de distance de l\u2019a\u00e9roport international de Venise, l&#039;H\u00f4tel Venice Resort est un confortable et accueillant h\u00f4tel 4 \u00e9toiles.\" \/>\n<meta property=\"og:url\" content=\"https:\/\/www.hotelveniceresort.com\/fr\/hotel-pres-de-mestre\/\" \/>\n<meta property=\"og:site_name\" content=\"Venice Resort\" \/>\n<meta property=\"article:modified_time\" content=\"2021-12-07T14:58:47+00:00\" \/>\n<meta property=\"og:image\" content=\"https:\/\/www.hotelveniceresort.com\/wp-content\/uploads\/2021\/11\/venice-resort-esterno.jpg\" \/>\n\t<meta property=\"og:image:width\" content=\"1200\" \/>\n\t<meta property=\"og:image:height\" content=\"798\" \/>\n\t<meta property=\"og:image:type\" content=\"image\/jpeg\" \/>\n<meta name=\"twitter:card\" content=\"summary_large_image\" \/>\n<meta name=\"twitter:label1\" content=\"Dur\u00e9e de lecture estim\u00e9e\" \/>\n\t<meta name=\"twitter:data1\" content=\"2 minutes\" \/>\n<script type=\"application\/ld+json\" class=\"yoast-schema-graph\">{\"@context\":\"https:\/\/schema.org\",\"@graph\":[{\"@type\":\"WebPage\",\"@id\":\"https:\/\/www.hotelveniceresort.com\/fr\/hotel-pres-de-mestre\/\",\"url\":\"https:\/\/www.hotelveniceresort.com\/fr\/hotel-pres-de-mestre\/\",\"name\":\"H\u00f4tel pr\u00e8s de Mestre - Venice Resort\",\"isPartOf\":{\"@id\":\"https:\/\/www.hotelveniceresort.com\/fr\/#website\"},\"primaryImageOfPage\":{\"@id\":\"https:\/\/www.hotelveniceresort.com\/fr\/hotel-pres-de-mestre\/#primaryimage\"},\"image\":{\"@id\":\"https:\/\/www.hotelveniceresort.com\/fr\/hotel-pres-de-mestre\/#primaryimage\"},\"thumbnailUrl\":\"https:\/\/www.hotelveniceresort.com\/wp-content\/uploads\/2021\/11\/venice-resort-esterno.jpg\",\"datePublished\":\"2021-11-05T10:03:07+00:00\",\"dateModified\":\"2021-12-07T14:58:47+00:00\",\"description\":\"Moins de 10 km s\u00e9parent Mestre de notre H\u00f4tel. Situ\u00e9 \u00e0 un kilom\u00e8tre de distance de l\u2019a\u00e9roport international de Venise, l'H\u00f4tel Venice Resort est un confortable et accueillant h\u00f4tel 4 \u00e9toiles.\",\"breadcrumb\":{\"@id\":\"https:\/\/www.hotelveniceresort.com\/fr\/hotel-pres-de-mestre\/#breadcrumb\"},\"inLanguage\":\"fr-FR\",\"potentialAction\":[{\"@type\":\"ReadAction\",\"target\":[\"https:\/\/www.hotelveniceresort.com\/fr\/hotel-pres-de-mestre\/\"]}]},{\"@type\":\"ImageObject\",\"inLanguage\":\"fr-FR\",\"@id\":\"https:\/\/www.hotelveniceresort.com\/fr\/hotel-pres-de-mestre\/#primaryimage\",\"url\":\"https:\/\/www.hotelveniceresort.com\/wp-content\/uploads\/2021\/11\/venice-resort-esterno.jpg\",\"contentUrl\":\"https:\/\/www.hotelveniceresort.com\/wp-content\/uploads\/2021\/11\/venice-resort-esterno.jpg\",\"width\":1200,\"height\":798,\"caption\":\"Traveler in airport terminal. Young man with luggage waiting for airplane.\"},{\"@type\":\"BreadcrumbList\",\"@id\":\"https:\/\/www.hotelveniceresort.com\/fr\/hotel-pres-de-mestre\/#breadcrumb\",\"itemListElement\":[{\"@type\":\"ListItem\",\"position\":1,\"name\":\"Home\",\"item\":\"https:\/\/www.hotelveniceresort.com\/fr\/\"},{\"@type\":\"ListItem\",\"position\":2,\"name\":\"H\u00f4tel pr\u00e8s de Mestre\"}]},{\"@type\":\"WebSite\",\"@id\":\"https:\/\/www.hotelveniceresort.com\/fr\/#website\",\"url\":\"https:\/\/www.hotelveniceresort.com\/fr\/\",\"name\":\"Venice Resort\",\"description\":\"\",\"publisher\":{\"@id\":\"https:\/\/www.hotelveniceresort.com\/fr\/#organization\"},\"potentialAction\":[{\"@type\":\"SearchAction\",\"target\":{\"@type\":\"EntryPoint\",\"urlTemplate\":\"https:\/\/www.hotelveniceresort.com\/fr\/?s={search_term_string}\"},\"query-input\":{\"@type\":\"PropertyValueSpecification\",\"valueRequired\":true,\"valueName\":\"search_term_string\"}}],\"inLanguage\":\"fr-FR\"},{\"@type\":\"Organization\",\"@id\":\"https:\/\/www.hotelveniceresort.com\/fr\/#organization\",\"name\":\"Venice Resort\",\"url\":\"https:\/\/www.hotelveniceresort.com\/fr\/\",\"logo\":{\"@type\":\"ImageObject\",\"inLanguage\":\"fr-FR\",\"@id\":\"https:\/\/www.hotelveniceresort.com\/fr\/#\/schema\/logo\/image\/\",\"url\":\"https:\/\/www.hotelveniceresort.com\/wp-content\/uploads\/2021\/10\/logo.png\",\"contentUrl\":\"https:\/\/www.hotelveniceresort.com\/wp-content\/uploads\/2021\/10\/logo.png\",\"width\":215,\"height\":78,\"caption\":\"Venice Resort\"},\"image\":{\"@id\":\"https:\/\/www.hotelveniceresort.com\/fr\/#\/schema\/logo\/image\/\"}}]}<\/script>\n<!-- \/ Yoast SEO plugin. -->","yoast_head_json":{"title":"H\u00f4tel pr\u00e8s de Mestre - Venice Resort","description":"Moins de 10 km s\u00e9parent Mestre de notre H\u00f4tel. Situ\u00e9 \u00e0 un kilom\u00e8tre de distance de l\u2019a\u00e9roport international de Venise, l'H\u00f4tel Venice Resort est un confortable et accueillant h\u00f4tel 4 \u00e9toiles.","robots":{"index":"index","follow":"follow","max-snippet":"max-snippet:-1","max-image-preview":"max-image-preview:large","max-video-preview":"max-video-preview:-1"},"canonical":"https:\/\/www.hotelveniceresort.com\/fr\/hotel-pres-de-mestre\/","og_locale":"fr_FR","og_type":"article","og_title":"H\u00f4tel pr\u00e8s de Mestre - Venice Resort","og_description":"Moins de 10 km s\u00e9parent Mestre de notre H\u00f4tel. Situ\u00e9 \u00e0 un kilom\u00e8tre de distance de l\u2019a\u00e9roport international de Venise, l'H\u00f4tel Venice Resort est un confortable et accueillant h\u00f4tel 4 \u00e9toiles.","og_url":"https:\/\/www.hotelveniceresort.com\/fr\/hotel-pres-de-mestre\/","og_site_name":"Venice Resort","article_modified_time":"2021-12-07T14:58:47+00:00","og_image":[{"width":1200,"height":798,"url":"https:\/\/www.hotelveniceresort.com\/wp-content\/uploads\/2021\/11\/venice-resort-esterno.jpg","type":"image\/jpeg"}],"twitter_card":"summary_large_image","twitter_misc":{"Dur\u00e9e de lecture estim\u00e9e":"2 minutes"},"schema":{"@context":"https:\/\/schema.org","@graph":[{"@type":"WebPage","@id":"https:\/\/www.hotelveniceresort.com\/fr\/hotel-pres-de-mestre\/","url":"https:\/\/www.hotelveniceresort.com\/fr\/hotel-pres-de-mestre\/","name":"H\u00f4tel pr\u00e8s de Mestre - Venice Resort","isPartOf":{"@id":"https:\/\/www.hotelveniceresort.com\/fr\/#website"},"primaryImageOfPage":{"@id":"https:\/\/www.hotelveniceresort.com\/fr\/hotel-pres-de-mestre\/#primaryimage"},"image":{"@id":"https:\/\/www.hotelveniceresort.com\/fr\/hotel-pres-de-mestre\/#primaryimage"},"thumbnailUrl":"https:\/\/www.hotelveniceresort.com\/wp-content\/uploads\/2021\/11\/venice-resort-esterno.jpg","datePublished":"2021-11-05T10:03:07+00:00","dateModified":"2021-12-07T14:58:47+00:00","description":"Moins de 10 km s\u00e9parent Mestre de notre H\u00f4tel. Situ\u00e9 \u00e0 un kilom\u00e8tre de distance de l\u2019a\u00e9roport international de Venise, l'H\u00f4tel Venice Resort est un confortable et accueillant h\u00f4tel 4 \u00e9toiles.","breadcrumb":{"@id":"https:\/\/www.hotelveniceresort.com\/fr\/hotel-pres-de-mestre\/#breadcrumb"},"inLanguage":"fr-FR","potentialAction":[{"@type":"ReadAction","target":["https:\/\/www.hotelveniceresort.com\/fr\/hotel-pres-de-mestre\/"]}]},{"@type":"ImageObject","inLanguage":"fr-FR","@id":"https:\/\/www.hotelveniceresort.com\/fr\/hotel-pres-de-mestre\/#primaryimage","url":"https:\/\/www.hotelveniceresort.com\/wp-content\/uploads\/2021\/11\/venice-resort-esterno.jpg","contentUrl":"https:\/\/www.hotelveniceresort.com\/wp-content\/uploads\/2021\/11\/venice-resort-esterno.jpg","width":1200,"height":798,"caption":"Traveler in airport terminal. Young man with luggage waiting for airplane."},{"@type":"BreadcrumbList","@id":"https:\/\/www.hotelveniceresort.com\/fr\/hotel-pres-de-mestre\/#breadcrumb","itemListElement":[{"@type":"ListItem","position":1,"name":"Home","item":"https:\/\/www.hotelveniceresort.com\/fr\/"},{"@type":"ListItem","position":2,"name":"H\u00f4tel pr\u00e8s de Mestre"}]},{"@type":"WebSite","@id":"https:\/\/www.hotelveniceresort.com\/fr\/#website","url":"https:\/\/www.hotelveniceresort.com\/fr\/","name":"Venice Resort","description":"","publisher":{"@id":"https:\/\/www.hotelveniceresort.com\/fr\/#organization"},"potentialAction":[{"@type":"SearchAction","target":{"@type":"EntryPoint","urlTemplate":"https:\/\/www.hotelveniceresort.com\/fr\/?s={search_term_string}"},"query-input":{"@type":"PropertyValueSpecification","valueRequired":true,"valueName":"search_term_string"}}],"inLanguage":"fr-FR"},{"@type":"Organization","@id":"https:\/\/www.hotelveniceresort.com\/fr\/#organization","name":"Venice Resort","url":"https:\/\/www.hotelveniceresort.com\/fr\/","logo":{"@type":"ImageObject","inLanguage":"fr-FR","@id":"https:\/\/www.hotelveniceresort.com\/fr\/#\/schema\/logo\/image\/","url":"https:\/\/www.hotelveniceresort.com\/wp-content\/uploads\/2021\/10\/logo.png","contentUrl":"https:\/\/www.hotelveniceresort.com\/wp-content\/uploads\/2021\/10\/logo.png","width":215,"height":78,"caption":"Venice Resort"},"image":{"@id":"https:\/\/www.hotelveniceresort.com\/fr\/#\/schema\/logo\/image\/"}}]}},"coauthors":[],"author_meta":{"author_link":"https:\/\/www.hotelveniceresort.com\/fr\/author\/v3n1c3-r3s0r5\/","display_name":"v3n1c3-r3s0r5"},"relative_dates":{"created":"Publi\u00e9 4 ans il y a","modified":"Mis \u00e0 jour 4 ans il y a"},"absolute_dates":{"created":"Publi\u00e9 le novembre 5, 2021","modified":"Mise \u00e0 jour le d\u00e9cembre 7, 2021"},"absolute_dates_time":{"created":"Publi\u00e9 le novembre 5, 2021 11:03 am","modified":"Mise \u00e0 jour le d\u00e9cembre 7, 2021 3:58 pm"},"featured_img_caption":"Traveler in airport terminal. Young man with luggage waiting for airplane.","featured_img":"https:\/\/www.hotelveniceresort.com\/wp-content\/uploads\/2021\/11\/venice-resort-esterno.jpg","series_order":"","_links":{"self":[{"href":"https:\/\/www.hotelveniceresort.com\/fr\/wp-json\/wp\/v2\/pages\/2032","targetHints":{"allow":["GET"]}}],"collection":[{"href":"https:\/\/www.hotelveniceresort.com\/fr\/wp-json\/wp\/v2\/pages"}],"about":[{"href":"https:\/\/www.hotelveniceresort.com\/fr\/wp-json\/wp\/v2\/types\/page"}],"author":[{"embeddable":true,"href":"https:\/\/www.hotelveniceresort.com\/fr\/wp-json\/wp\/v2\/users\/2"}],"replies":[{"embeddable":true,"href":"https:\/\/www.hotelveniceresort.com\/fr\/wp-json\/wp\/v2\/comments?post=2032"}],"version-history":[{"count":6,"href":"https:\/\/www.hotelveniceresort.com\/fr\/wp-json\/wp\/v2\/pages\/2032\/revisions"}],"predecessor-version":[{"id":2255,"href":"https:\/\/www.hotelveniceresort.com\/fr\/wp-json\/wp\/v2\/pages\/2032\/revisions\/2255"}],"wp:featuredmedia":[{"embeddable":true,"href":"https:\/\/www.hotelveniceresort.com\/fr\/wp-json\/wp\/v2\/media\/1417"}],"wp:attachment":[{"href":"https:\/\/www.hotelveniceresort.com\/fr\/wp-json\/wp\/v2\/media?parent=2032"}],"curies":[{"name":"wp","href":"https:\/\/api.w.org\/{rel}","templated":true}]}}