{"id":2041,"date":"2021-11-05T12:16:38","date_gmt":"2021-11-05T11:16:38","guid":{"rendered":"https:\/\/www.hotelveniceresort.com\/meeting-ed-eventi\/"},"modified":"2021-12-06T15:30:58","modified_gmt":"2021-12-06T14:30:58","slug":"meeting-et-evenements","status":"publish","type":"page","link":"https:\/\/www.hotelveniceresort.com\/fr\/meeting-et-evenements\/","title":{"rendered":"Meeting et \u00e9v\u00e8nements"},"content":{"rendered":"<div  class=\"grids-section grids-is-advanced alignfull\" style=\"--_gs-gap-desktop:0px 0px;--_gs-m-desktop:0 0 0 0;--_gs-p-desktop:0 0 0 0;--_gs-bg-desktop:transparent none;--_gs-bg-xp-desktop:0px;--_gs-zi-desktop:auto;--_gs-d-desktop:block;--_gs-mw-desktop:calc(100% - 0 - 0);--_gs-gap-tablet:0px 0px;--_gs-m-tablet:0 0 0 0;--_gs-p-tablet:0 0 0 0;--_gs-bg-tablet:transparent none;--_gs-bg-xp-tablet:0px;--_gs-zi-tablet:auto;--_gs-d-tablet:block;--_gs-mw-tablet:calc(100% - 0 - 0);--_gs-gap-mobile:0px 0px;--_gs-m-mobile:0 0 0 0;--_gs-p-mobile:0 0 0 0;--_gs-bg-mobile:transparent none;--_gs-bg-xp-mobile:0px;--_gs-zi-mobile:auto;--_gs-d-mobile:block;--_gs-mw-mobile:calc(100% - 0 - 0);--_gs-columns:12;--_gs-rows:6\"><div class=\"grids-s-w_i\">\n<div class=\"grids-area\" style=\"--_ga-column:2\/12;--_ga-row:1\/7;--_ga-m-desktop:0 0 0 0;--_ga-p-desktop:0 0 0 0;--_ga-bg-desktop:transparent none;--_ga-zi-desktop:auto;--_ga-d-desktop:flex;--_ga-mw-desktop:calc(100% - 0 - 0);--_ga-m-tablet:0 0 0 0;--_ga-p-tablet:0 0 0 0;--_ga-bg-tablet:transparent none;--_ga-zi-tablet:auto;--_ga-d-tablet:flex;--_ga-mw-tablet:calc(100% - 0 - 0);--_ga-m-mobile:0 0 0 0;--_ga-p-mobile:0 0 0 0;--_ga-bg-mobile:transparent none;--_ga-zi-mobile:auto;--_ga-d-mobile:flex;--_ga-mw-mobile:calc(100% - 0 - 0)\">\n\n<h2 class=\"wp-block-heading\"><strong><strong>Business H\u00f4tel Venise 4 \u00e9toiles, avec salle de r\u00e9union<\/strong><\/strong><\/h2>\n\n\n\n<p>Dans le contexte d\u2019un village tranquille comme Tessera, dans une position strat\u00e9gique par rapport \u00e0 l\u2019a\u00e9roport Marco Polo, qui n\u2019est qu\u2019\u00e0 une distance de 1 km, notre h\u00f4tel dispose d\u2019une <strong><a href=\"https:\/\/www.hotelveniceresort.com\/fr\/salle-reunions\/\">salle de r\u00e9unions<\/a> <\/strong>\u00e9quip\u00e9e, dans laquelle vous pourrez organiser votre \u00e9v\u00e8nement.<\/p>\n\n<\/div>\n<\/div><\/div>\n\n<div  class=\"grids-section grids-is-advanced alignfull\" style=\"--_gs-gap-desktop:0px 0px;--_gs-m-desktop:0 0 0 0;--_gs-p-desktop:0 0 0 0;--_gs-bg-desktop:transparent none;--_gs-bg-xp-desktop:0px;--_gs-zi-desktop:auto;--_gs-d-desktop:block;--_gs-mw-desktop:calc(100% - 0 - 0);--_gs-gap-tablet:0px 0px;--_gs-m-tablet:0 0 0 0;--_gs-p-tablet:0 0 0 0;--_gs-bg-tablet:transparent none;--_gs-bg-xp-tablet:0px;--_gs-zi-tablet:auto;--_gs-d-tablet:block;--_gs-mw-tablet:calc(100% - 0 - 0);--_gs-gap-mobile:0px 0px;--_gs-m-mobile:0 0 0 0;--_gs-p-mobile:0 0 0 0;--_gs-bg-mobile:transparent none;--_gs-bg-xp-mobile:0px;--_gs-zi-mobile:auto;--_gs-d-mobile:block;--_gs-mw-mobile:calc(100% - 0 - 0);--_gs-columns:12;--_gs-rows:6\"><div class=\"grids-s-w_i\">\n<div class=\"grids-area\" style=\"--_ga-column:2\/12;--_ga-row:1\/7;--_ga-m-desktop:0 0 0 0;--_ga-p-desktop:0 0 0 0;--_ga-bg-desktop:transparent none;--_ga-zi-desktop:auto;--_ga-d-desktop:flex;--_ga-mw-desktop:calc(100% - 0 - 0);--_ga-m-tablet:0 0 0 0;--_ga-p-tablet:0 0 0 0;--_ga-bg-tablet:transparent none;--_ga-zi-tablet:auto;--_ga-d-tablet:flex;--_ga-mw-tablet:calc(100% - 0 - 0);--_ga-m-mobile:0 0 0 0;--_ga-p-mobile:0 0 0 0;--_ga-bg-mobile:transparent none;--_ga-zi-mobile:auto;--_ga-d-mobile:flex;--_ga-mw-mobile:calc(100% - 0 - 0)\">\n<div  class=\"grids-section grids-is-advanced\" style=\"--_gs-gap-desktop:0px 0px;--_gs-m-desktop:0 0 0 0;--_gs-p-desktop:0 0 0 0;--_gs-bg-desktop:transparent none;--_gs-bg-xp-desktop:0px;--_gs-zi-desktop:auto;--_gs-d-desktop:block;--_gs-mw-desktop:calc(100% - 0 - 0);--_gs-gap-tablet:0px 0px;--_gs-m-tablet:0 0 0 0;--_gs-p-tablet:0 0 0 0;--_gs-bg-tablet:transparent none;--_gs-bg-xp-tablet:0px;--_gs-zi-tablet:auto;--_gs-d-tablet:block;--_gs-mw-tablet:calc(100% - 0 - 0);--_gs-gap-mobile:0px 0px;--_gs-m-mobile:0 0 0 0;--_gs-p-mobile:0 0 0 0;--_gs-bg-mobile:transparent none;--_gs-bg-xp-mobile:0px;--_gs-zi-mobile:auto;--_gs-d-mobile:block;--_gs-mw-mobile:calc(100% - 0 - 0);--_gs-columns:12;--_gs-rows:6\"><div class=\"grids-s-w_i\">\n<div class=\"grids-area\" style=\"--_ga-column:1\/7;--_ga-row:1\/7;--_ga-m-desktop:0 0 0 0;--_ga-p-desktop:0 0 0 0;--_ga-bg-desktop:transparent none;--_ga-zi-desktop:auto;--_ga-d-desktop:flex;--_ga-mw-desktop:calc(100% - 0 - 0);--_ga-m-tablet:0 0 0 0;--_ga-p-tablet:0 0 0 0;--_ga-bg-tablet:transparent none;--_ga-zi-tablet:auto;--_ga-d-tablet:flex;--_ga-mw-tablet:calc(100% - 0 - 0);--_ga-m-mobile:0 0 0 0;--_ga-p-mobile:0 0 0 0;--_ga-bg-mobile:transparent none;--_ga-zi-mobile:auto;--_ga-d-mobile:flex;--_ga-mw-mobile:calc(100% - 0 - 0)\">\n\r\n    <div class=\"custom-gallery-wrapper custom-gallery-wrapper-column-2\">\r\n                <span class=\"enable-fullscreen\" onclick=\"showHideFotorama('custom-gallery_2', 0);\">\r\n            <i class=\"far fa-expand\"><\/i>\r\n        <\/span>\r\n                                        <figure class=\"full-width gallery-wrapper-image gallery-wrapper-image-0\" onclick=\"showHideFotorama('custom-gallery_2', 0);\">\r\n                <img decoding=\"async\" class=\"gallery-wrapper-image-small\" src=\"https:\/\/www.hotelveniceresort.com\/wp-content\/uploads\/2021\/11\/sala-congressi-venice-resort-venezia.jpg\">\r\n            <\/figure>\r\n                                            <figure class=\"full-width gallery-wrapper-image gallery-wrapper-image-1\" onclick=\"showHideFotorama('custom-gallery_2', 1);\">\r\n                <img decoding=\"async\" class=\"gallery-wrapper-image-small\" src=\"https:\/\/www.hotelveniceresort.com\/wp-content\/uploads\/2021\/11\/sala-congressi-venice.jpg\">\r\n            <\/figure>\r\n                                            <figure class=\"full-width gallery-wrapper-image gallery-wrapper-image-2\" onclick=\"showHideFotorama('custom-gallery_2', 2);\">\r\n                <img decoding=\"async\" class=\"gallery-wrapper-image-small\" src=\"https:\/\/www.hotelveniceresort.com\/wp-content\/uploads\/2021\/11\/sala-congressi.jpg\">\r\n            <\/figure>\r\n                        <\/div>\r\n\r\n    <div style=\"width:1px;height:1px;position:absolute;\" name=\"fotorama\" id=\"custom-gallery_2\" class=\"fotorama\" data-width=\"100%\"  data-nav=\"thumbs\"  data-allowfullscreen=\"true\" >\r\n                    <img decoding=\"async\" src=\"https:\/\/www.hotelveniceresort.com\/wp-content\/uploads\/2021\/11\/sala-congressi-venice-resort-venezia.jpg\" class=\"attachment-full skip-lazy\" \/>\r\n                    <img decoding=\"async\" src=\"https:\/\/www.hotelveniceresort.com\/wp-content\/uploads\/2021\/11\/sala-congressi-venice.jpg\" class=\"attachment-full skip-lazy\" \/>\r\n                    <img decoding=\"async\" src=\"https:\/\/www.hotelveniceresort.com\/wp-content\/uploads\/2021\/11\/sala-congressi.jpg\" class=\"attachment-full skip-lazy\" \/>\r\n            <\/div>\r\n\r\n\n\n<\/div>\n\n<div class=\"grids-area\" style=\"--_ga-column:8\/13;--_ga-row:1\/7;--_ga-va:center;--_ga-m-desktop:0 0 0 0;--_ga-p-desktop:0 0 0 0;--_ga-bg-desktop:transparent none;--_ga-zi-desktop:auto;--_ga-d-desktop:flex;--_ga-mw-desktop:calc(100% - 0 - 0);--_ga-m-tablet:0 0 0 0;--_ga-p-tablet:0 0 0 0;--_ga-bg-tablet:transparent none;--_ga-zi-tablet:auto;--_ga-d-tablet:flex;--_ga-mw-tablet:calc(100% - 0 - 0);--_ga-m-mobile:0 0 0 0;--_ga-p-mobile:0 0 0 0;--_ga-bg-mobile:transparent none;--_ga-zi-mobile:auto;--_ga-d-mobile:flex;--_ga-mw-mobile:calc(100% - 0 - 0)\">\n\n<p>La salle de notre <strong>Centre de Congr\u00e8s<\/strong>, est \u00e9quip\u00e9e pour accueillir jusqu\u2019\u00e0 <strong>50 personnes<\/strong>, et elle est dot\u00e9e de :<\/p>\n\n\n\n<ul class=\"wp-block-list\"><li><strong>Wifi gratuite<\/strong> dans toute la structure,<\/li><li><strong>Projecteur vid\u00e9o<\/strong>, <strong>\u00e9cran<\/strong>, <strong>tableau<\/strong> et <strong>feuilles<\/strong><\/li><li>Installation audio,<\/li><li><strong>Climatisation<\/strong>,<\/li><li>Service de <strong>pause-caf\u00e9<\/strong> et <strong>lunch <\/strong>sur demande et<\/li><li>Service fax et photocopies.<\/li><\/ul>\n\n\n\n<p>Nous nous servons d\u2019un service de restauration externe de notre confiance pour pr\u00e9parer le buffet, les vins d\u2019honneur, les d\u00e9licieux ap\u00e9ritifs, originaux et abondants, afin de rendre plus agr\u00e9able le c\u00f4t\u00e9 \u00ab\u00a0business\u201d de votre s\u00e9jour.<\/p>\n\n<\/div>\n<\/div><\/div>\n\n\n<p>Notre structure, plong\u00e9e dans la nature, avec piscine ext\u00e9rieure et une \u00e9l\u00e9gante v\u00e9randa, est aussi un excellent choix pour f\u00eater des moments sp\u00e9ciaux comme un mariage, un anniversaire, un dipl\u00f4me ou une promotion.<\/p>\n\n\n\n<p>Le jardin avec sa <a href=\"https:\/\/www.hotelveniceresort.com\/fr\/piscine-exterieure\/\">piscine<\/a>, et ses confortables chaises-longues, ses parasols et ses petites tables est indiqu\u00e9 pour d\u2019\u00e9l\u00e9gants cocktails et buffets ; vos clients venant de loin, pourront s\u00e9journer dans une de nos chambres, ayant tous les conforts d\u2019un 4 \u00e9toiles.<\/p>\n\n\n\n<p>Nous vous rappelons aussi que le Venice Resort, n\u2019est pas seulement un confortable h\u00f4tel pr\u00e8s de l\u2019a\u00e9roport de Venise Marco Polo, mais qu\u2019il se trouve aussi dans une position strat\u00e9gique par rapport \u00e0 la sortie de l\u2019autoroute A4 Venise &#8211; Trieste et \u00e0 5 minutes en voiture du <a href=\"https:\/\/www.hotelveniceresort.com\/fr\/casino\/\">Casino de Ca&rsquo; Noghera<\/a>.<\/p>\n\n\n\n<p>Faites confiance \u00e0 notre exp\u00e9rience, demandez toutes les informations, les prix et la disponibilit\u00e9, \u00e0 notre accueil !<\/p>\n\n<\/div>\n<\/div><\/div>\n\n<div  class=\"grids-section grids-is-advanced alignfull\" style=\"--_gs-gap-desktop:0px 0px;--_gs-m-desktop:0 0 0 0;--_gs-p-desktop:0 0 0 0;--_gs-bg-desktop:transparent none;--_gs-bg-xp-desktop:0px;--_gs-zi-desktop:auto;--_gs-d-desktop:block;--_gs-mw-desktop:calc(100% - 0 - 0);--_gs-gap-tablet:0px 0px;--_gs-m-tablet:0 0 0 0;--_gs-p-tablet:0 0 0 0;--_gs-bg-tablet:transparent none;--_gs-bg-xp-tablet:0px;--_gs-zi-tablet:auto;--_gs-d-tablet:block;--_gs-mw-tablet:calc(100% - 0 - 0);--_gs-gap-mobile:0px 0px;--_gs-m-mobile:0 0 0 0;--_gs-p-mobile:0 0 0 0;--_gs-bg-mobile:transparent none;--_gs-bg-xp-mobile:0px;--_gs-zi-mobile:auto;--_gs-d-mobile:block;--_gs-mw-mobile:calc(100% - 0 - 0);--_gs-columns:12;--_gs-rows:6\"><div class=\"grids-s-w_i\">\n<div class=\"grids-area\" style=\"--_ga-column:2\/12;--_ga-row:1\/7;--_ga-m-desktop:0 0 0 0;--_ga-p-desktop:0 0 0 0;--_ga-bg-desktop:transparent none;--_ga-zi-desktop:auto;--_ga-d-desktop:flex;--_ga-mw-desktop:calc(100% - 0 - 0);--_ga-m-tablet:0 0 0 0;--_ga-p-tablet:0 0 0 0;--_ga-bg-tablet:transparent none;--_ga-zi-tablet:auto;--_ga-d-tablet:flex;--_ga-mw-tablet:calc(100% - 0 - 0);--_ga-m-mobile:0 0 0 0;--_ga-p-mobile:0 0 0 0;--_ga-bg-mobile:transparent none;--_ga-zi-mobile:auto;--_ga-d-mobile:flex;--_ga-mw-mobile:calc(100% - 0 - 0)\">\n\n<h2 class=\"wp-block-heading\">Vous pourriez aussi \u00eatre int\u00e9ress\u00e9 \u2026<\/h2>\n\n\n\r\n    <div class=\"related-pages-container\">\r\n                                 <div class=\"single-related-page-container\">\r\n                <a href=\"https:\/\/www.hotelveniceresort.com\/fr\/chambres\/\">\r\n                    <figure class=\"full-width\">\r\n                        <img decoding=\"async\" src=\"https:\/\/www.hotelveniceresort.com\/wp-content\/uploads\/2021\/11\/camere-banner.jpg\" \/>\r\n                    <\/figure>\r\n                <\/a>\r\n                <a href=\"https:\/\/www.hotelveniceresort.com\/fr\/chambres\/\">\r\n                    <h3 class=\"related-page-title\">\r\n                        Chambres                    <\/h3>\r\n                <\/a>\r\n                <a href=\"https:\/\/www.hotelveniceresort.com\/fr\/chambres\/\" class=\"btn btn-center\">\r\n                    D\u00e9couvrir plus                <\/a>\r\n            <\/div>\r\n                                 <div class=\"single-related-page-container\">\r\n                <a href=\"https:\/\/www.hotelveniceresort.com\/fr\/voyages-daffaires\/\">\r\n                    <figure class=\"full-width\">\r\n                        <img decoding=\"async\" src=\"https:\/\/www.hotelveniceresort.com\/wp-content\/uploads\/2021\/11\/aeroporto-marco-polo.jpg\" \/>\r\n                    <\/figure>\r\n                <\/a>\r\n                <a href=\"https:\/\/www.hotelveniceresort.com\/fr\/voyages-daffaires\/\">\r\n                    <h3 class=\"related-page-title\">\r\n                        Voyages d\u2019affaires                    <\/h3>\r\n                <\/a>\r\n                <a href=\"https:\/\/www.hotelveniceresort.com\/fr\/voyages-daffaires\/\" class=\"btn btn-center\">\r\n                    D\u00e9couvrir plus                <\/a>\r\n            <\/div>\r\n                                 <div class=\"single-related-page-container\">\r\n                <a href=\"https:\/\/www.hotelveniceresort.com\/fr\/contacts\/\">\r\n                    <figure class=\"full-width\">\r\n                        <img decoding=\"async\" src=\"https:\/\/www.hotelveniceresort.com\/wp-content\/uploads\/2021\/11\/esterno-venice-resort.jpg\" \/>\r\n                    <\/figure>\r\n                <\/a>\r\n                <a href=\"https:\/\/www.hotelveniceresort.com\/fr\/contacts\/\">\r\n                    <h3 class=\"related-page-title\">\r\n                        Contacts                    <\/h3>\r\n                <\/a>\r\n                <a href=\"https:\/\/www.hotelveniceresort.com\/fr\/contacts\/\" class=\"btn btn-center\">\r\n                    D\u00e9couvrir plus                <\/a>\r\n            <\/div>\r\n            <\/div>\r\n\n\n<\/div>\n<\/div><\/div>","protected":false},"excerpt":{"rendered":"","protected":false},"author":2,"featured_media":1435,"parent":0,"menu_order":0,"comment_status":"closed","ping_status":"closed","template":"","meta":{"_acf_changed":false,"advgb_blocks_editor_width":"","advgb_blocks_columns_visual_guide":"","footnotes":""},"class_list":["post-2041","page","type-page","status-publish","has-post-thumbnail","hentry","entry"],"acf":[],"yoast_head":"<!-- This site is optimized with the Yoast SEO plugin v25.3.1 - https:\/\/yoast.com\/wordpress\/plugins\/seo\/ -->\n<title>Meeting et \u00e9v\u00e8nements - Venice Resort<\/title>\n<meta name=\"description\" content=\"La salle de notre H\u00f4tel, \u00e9quip\u00e9e pour accueillir jusqu\u2019\u00e0 50 personnes, est dot\u00e9e de : Wifi gratuite dans toute la structure, d\u2019un projecteur vid\u00e9o, d\u2019un \u00e9cran, d\u2019un tableau et de feuilles, d\u2019une installation audio, de climatisation, de service de pause-caf\u00e9 et de lunch sur demande et encore de service de fax et de photocopies.\" \/>\n<meta name=\"robots\" content=\"index, follow, max-snippet:-1, max-image-preview:large, max-video-preview:-1\" \/>\n<link rel=\"canonical\" href=\"https:\/\/www.hotelveniceresort.com\/fr\/meeting-et-evenements\/\" \/>\n<meta property=\"og:locale\" content=\"fr_FR\" \/>\n<meta property=\"og:type\" content=\"article\" \/>\n<meta property=\"og:title\" content=\"Meeting et \u00e9v\u00e8nements - Venice Resort\" \/>\n<meta property=\"og:description\" content=\"La salle de notre H\u00f4tel, \u00e9quip\u00e9e pour accueillir jusqu\u2019\u00e0 50 personnes, est dot\u00e9e de : Wifi gratuite dans toute la structure, d\u2019un projecteur vid\u00e9o, d\u2019un \u00e9cran, d\u2019un tableau et de feuilles, d\u2019une installation audio, de climatisation, de service de pause-caf\u00e9 et de lunch sur demande et encore de service de fax et de photocopies.\" \/>\n<meta property=\"og:url\" content=\"https:\/\/www.hotelveniceresort.com\/fr\/meeting-et-evenements\/\" \/>\n<meta property=\"og:site_name\" content=\"Venice Resort\" \/>\n<meta property=\"article:modified_time\" content=\"2021-12-06T14:30:58+00:00\" \/>\n<meta property=\"og:image\" content=\"https:\/\/www.hotelveniceresort.com\/wp-content\/uploads\/2021\/11\/sala-congressi-venice-resort.jpg\" \/>\n\t<meta property=\"og:image:width\" content=\"1200\" \/>\n\t<meta property=\"og:image:height\" content=\"798\" \/>\n\t<meta property=\"og:image:type\" content=\"image\/jpeg\" \/>\n<meta name=\"twitter:card\" content=\"summary_large_image\" \/>\n<meta name=\"twitter:label1\" content=\"Dur\u00e9e de lecture estim\u00e9e\" \/>\n\t<meta name=\"twitter:data1\" content=\"2 minutes\" \/>\n<script type=\"application\/ld+json\" class=\"yoast-schema-graph\">{\"@context\":\"https:\/\/schema.org\",\"@graph\":[{\"@type\":\"WebPage\",\"@id\":\"https:\/\/www.hotelveniceresort.com\/fr\/meeting-et-evenements\/\",\"url\":\"https:\/\/www.hotelveniceresort.com\/fr\/meeting-et-evenements\/\",\"name\":\"Meeting et \u00e9v\u00e8nements - Venice Resort\",\"isPartOf\":{\"@id\":\"https:\/\/www.hotelveniceresort.com\/fr\/#website\"},\"primaryImageOfPage\":{\"@id\":\"https:\/\/www.hotelveniceresort.com\/fr\/meeting-et-evenements\/#primaryimage\"},\"image\":{\"@id\":\"https:\/\/www.hotelveniceresort.com\/fr\/meeting-et-evenements\/#primaryimage\"},\"thumbnailUrl\":\"https:\/\/www.hotelveniceresort.com\/wp-content\/uploads\/2021\/11\/sala-congressi-venice-resort.jpg\",\"datePublished\":\"2021-11-05T11:16:38+00:00\",\"dateModified\":\"2021-12-06T14:30:58+00:00\",\"description\":\"La salle de notre H\u00f4tel, \u00e9quip\u00e9e pour accueillir jusqu\u2019\u00e0 50 personnes, est dot\u00e9e de : Wifi gratuite dans toute la structure, d\u2019un projecteur vid\u00e9o, d\u2019un \u00e9cran, d\u2019un tableau et de feuilles, d\u2019une installation audio, de climatisation, de service de pause-caf\u00e9 et de lunch sur demande et encore de service de fax et de photocopies.\",\"breadcrumb\":{\"@id\":\"https:\/\/www.hotelveniceresort.com\/fr\/meeting-et-evenements\/#breadcrumb\"},\"inLanguage\":\"fr-FR\",\"potentialAction\":[{\"@type\":\"ReadAction\",\"target\":[\"https:\/\/www.hotelveniceresort.com\/fr\/meeting-et-evenements\/\"]}]},{\"@type\":\"ImageObject\",\"inLanguage\":\"fr-FR\",\"@id\":\"https:\/\/www.hotelveniceresort.com\/fr\/meeting-et-evenements\/#primaryimage\",\"url\":\"https:\/\/www.hotelveniceresort.com\/wp-content\/uploads\/2021\/11\/sala-congressi-venice-resort.jpg\",\"contentUrl\":\"https:\/\/www.hotelveniceresort.com\/wp-content\/uploads\/2021\/11\/sala-congressi-venice-resort.jpg\",\"width\":1200,\"height\":798,\"caption\":\"Grand Canal in Venice at the sunset, Italy\"},{\"@type\":\"BreadcrumbList\",\"@id\":\"https:\/\/www.hotelveniceresort.com\/fr\/meeting-et-evenements\/#breadcrumb\",\"itemListElement\":[{\"@type\":\"ListItem\",\"position\":1,\"name\":\"Home\",\"item\":\"https:\/\/www.hotelveniceresort.com\/fr\/\"},{\"@type\":\"ListItem\",\"position\":2,\"name\":\"Meeting et \u00e9v\u00e8nements\"}]},{\"@type\":\"WebSite\",\"@id\":\"https:\/\/www.hotelveniceresort.com\/fr\/#website\",\"url\":\"https:\/\/www.hotelveniceresort.com\/fr\/\",\"name\":\"Venice Resort\",\"description\":\"\",\"publisher\":{\"@id\":\"https:\/\/www.hotelveniceresort.com\/fr\/#organization\"},\"potentialAction\":[{\"@type\":\"SearchAction\",\"target\":{\"@type\":\"EntryPoint\",\"urlTemplate\":\"https:\/\/www.hotelveniceresort.com\/fr\/?s={search_term_string}\"},\"query-input\":{\"@type\":\"PropertyValueSpecification\",\"valueRequired\":true,\"valueName\":\"search_term_string\"}}],\"inLanguage\":\"fr-FR\"},{\"@type\":\"Organization\",\"@id\":\"https:\/\/www.hotelveniceresort.com\/fr\/#organization\",\"name\":\"Venice Resort\",\"url\":\"https:\/\/www.hotelveniceresort.com\/fr\/\",\"logo\":{\"@type\":\"ImageObject\",\"inLanguage\":\"fr-FR\",\"@id\":\"https:\/\/www.hotelveniceresort.com\/fr\/#\/schema\/logo\/image\/\",\"url\":\"https:\/\/www.hotelveniceresort.com\/wp-content\/uploads\/2021\/10\/logo.png\",\"contentUrl\":\"https:\/\/www.hotelveniceresort.com\/wp-content\/uploads\/2021\/10\/logo.png\",\"width\":215,\"height\":78,\"caption\":\"Venice Resort\"},\"image\":{\"@id\":\"https:\/\/www.hotelveniceresort.com\/fr\/#\/schema\/logo\/image\/\"}}]}<\/script>\n<!-- \/ Yoast SEO plugin. -->","yoast_head_json":{"title":"Meeting et \u00e9v\u00e8nements - Venice Resort","description":"La salle de notre H\u00f4tel, \u00e9quip\u00e9e pour accueillir jusqu\u2019\u00e0 50 personnes, est dot\u00e9e de : Wifi gratuite dans toute la structure, d\u2019un projecteur vid\u00e9o, d\u2019un \u00e9cran, d\u2019un tableau et de feuilles, d\u2019une installation audio, de climatisation, de service de pause-caf\u00e9 et de lunch sur demande et encore de service de fax et de photocopies.","robots":{"index":"index","follow":"follow","max-snippet":"max-snippet:-1","max-image-preview":"max-image-preview:large","max-video-preview":"max-video-preview:-1"},"canonical":"https:\/\/www.hotelveniceresort.com\/fr\/meeting-et-evenements\/","og_locale":"fr_FR","og_type":"article","og_title":"Meeting et \u00e9v\u00e8nements - Venice Resort","og_description":"La salle de notre H\u00f4tel, \u00e9quip\u00e9e pour accueillir jusqu\u2019\u00e0 50 personnes, est dot\u00e9e de : Wifi gratuite dans toute la structure, d\u2019un projecteur vid\u00e9o, d\u2019un \u00e9cran, d\u2019un tableau et de feuilles, d\u2019une installation audio, de climatisation, de service de pause-caf\u00e9 et de lunch sur demande et encore de service de fax et de photocopies.","og_url":"https:\/\/www.hotelveniceresort.com\/fr\/meeting-et-evenements\/","og_site_name":"Venice Resort","article_modified_time":"2021-12-06T14:30:58+00:00","og_image":[{"width":1200,"height":798,"url":"https:\/\/www.hotelveniceresort.com\/wp-content\/uploads\/2021\/11\/sala-congressi-venice-resort.jpg","type":"image\/jpeg"}],"twitter_card":"summary_large_image","twitter_misc":{"Dur\u00e9e de lecture estim\u00e9e":"2 minutes"},"schema":{"@context":"https:\/\/schema.org","@graph":[{"@type":"WebPage","@id":"https:\/\/www.hotelveniceresort.com\/fr\/meeting-et-evenements\/","url":"https:\/\/www.hotelveniceresort.com\/fr\/meeting-et-evenements\/","name":"Meeting et \u00e9v\u00e8nements - Venice Resort","isPartOf":{"@id":"https:\/\/www.hotelveniceresort.com\/fr\/#website"},"primaryImageOfPage":{"@id":"https:\/\/www.hotelveniceresort.com\/fr\/meeting-et-evenements\/#primaryimage"},"image":{"@id":"https:\/\/www.hotelveniceresort.com\/fr\/meeting-et-evenements\/#primaryimage"},"thumbnailUrl":"https:\/\/www.hotelveniceresort.com\/wp-content\/uploads\/2021\/11\/sala-congressi-venice-resort.jpg","datePublished":"2021-11-05T11:16:38+00:00","dateModified":"2021-12-06T14:30:58+00:00","description":"La salle de notre H\u00f4tel, \u00e9quip\u00e9e pour accueillir jusqu\u2019\u00e0 50 personnes, est dot\u00e9e de : Wifi gratuite dans toute la structure, d\u2019un projecteur vid\u00e9o, d\u2019un \u00e9cran, d\u2019un tableau et de feuilles, d\u2019une installation audio, de climatisation, de service de pause-caf\u00e9 et de lunch sur demande et encore de service de fax et de photocopies.","breadcrumb":{"@id":"https:\/\/www.hotelveniceresort.com\/fr\/meeting-et-evenements\/#breadcrumb"},"inLanguage":"fr-FR","potentialAction":[{"@type":"ReadAction","target":["https:\/\/www.hotelveniceresort.com\/fr\/meeting-et-evenements\/"]}]},{"@type":"ImageObject","inLanguage":"fr-FR","@id":"https:\/\/www.hotelveniceresort.com\/fr\/meeting-et-evenements\/#primaryimage","url":"https:\/\/www.hotelveniceresort.com\/wp-content\/uploads\/2021\/11\/sala-congressi-venice-resort.jpg","contentUrl":"https:\/\/www.hotelveniceresort.com\/wp-content\/uploads\/2021\/11\/sala-congressi-venice-resort.jpg","width":1200,"height":798,"caption":"Grand Canal in Venice at the sunset, Italy"},{"@type":"BreadcrumbList","@id":"https:\/\/www.hotelveniceresort.com\/fr\/meeting-et-evenements\/#breadcrumb","itemListElement":[{"@type":"ListItem","position":1,"name":"Home","item":"https:\/\/www.hotelveniceresort.com\/fr\/"},{"@type":"ListItem","position":2,"name":"Meeting et \u00e9v\u00e8nements"}]},{"@type":"WebSite","@id":"https:\/\/www.hotelveniceresort.com\/fr\/#website","url":"https:\/\/www.hotelveniceresort.com\/fr\/","name":"Venice Resort","description":"","publisher":{"@id":"https:\/\/www.hotelveniceresort.com\/fr\/#organization"},"potentialAction":[{"@type":"SearchAction","target":{"@type":"EntryPoint","urlTemplate":"https:\/\/www.hotelveniceresort.com\/fr\/?s={search_term_string}"},"query-input":{"@type":"PropertyValueSpecification","valueRequired":true,"valueName":"search_term_string"}}],"inLanguage":"fr-FR"},{"@type":"Organization","@id":"https:\/\/www.hotelveniceresort.com\/fr\/#organization","name":"Venice Resort","url":"https:\/\/www.hotelveniceresort.com\/fr\/","logo":{"@type":"ImageObject","inLanguage":"fr-FR","@id":"https:\/\/www.hotelveniceresort.com\/fr\/#\/schema\/logo\/image\/","url":"https:\/\/www.hotelveniceresort.com\/wp-content\/uploads\/2021\/10\/logo.png","contentUrl":"https:\/\/www.hotelveniceresort.com\/wp-content\/uploads\/2021\/10\/logo.png","width":215,"height":78,"caption":"Venice Resort"},"image":{"@id":"https:\/\/www.hotelveniceresort.com\/fr\/#\/schema\/logo\/image\/"}}]}},"coauthors":[],"author_meta":{"author_link":"https:\/\/www.hotelveniceresort.com\/fr\/author\/v3n1c3-r3s0r5\/","display_name":"v3n1c3-r3s0r5"},"relative_dates":{"created":"Publi\u00e9 5 ans il y a","modified":"Mis \u00e0 jour 4 ans il y a"},"absolute_dates":{"created":"Publi\u00e9 le novembre 5, 2021","modified":"Mise \u00e0 jour le d\u00e9cembre 6, 2021"},"absolute_dates_time":{"created":"Publi\u00e9 le novembre 5, 2021 12:16 pm","modified":"Mise \u00e0 jour le d\u00e9cembre 6, 2021 3:30 pm"},"featured_img_caption":"Grand Canal in Venice at the sunset, Italy","featured_img":"https:\/\/www.hotelveniceresort.com\/wp-content\/uploads\/2021\/11\/sala-congressi-venice-resort.jpg","series_order":"","_links":{"self":[{"href":"https:\/\/www.hotelveniceresort.com\/fr\/wp-json\/wp\/v2\/pages\/2041","targetHints":{"allow":["GET"]}}],"collection":[{"href":"https:\/\/www.hotelveniceresort.com\/fr\/wp-json\/wp\/v2\/pages"}],"about":[{"href":"https:\/\/www.hotelveniceresort.com\/fr\/wp-json\/wp\/v2\/types\/page"}],"author":[{"embeddable":true,"href":"https:\/\/www.hotelveniceresort.com\/fr\/wp-json\/wp\/v2\/users\/2"}],"replies":[{"embeddable":true,"href":"https:\/\/www.hotelveniceresort.com\/fr\/wp-json\/wp\/v2\/comments?post=2041"}],"version-history":[{"count":3,"href":"https:\/\/www.hotelveniceresort.com\/fr\/wp-json\/wp\/v2\/pages\/2041\/revisions"}],"predecessor-version":[{"id":2141,"href":"https:\/\/www.hotelveniceresort.com\/fr\/wp-json\/wp\/v2\/pages\/2041\/revisions\/2141"}],"wp:featuredmedia":[{"embeddable":true,"href":"https:\/\/www.hotelveniceresort.com\/fr\/wp-json\/wp\/v2\/media\/1435"}],"wp:attachment":[{"href":"https:\/\/www.hotelveniceresort.com\/fr\/wp-json\/wp\/v2\/media?parent=2041"}],"curies":[{"name":"wp","href":"https:\/\/api.w.org\/{rel}","templated":true}]}}