{"id":2046,"date":"2021-11-02T16:49:02","date_gmt":"2021-11-02T15:49:02","guid":{"rendered":"https:\/\/www.hotelveniceresort.com\/offerte\/"},"modified":"2021-12-06T14:46:44","modified_gmt":"2021-12-06T13:46:44","slug":"offres","status":"publish","type":"page","link":"https:\/\/www.hotelveniceresort.com\/fr\/offres\/","title":{"rendered":"Offres"},"content":{"rendered":"<div  class=\"grids-section grids-is-advanced alignfull\" style=\"--_gs-gap-desktop:0px 0px;--_gs-m-desktop:0 0 0 0;--_gs-p-desktop:0 0 0 0;--_gs-bg-desktop:transparent none;--_gs-bg-xp-desktop:0px;--_gs-zi-desktop:auto;--_gs-d-desktop:block;--_gs-mw-desktop:calc(100% - 0 - 0);--_gs-gap-tablet:0px 0px;--_gs-m-tablet:0 0 0 0;--_gs-p-tablet:0 0 0 0;--_gs-bg-tablet:transparent none;--_gs-bg-xp-tablet:0px;--_gs-zi-tablet:auto;--_gs-d-tablet:block;--_gs-mw-tablet:calc(100% - 0 - 0);--_gs-gap-mobile:0px 0px;--_gs-m-mobile:0 0 0 0;--_gs-p-mobile:0 0 0 0;--_gs-bg-mobile:transparent none;--_gs-bg-xp-mobile:0px;--_gs-zi-mobile:auto;--_gs-d-mobile:block;--_gs-mw-mobile:calc(100% - 0 - 0);--_gs-columns:12;--_gs-rows:6\"><div class=\"grids-s-w_i\">\n<div class=\"grids-area\" style=\"--_ga-column:2\/12;--_ga-row:1\/7;--_ga-m-desktop:0 0 0 0;--_ga-p-desktop:0 0 0 0;--_ga-bg-desktop:transparent none;--_ga-zi-desktop:auto;--_ga-d-desktop:flex;--_ga-mw-desktop:calc(100% - 0 - 0);--_ga-m-tablet:0 0 0 0;--_ga-p-tablet:0 0 0 0;--_ga-bg-tablet:transparent none;--_ga-zi-tablet:auto;--_ga-d-tablet:flex;--_ga-mw-tablet:calc(100% - 0 - 0);--_ga-m-mobile:0 0 0 0;--_ga-p-mobile:0 0 0 0;--_ga-bg-mobile:transparent none;--_ga-zi-mobile:auto;--_ga-d-mobile:flex;--_ga-mw-mobile:calc(100% - 0 - 0)\">\n\n<h2 class=\"wp-block-heading\">D\u00e9couvrez nos offres sp\u00e9ciales<\/h2>\n\n\n\n<p>L&rsquo;H\u00f4tel Venice Resort, <strong>\u00e0 1 km de l\u2019a\u00e9roport Marco Polo de Venise<\/strong>, propose des offres sp\u00e9ciales pour des s\u00e9jours d\u2019affaires, des weekends de couple, lunes de miel, vacances pour familles.<br>On respire le confort et un cadre accueillant, dans les b\u00e2timents qui abritent nos chambres, le bar, la salle petit d\u00e9jeuner, l\u2019accueil.<br>Le Venice Resort est indiqu\u00e9 aussi pour organiser des meetings et des \u00e9v\u00e8nements, avec une petite salle qui peut accueillir jusqu\u2019\u00e0 60 personnes.<\/p>\n\n\n\r\n<div class=\"offers-list-container\" style=\"--offers-list-container-columns: 3\">\r\n\t\t\t\t<div class=\"offers-list-container-single \">\r\n\t\t\t\t<a href=\"https:\/\/www.hotelveniceresort.com\/fr\/offer\/offre-fete-madonna-de-la-salute\/\" class=\"offers-list-container-single-img has-feature-text\" title=\"Offre \u00ab\u00a0F\u00eate Madonna de la Salute\u00a0\u00bb\">\r\n\t\t\t\t\t\t\t\t\t\t\t<figure class=\"full-width\">\r\n\t\t\t\t\t\t\t<img decoding=\"async\" src=\"https:\/\/www.hotelveniceresort.com\/wp-content\/uploads\/2021\/09\/venezia-festa-della-madonna-della-salute-2017-ponte-votivo-1.jpg\" \/>\r\n\t\t\t\t\t\t<\/figure>\r\n\t\t\t\t\t\r\n\t\t\t\t\t\t\t\t\t\t\t<span class=\"offers-list-container-single-feature-text\">\r\n\t\t\t\t\t\t\t21 Novembre 2021\t\t\t\t\t\t<\/span>\r\n\t\t\t\t\t\t\t\t\t<\/a>\r\n\t\t\t\t\r\n\t\t\t\t<a href=\"https:\/\/www.hotelveniceresort.com\/fr\/offer\/offre-fete-madonna-de-la-salute\/\" class=\"offers-list-container-single-title\" title=\"Offre \u00ab\u00a0F\u00eate Madonna de la Salute\u00a0\u00bb\">\r\n\t\t\t\t\t<h3>Offre \u00ab\u00a0F\u00eate Madonna de la Salute\u00a0\u00bb<\/h3>\r\n\r\n\t\t\t\t\t\t\t\t\t<\/a>\r\n\r\n\t\t\t\t<div class=\"offers-list-container-single-short-description\">\r\n\t\t\t\t\t<p>Offre valable seulement pour le 21 Novembre 2021, jour de la comm\u00e9moration de la Madonna de la Salute. <\/p>\n\t\t\t\t<\/div>\r\n\r\n\t\t\t\t<a href=\"https:\/\/www.hotelveniceresort.com\/fr\/offer\/offre-fete-madonna-de-la-salute\/\" title=\"Offre \u00ab\u00a0F\u00eate Madonna de la Salute\u00a0\u00bb\" class=\"btn offers-list-container-single-button\">\r\n\t\t\t\t\tD\u00e9couvrez le paquet\t\t\t\t<\/a>\r\n\t\t\t<\/div>\r\n\t\t\t\t\t\t<div class=\"offers-list-container-single \">\r\n\t\t\t\t<a href=\"https:\/\/www.hotelveniceresort.com\/fr\/offer\/offre-pour-le-pont-de-limmaculee-conception\/\" class=\"offers-list-container-single-img has-feature-text\" title=\"Offre pour le Pont de l\u2019Immacul\u00e9e Conception\">\r\n\t\t\t\t\t\t\t\t\t\t\t<figure class=\"full-width\">\r\n\t\t\t\t\t\t\t<img decoding=\"async\" src=\"https:\/\/www.hotelveniceresort.com\/wp-content\/uploads\/2021\/11\/venice-ponte-immacolata.jpg\" \/>\r\n\t\t\t\t\t\t<\/figure>\r\n\t\t\t\t\t\r\n\t\t\t\t\t\t\t\t\t\t\t<span class=\"offers-list-container-single-feature-text\">\r\n\t\t\t\t\t\t\t8 D\u00e9cembre 2021\t\t\t\t\t\t<\/span>\r\n\t\t\t\t\t\t\t\t\t<\/a>\r\n\t\t\t\t\r\n\t\t\t\t<a href=\"https:\/\/www.hotelveniceresort.com\/fr\/offer\/offre-pour-le-pont-de-limmaculee-conception\/\" class=\"offers-list-container-single-title\" title=\"Offre pour le Pont de l\u2019Immacul\u00e9e Conception\">\r\n\t\t\t\t\t<h3>Offre pour le Pont de l\u2019Immacul\u00e9e Conception<\/h3>\r\n\r\n\t\t\t\t\t\t\t\t\t<\/a>\r\n\r\n\t\t\t\t<div class=\"offers-list-container-single-short-description\">\r\n\t\t\t\t\t<p>Venez d\u00e9couvrir Venise la ville enchant\u00e9e, et profitez du Pont de l\u2019Immacul\u00e9e Conception pour vivre la plus belle ville du monde. <\/p>\n\t\t\t\t<\/div>\r\n\r\n\t\t\t\t<a href=\"https:\/\/www.hotelveniceresort.com\/fr\/offer\/offre-pour-le-pont-de-limmaculee-conception\/\" title=\"Offre pour le Pont de l\u2019Immacul\u00e9e Conception\" class=\"btn offers-list-container-single-button\">\r\n\t\t\t\t\tD\u00e9couvrez le paquet\t\t\t\t<\/a>\r\n\t\t\t<\/div>\r\n\t\t\t\t\t\t<div class=\"offers-list-container-single \">\r\n\t\t\t\t<a href=\"https:\/\/www.hotelveniceresort.com\/fr\/offer\/transport-vers-les-croisieres-au-depart-de-venise\/\" class=\"offers-list-container-single-img has-feature-text\" title=\"Transport vers les croisi\u00e8res au d\u00e9part de Venise\">\r\n\t\t\t\t\t\t\t\t\t\t\t<figure class=\"full-width\">\r\n\t\t\t\t\t\t\t<img decoding=\"async\" src=\"https:\/\/www.hotelveniceresort.com\/wp-content\/uploads\/2021\/11\/crociere-venice.jpg\" \/>\r\n\t\t\t\t\t\t<\/figure>\r\n\t\t\t\t\t\r\n\t\t\t\t\t\t\t\t\t\t\t<span class=\"offers-list-container-single-feature-text\">\r\n\t\t\t\t\t\t\tService de navette\t\t\t\t\t\t<\/span>\r\n\t\t\t\t\t\t\t\t\t<\/a>\r\n\t\t\t\t\r\n\t\t\t\t<a href=\"https:\/\/www.hotelveniceresort.com\/fr\/offer\/transport-vers-les-croisieres-au-depart-de-venise\/\" class=\"offers-list-container-single-title\" title=\"Transport vers les croisi\u00e8res au d\u00e9part de Venise\">\r\n\t\t\t\t\t<h3>Transport vers les croisi\u00e8res au d\u00e9part de Venise<\/h3>\r\n\r\n\t\t\t\t\t\t\t\t\t<\/a>\r\n\r\n\t\t\t\t<div class=\"offers-list-container-single-short-description\">\r\n\t\t\t\t\t<p>A peu de kilom\u00e8tres du quai d&#8217;embarquement des croisi\u00e8res \u00e0 Venise, l&rsquo;H\u00f4tel Venice Resort offre un service de navette que vous pouvez r\u00e9servez par avance ou le jour m\u00eame de votre arriv\u00e9e en H\u00f4tel.<\/p>\n\t\t\t\t<\/div>\r\n\r\n\t\t\t\t<a href=\"https:\/\/www.hotelveniceresort.com\/fr\/offer\/transport-vers-les-croisieres-au-depart-de-venise\/\" title=\"Transport vers les croisi\u00e8res au d\u00e9part de Venise\" class=\"btn offers-list-container-single-button\">\r\n\t\t\t\t\tD\u00e9couvrez le paquet\t\t\t\t<\/a>\r\n\t\t\t<\/div>\r\n\t\t\t\t\t\t<div class=\"offers-list-container-single \">\r\n\t\t\t\t<a href=\"https:\/\/www.hotelveniceresort.com\/fr\/offer\/offre-navette\/\" class=\"offers-list-container-single-img has-feature-text\" title=\"Offre navette\">\r\n\t\t\t\t\t\t\t\t\t\t\t<figure class=\"full-width\">\r\n\t\t\t\t\t\t\t<img decoding=\"async\" src=\"https:\/\/www.hotelveniceresort.com\/wp-content\/uploads\/2021\/11\/bus-navetta-venice-1.jpg\" \/>\r\n\t\t\t\t\t\t<\/figure>\r\n\t\t\t\t\t\r\n\t\t\t\t\t\t\t\t\t\t\t<span class=\"offers-list-container-single-feature-text\">\r\n\t\t\t\t\t\t\tTransfert pour l\u2019a\u00e9roport\t\t\t\t\t\t<\/span>\r\n\t\t\t\t\t\t\t\t\t<\/a>\r\n\t\t\t\t\r\n\t\t\t\t<a href=\"https:\/\/www.hotelveniceresort.com\/fr\/offer\/offre-navette\/\" class=\"offers-list-container-single-title\" title=\"Offre navette\">\r\n\t\t\t\t\t<h3>Offre navette<\/h3>\r\n\r\n\t\t\t\t\t\t\t\t\t<\/a>\r\n\r\n\t\t\t\t<div class=\"offers-list-container-single-short-description\">\r\n\t\t\t\t\t<p>Nuit avec petit d\u00e9jeuner \u00e0 buffet compris, transfert aller-retour pour l\u2019a\u00e9roport Marco Polo de Venise. <\/p>\n\t\t\t\t<\/div>\r\n\r\n\t\t\t\t<a href=\"https:\/\/www.hotelveniceresort.com\/fr\/offer\/offre-navette\/\" title=\"Offre navette\" class=\"btn offers-list-container-single-button\">\r\n\t\t\t\t\tD\u00e9couvrez le paquet\t\t\t\t<\/a>\r\n\t\t\t<\/div>\r\n\t\t\t\t\t\t<div class=\"offers-list-container-single \">\r\n\t\t\t\t<a href=\"https:\/\/www.hotelveniceresort.com\/fr\/offer\/offre-2-nuits\/\" class=\"offers-list-container-single-img has-feature-text\" title=\"Offre 2 nuits\">\r\n\t\t\t\t\t\t\t\t\t\t\t<figure class=\"full-width\">\r\n\t\t\t\t\t\t\t<img decoding=\"async\" src=\"https:\/\/www.hotelveniceresort.com\/wp-content\/uploads\/2021\/11\/offerta-due-notti.jpg\" \/>\r\n\t\t\t\t\t\t<\/figure>\r\n\t\t\t\t\t\r\n\t\t\t\t\t\t\t\t\t\t\t<span class=\"offers-list-container-single-feature-text\">\r\n\t\t\t\t\t\t\t\u00c0 partir de 2 nuits\t\t\t\t\t\t<\/span>\r\n\t\t\t\t\t\t\t\t\t<\/a>\r\n\t\t\t\t\r\n\t\t\t\t<a href=\"https:\/\/www.hotelveniceresort.com\/fr\/offer\/offre-2-nuits\/\" class=\"offers-list-container-single-title\" title=\"Offre 2 nuits\">\r\n\t\t\t\t\t<h3>Offre 2 nuits<\/h3>\r\n\r\n\t\t\t\t\t\t\t\t\t\t<span class=\"offers-list-container-single-title-percentage\">\r\n\t\t\t\t\t\t-10%\t\t\t\t\t<\/span>\r\n\t\t\t\t\t\t\t\t\t<\/a>\r\n\r\n\t\t\t\t<div class=\"offers-list-container-single-short-description\">\r\n\t\t\t\t\t<p>Rabais imm\u00e9diat de 10% sur le montant total pour les s\u00e9jours d\u2019au moins deux nuits. <\/p>\n\t\t\t\t<\/div>\r\n\r\n\t\t\t\t<a href=\"https:\/\/www.hotelveniceresort.com\/fr\/offer\/offre-2-nuits\/\" title=\"Offre 2 nuits\" class=\"btn offers-list-container-single-button\">\r\n\t\t\t\t\tD\u00e9couvrez le paquet\t\t\t\t<\/a>\r\n\t\t\t<\/div>\r\n\t\t\t\r\n\t<\/div>\r\n\r\n\n\n<\/div>\n<\/div><\/div>","protected":false},"excerpt":{"rendered":"","protected":false},"author":2,"featured_media":1445,"parent":0,"menu_order":0,"comment_status":"closed","ping_status":"closed","template":"","meta":{"_acf_changed":false,"advgb_blocks_editor_width":"","advgb_blocks_columns_visual_guide":"","footnotes":""},"class_list":["post-2046","page","type-page","status-publish","has-post-thumbnail","hentry","entry"],"acf":[],"yoast_head":"<!-- This site is optimized with the Yoast SEO plugin v25.3.1 - https:\/\/yoast.com\/wordpress\/plugins\/seo\/ -->\n<title>Offres - Venice Resort<\/title>\n<meta name=\"description\" content=\"L&#039;H\u00f4tel Venice Resort, \u00e0 1 km de l\u2019a\u00e9roport Marco Polo de Venise, propose des offres sp\u00e9ciales pour des s\u00e9jours d\u2019affaires, des weekends de couple, lunes de miel, vacances pour familles. D\u00e9couvrez nos offres sp\u00e9ciales !\" \/>\n<meta name=\"robots\" content=\"index, follow, max-snippet:-1, max-image-preview:large, max-video-preview:-1\" \/>\n<link rel=\"canonical\" href=\"https:\/\/www.hotelveniceresort.com\/fr\/offres\/\" \/>\n<meta property=\"og:locale\" content=\"fr_FR\" \/>\n<meta property=\"og:type\" content=\"article\" \/>\n<meta property=\"og:title\" content=\"Offres - Venice Resort\" \/>\n<meta property=\"og:description\" content=\"L&#039;H\u00f4tel Venice Resort, \u00e0 1 km de l\u2019a\u00e9roport Marco Polo de Venise, propose des offres sp\u00e9ciales pour des s\u00e9jours d\u2019affaires, des weekends de couple, lunes de miel, vacances pour familles. D\u00e9couvrez nos offres sp\u00e9ciales !\" \/>\n<meta property=\"og:url\" content=\"https:\/\/www.hotelveniceresort.com\/fr\/offres\/\" \/>\n<meta property=\"og:site_name\" content=\"Venice Resort\" \/>\n<meta property=\"article:modified_time\" content=\"2021-12-06T13:46:44+00:00\" \/>\n<meta property=\"og:image\" content=\"https:\/\/www.hotelveniceresort.com\/wp-content\/uploads\/2021\/11\/offerte-venice-banner.jpg\" \/>\n\t<meta property=\"og:image:width\" content=\"1200\" \/>\n\t<meta property=\"og:image:height\" content=\"639\" \/>\n\t<meta property=\"og:image:type\" content=\"image\/jpeg\" \/>\n<meta name=\"twitter:card\" content=\"summary_large_image\" \/>\n<meta name=\"twitter:label1\" content=\"Dur\u00e9e de lecture estim\u00e9e\" \/>\n\t<meta name=\"twitter:data1\" content=\"1 minute\" \/>\n<script type=\"application\/ld+json\" class=\"yoast-schema-graph\">{\"@context\":\"https:\/\/schema.org\",\"@graph\":[{\"@type\":\"WebPage\",\"@id\":\"https:\/\/www.hotelveniceresort.com\/fr\/offres\/\",\"url\":\"https:\/\/www.hotelveniceresort.com\/fr\/offres\/\",\"name\":\"Offres - Venice Resort\",\"isPartOf\":{\"@id\":\"https:\/\/www.hotelveniceresort.com\/fr\/#website\"},\"primaryImageOfPage\":{\"@id\":\"https:\/\/www.hotelveniceresort.com\/fr\/offres\/#primaryimage\"},\"image\":{\"@id\":\"https:\/\/www.hotelveniceresort.com\/fr\/offres\/#primaryimage\"},\"thumbnailUrl\":\"https:\/\/www.hotelveniceresort.com\/wp-content\/uploads\/2021\/11\/offerte-venice-banner.jpg\",\"datePublished\":\"2021-11-02T15:49:02+00:00\",\"dateModified\":\"2021-12-06T13:46:44+00:00\",\"description\":\"L'H\u00f4tel Venice Resort, \u00e0 1 km de l\u2019a\u00e9roport Marco Polo de Venise, propose des offres sp\u00e9ciales pour des s\u00e9jours d\u2019affaires, des weekends de couple, lunes de miel, vacances pour familles. D\u00e9couvrez nos offres sp\u00e9ciales !\",\"breadcrumb\":{\"@id\":\"https:\/\/www.hotelveniceresort.com\/fr\/offres\/#breadcrumb\"},\"inLanguage\":\"fr-FR\",\"potentialAction\":[{\"@type\":\"ReadAction\",\"target\":[\"https:\/\/www.hotelveniceresort.com\/fr\/offres\/\"]}]},{\"@type\":\"ImageObject\",\"inLanguage\":\"fr-FR\",\"@id\":\"https:\/\/www.hotelveniceresort.com\/fr\/offres\/#primaryimage\",\"url\":\"https:\/\/www.hotelveniceresort.com\/wp-content\/uploads\/2021\/11\/offerte-venice-banner.jpg\",\"contentUrl\":\"https:\/\/www.hotelveniceresort.com\/wp-content\/uploads\/2021\/11\/offerte-venice-banner.jpg\",\"width\":1200,\"height\":639,\"caption\":\"Narrow street in Venice leading to a pier, Italy\"},{\"@type\":\"BreadcrumbList\",\"@id\":\"https:\/\/www.hotelveniceresort.com\/fr\/offres\/#breadcrumb\",\"itemListElement\":[{\"@type\":\"ListItem\",\"position\":1,\"name\":\"Home\",\"item\":\"https:\/\/www.hotelveniceresort.com\/fr\/\"},{\"@type\":\"ListItem\",\"position\":2,\"name\":\"Offres\"}]},{\"@type\":\"WebSite\",\"@id\":\"https:\/\/www.hotelveniceresort.com\/fr\/#website\",\"url\":\"https:\/\/www.hotelveniceresort.com\/fr\/\",\"name\":\"Venice Resort\",\"description\":\"\",\"publisher\":{\"@id\":\"https:\/\/www.hotelveniceresort.com\/fr\/#organization\"},\"potentialAction\":[{\"@type\":\"SearchAction\",\"target\":{\"@type\":\"EntryPoint\",\"urlTemplate\":\"https:\/\/www.hotelveniceresort.com\/fr\/?s={search_term_string}\"},\"query-input\":{\"@type\":\"PropertyValueSpecification\",\"valueRequired\":true,\"valueName\":\"search_term_string\"}}],\"inLanguage\":\"fr-FR\"},{\"@type\":\"Organization\",\"@id\":\"https:\/\/www.hotelveniceresort.com\/fr\/#organization\",\"name\":\"Venice Resort\",\"url\":\"https:\/\/www.hotelveniceresort.com\/fr\/\",\"logo\":{\"@type\":\"ImageObject\",\"inLanguage\":\"fr-FR\",\"@id\":\"https:\/\/www.hotelveniceresort.com\/fr\/#\/schema\/logo\/image\/\",\"url\":\"https:\/\/www.hotelveniceresort.com\/wp-content\/uploads\/2021\/10\/logo.png\",\"contentUrl\":\"https:\/\/www.hotelveniceresort.com\/wp-content\/uploads\/2021\/10\/logo.png\",\"width\":215,\"height\":78,\"caption\":\"Venice Resort\"},\"image\":{\"@id\":\"https:\/\/www.hotelveniceresort.com\/fr\/#\/schema\/logo\/image\/\"}}]}<\/script>\n<!-- \/ Yoast SEO plugin. -->","yoast_head_json":{"title":"Offres - Venice Resort","description":"L'H\u00f4tel Venice Resort, \u00e0 1 km de l\u2019a\u00e9roport Marco Polo de Venise, propose des offres sp\u00e9ciales pour des s\u00e9jours d\u2019affaires, des weekends de couple, lunes de miel, vacances pour familles. D\u00e9couvrez nos offres sp\u00e9ciales !","robots":{"index":"index","follow":"follow","max-snippet":"max-snippet:-1","max-image-preview":"max-image-preview:large","max-video-preview":"max-video-preview:-1"},"canonical":"https:\/\/www.hotelveniceresort.com\/fr\/offres\/","og_locale":"fr_FR","og_type":"article","og_title":"Offres - Venice Resort","og_description":"L'H\u00f4tel Venice Resort, \u00e0 1 km de l\u2019a\u00e9roport Marco Polo de Venise, propose des offres sp\u00e9ciales pour des s\u00e9jours d\u2019affaires, des weekends de couple, lunes de miel, vacances pour familles. D\u00e9couvrez nos offres sp\u00e9ciales !","og_url":"https:\/\/www.hotelveniceresort.com\/fr\/offres\/","og_site_name":"Venice Resort","article_modified_time":"2021-12-06T13:46:44+00:00","og_image":[{"width":1200,"height":639,"url":"https:\/\/www.hotelveniceresort.com\/wp-content\/uploads\/2021\/11\/offerte-venice-banner.jpg","type":"image\/jpeg"}],"twitter_card":"summary_large_image","twitter_misc":{"Dur\u00e9e de lecture estim\u00e9e":"1 minute"},"schema":{"@context":"https:\/\/schema.org","@graph":[{"@type":"WebPage","@id":"https:\/\/www.hotelveniceresort.com\/fr\/offres\/","url":"https:\/\/www.hotelveniceresort.com\/fr\/offres\/","name":"Offres - Venice Resort","isPartOf":{"@id":"https:\/\/www.hotelveniceresort.com\/fr\/#website"},"primaryImageOfPage":{"@id":"https:\/\/www.hotelveniceresort.com\/fr\/offres\/#primaryimage"},"image":{"@id":"https:\/\/www.hotelveniceresort.com\/fr\/offres\/#primaryimage"},"thumbnailUrl":"https:\/\/www.hotelveniceresort.com\/wp-content\/uploads\/2021\/11\/offerte-venice-banner.jpg","datePublished":"2021-11-02T15:49:02+00:00","dateModified":"2021-12-06T13:46:44+00:00","description":"L'H\u00f4tel Venice Resort, \u00e0 1 km de l\u2019a\u00e9roport Marco Polo de Venise, propose des offres sp\u00e9ciales pour des s\u00e9jours d\u2019affaires, des weekends de couple, lunes de miel, vacances pour familles. D\u00e9couvrez nos offres sp\u00e9ciales !","breadcrumb":{"@id":"https:\/\/www.hotelveniceresort.com\/fr\/offres\/#breadcrumb"},"inLanguage":"fr-FR","potentialAction":[{"@type":"ReadAction","target":["https:\/\/www.hotelveniceresort.com\/fr\/offres\/"]}]},{"@type":"ImageObject","inLanguage":"fr-FR","@id":"https:\/\/www.hotelveniceresort.com\/fr\/offres\/#primaryimage","url":"https:\/\/www.hotelveniceresort.com\/wp-content\/uploads\/2021\/11\/offerte-venice-banner.jpg","contentUrl":"https:\/\/www.hotelveniceresort.com\/wp-content\/uploads\/2021\/11\/offerte-venice-banner.jpg","width":1200,"height":639,"caption":"Narrow street in Venice leading to a pier, Italy"},{"@type":"BreadcrumbList","@id":"https:\/\/www.hotelveniceresort.com\/fr\/offres\/#breadcrumb","itemListElement":[{"@type":"ListItem","position":1,"name":"Home","item":"https:\/\/www.hotelveniceresort.com\/fr\/"},{"@type":"ListItem","position":2,"name":"Offres"}]},{"@type":"WebSite","@id":"https:\/\/www.hotelveniceresort.com\/fr\/#website","url":"https:\/\/www.hotelveniceresort.com\/fr\/","name":"Venice Resort","description":"","publisher":{"@id":"https:\/\/www.hotelveniceresort.com\/fr\/#organization"},"potentialAction":[{"@type":"SearchAction","target":{"@type":"EntryPoint","urlTemplate":"https:\/\/www.hotelveniceresort.com\/fr\/?s={search_term_string}"},"query-input":{"@type":"PropertyValueSpecification","valueRequired":true,"valueName":"search_term_string"}}],"inLanguage":"fr-FR"},{"@type":"Organization","@id":"https:\/\/www.hotelveniceresort.com\/fr\/#organization","name":"Venice Resort","url":"https:\/\/www.hotelveniceresort.com\/fr\/","logo":{"@type":"ImageObject","inLanguage":"fr-FR","@id":"https:\/\/www.hotelveniceresort.com\/fr\/#\/schema\/logo\/image\/","url":"https:\/\/www.hotelveniceresort.com\/wp-content\/uploads\/2021\/10\/logo.png","contentUrl":"https:\/\/www.hotelveniceresort.com\/wp-content\/uploads\/2021\/10\/logo.png","width":215,"height":78,"caption":"Venice Resort"},"image":{"@id":"https:\/\/www.hotelveniceresort.com\/fr\/#\/schema\/logo\/image\/"}}]}},"coauthors":[],"author_meta":{"author_link":"https:\/\/www.hotelveniceresort.com\/fr\/author\/v3n1c3-r3s0r5\/","display_name":"v3n1c3-r3s0r5"},"relative_dates":{"created":"Publi\u00e9 4 ans il y a","modified":"Mis \u00e0 jour 4 ans il y a"},"absolute_dates":{"created":"Publi\u00e9 le novembre 2, 2021","modified":"Mise \u00e0 jour le d\u00e9cembre 6, 2021"},"absolute_dates_time":{"created":"Publi\u00e9 le novembre 2, 2021 4:49 pm","modified":"Mise \u00e0 jour le d\u00e9cembre 6, 2021 2:46 pm"},"featured_img_caption":"Narrow street in Venice leading to a pier, Italy","featured_img":"https:\/\/www.hotelveniceresort.com\/wp-content\/uploads\/2021\/11\/offerte-venice-banner.jpg","series_order":"","_links":{"self":[{"href":"https:\/\/www.hotelveniceresort.com\/fr\/wp-json\/wp\/v2\/pages\/2046","targetHints":{"allow":["GET"]}}],"collection":[{"href":"https:\/\/www.hotelveniceresort.com\/fr\/wp-json\/wp\/v2\/pages"}],"about":[{"href":"https:\/\/www.hotelveniceresort.com\/fr\/wp-json\/wp\/v2\/types\/page"}],"author":[{"embeddable":true,"href":"https:\/\/www.hotelveniceresort.com\/fr\/wp-json\/wp\/v2\/users\/2"}],"replies":[{"embeddable":true,"href":"https:\/\/www.hotelveniceresort.com\/fr\/wp-json\/wp\/v2\/comments?post=2046"}],"version-history":[{"count":1,"href":"https:\/\/www.hotelveniceresort.com\/fr\/wp-json\/wp\/v2\/pages\/2046\/revisions"}],"predecessor-version":[{"id":2048,"href":"https:\/\/www.hotelveniceresort.com\/fr\/wp-json\/wp\/v2\/pages\/2046\/revisions\/2048"}],"wp:featuredmedia":[{"embeddable":true,"href":"https:\/\/www.hotelveniceresort.com\/fr\/wp-json\/wp\/v2\/media\/1445"}],"wp:attachment":[{"href":"https:\/\/www.hotelveniceresort.com\/fr\/wp-json\/wp\/v2\/media?parent=2046"}],"curies":[{"name":"wp","href":"https:\/\/api.w.org\/{rel}","templated":true}]}}