{"id":2051,"date":"2021-11-05T17:16:47","date_gmt":"2021-11-05T16:16:47","guid":{"rendered":"https:\/\/www.hotelveniceresort.com\/offerte-per-carnevale\/"},"modified":"2021-12-06T14:49:35","modified_gmt":"2021-12-06T13:49:35","slug":"offres-pour-le-carnaval","status":"publish","type":"page","link":"https:\/\/www.hotelveniceresort.com\/fr\/offres-pour-le-carnaval\/","title":{"rendered":"Offres pour le Carnaval"},"content":{"rendered":"<div  class=\"grids-section grids-is-advanced alignfull\" style=\"--_gs-gap-desktop:0px 0px;--_gs-m-desktop:0 0 0 0;--_gs-p-desktop:0 0 0 0;--_gs-bg-desktop:transparent none;--_gs-bg-xp-desktop:0px;--_gs-zi-desktop:auto;--_gs-d-desktop:block;--_gs-mw-desktop:calc(100% - 0 - 0);--_gs-gap-tablet:0px 0px;--_gs-m-tablet:0 0 0 0;--_gs-p-tablet:0 0 0 0;--_gs-bg-tablet:transparent none;--_gs-bg-xp-tablet:0px;--_gs-zi-tablet:auto;--_gs-d-tablet:block;--_gs-mw-tablet:calc(100% - 0 - 0);--_gs-gap-mobile:0px 0px;--_gs-m-mobile:0 0 0 0;--_gs-p-mobile:0 0 0 0;--_gs-bg-mobile:transparent none;--_gs-bg-xp-mobile:0px;--_gs-zi-mobile:auto;--_gs-d-mobile:block;--_gs-mw-mobile:calc(100% - 0 - 0);--_gs-columns:12;--_gs-rows:6\"><div class=\"grids-s-w_i\">\n<div class=\"grids-area\" style=\"--_ga-column:2\/12;--_ga-row:1\/7;--_ga-m-desktop:0 0 0 0;--_ga-p-desktop:0 0 0 0;--_ga-bg-desktop:transparent none;--_ga-zi-desktop:auto;--_ga-d-desktop:flex;--_ga-mw-desktop:calc(100% - 0 - 0);--_ga-m-tablet:0 0 0 0;--_ga-p-tablet:0 0 0 0;--_ga-bg-tablet:transparent none;--_ga-zi-tablet:auto;--_ga-d-tablet:flex;--_ga-mw-tablet:calc(100% - 0 - 0);--_ga-m-mobile:0 0 0 0;--_ga-p-mobile:0 0 0 0;--_ga-bg-mobile:transparent none;--_ga-zi-mobile:auto;--_ga-d-mobile:flex;--_ga-mw-mobile:calc(100% - 0 - 0)\">\n\n<p>Si vous \u00eates en train de chercher des <strong>offres d\u2019h\u00f4tel <\/strong>pour vivre en premi\u00e8re personne la magie du <strong>Carnaval de Venise <\/strong>vous pouvez profiterdes rabais et des promotions que l\u2019H\u00f4tel Venice Resort proposent. A seulement un kilom\u00e8tre de l\u2019A\u00e9roport International Marco Polo, Venice Resort est un complexe \u00e0 4 \u00e9toiles avec piscine, ayant des chambres accessibles aussi aux personnes porteuses de handicap, parking et Wifi gratuits, le transfert de et pour l\u2019a\u00e9roport. L\u2019H\u00f4tel dispose aussi d\u2019une tr\u00e8s belle v\u00e9randa ext\u00e9rieure et d\u2019une salle pour des r\u00e9unions ou des rencontres d\u2019affaires.&nbsp;<\/p>\n\n\n\n<p>Pendant la p\u00e9riode du <strong>Carnaval Venise<\/strong> devient une ville encore plus magique et suggestive, le long de la Strada Nova bond\u00e9e, allant de la gare Venise Santa Lucia jusqu\u2019\u00e0 San Marco, vous serez englouti dans un tourbillon de musiques, d\u2019artistes de rue, de d\u00e9corateurs, de masques et de costumes d\u2019\u00e9poque. Un vrai amusement !<\/p>\n\n\n\n<p>Le Carnaval \u00e0 Venise est une vieille tradition, d\u00e9j\u00e0 en 1296 la R\u00e9publique S\u00e9r\u00e9nissime l\u2019\u00e9tablit comme f\u00eate publique. Le Carnaval \u00e9tait une p\u00e9riode de l\u2019ann\u00e9e pendant laquelle tout \u00e9tait permis. Derri\u00e8re les masques les plus populaires, comme la \u201cBauta\u201d, la \u201cGnaga\u201d, la \u201cMoretta\u201d quiconque pouvait se cacher :&nbsp; un homme du peuple ou un aristocratique \u2026 ou bien m\u00eame le Doge en personne.<\/p>\n\n\n\n<h2 class=\"wp-block-heading\"><a><\/a><strong>Rabais sp\u00e9ciaux et offres de l\u2019H\u00f4tel Venice Resort pour le Carnaval de Venise<\/strong><\/h2>\n\n\n\n<p>C\u2019est au Moyen-\u00c2ge que naissent les premiers ateliers de masques qui sont r\u00e9alis\u00e9s en papier m\u00e2ch\u00e9, en argile, en gaze. Au fur et \u00e0 mesure que les artisans devenaient plus habiles, les masques s\u2019enrichissaient de dentelles, de plumes, de d\u00e9corations et de broderies de tout genre, devenant ainsi des \u0153uvres d\u2019art. Aujourd\u2019hui, en se promenant dans les ruelles aux alentours de Campo Santa Margherita, on peut admirer des ateliers artistiques de masques, parmi lesquels l\u2019atelier o\u00f9 ont \u00e9t\u00e9 achet\u00e9s les masques fascinants et s\u00e9duisants qui apparaissent dans le chef d\u2019\u0153uvre cin\u00e9matographique \u201c<em>Eyes Wide Shut<\/em>\u201d de Stanley Kubrick.<\/p>\n\n\n\n<p>Parmi les <strong>offres d\u2019H\u00f4tel pour le Carnaval de Venise<\/strong>, H\u00f4tel Venice Resort vous offre un rabais sp\u00e9cial de 10% pour un s\u00e9jour de 3 nuits. Une offre que vous ne pouvez pas rater pour vivre Venise pendant le Carnaval, en s\u00e9journant dans le luxe d\u2019un Resort \u00e0 4 \u00e9toiles, \u00e0 un prix tr\u00e8s int\u00e9ressant !<\/p>\n\n<\/div>\n<\/div><\/div>","protected":false},"excerpt":{"rendered":"","protected":false},"author":2,"featured_media":1420,"parent":0,"menu_order":0,"comment_status":"closed","ping_status":"closed","template":"","meta":{"_acf_changed":false,"advgb_blocks_editor_width":"","advgb_blocks_columns_visual_guide":"","footnotes":""},"class_list":["post-2051","page","type-page","status-publish","has-post-thumbnail","hentry","entry"],"acf":[],"yoast_head":"<!-- This site is optimized with the Yoast SEO plugin v25.3.1 - https:\/\/yoast.com\/wordpress\/plugins\/seo\/ -->\n<title>Offres pour le Carnaval - Venice Resort<\/title>\n<meta name=\"description\" content=\"Si vous \u00eates en train de chercher des offres d\u2019h\u00f4tel pour vivre en premi\u00e8re personne la magie du Carnaval de Venise vous pouvez profiter des rabais et des promotions de l\u2019H\u00f4tel Venice Resort.\" \/>\n<meta name=\"robots\" content=\"index, follow, max-snippet:-1, max-image-preview:large, max-video-preview:-1\" \/>\n<link rel=\"canonical\" href=\"https:\/\/www.hotelveniceresort.com\/fr\/offres-pour-le-carnaval\/\" \/>\n<meta property=\"og:locale\" content=\"fr_FR\" \/>\n<meta property=\"og:type\" content=\"article\" \/>\n<meta property=\"og:title\" content=\"Offres pour le Carnaval - Venice Resort\" \/>\n<meta property=\"og:description\" content=\"Si vous \u00eates en train de chercher des offres d\u2019h\u00f4tel pour vivre en premi\u00e8re personne la magie du Carnaval de Venise vous pouvez profiter des rabais et des promotions de l\u2019H\u00f4tel Venice Resort.\" \/>\n<meta property=\"og:url\" content=\"https:\/\/www.hotelveniceresort.com\/fr\/offres-pour-le-carnaval\/\" \/>\n<meta property=\"og:site_name\" content=\"Venice Resort\" \/>\n<meta property=\"article:modified_time\" content=\"2021-12-06T13:49:35+00:00\" \/>\n<meta property=\"og:image\" content=\"https:\/\/www.hotelveniceresort.com\/wp-content\/uploads\/2021\/11\/carnevale-venice.jpg\" \/>\n\t<meta property=\"og:image:width\" content=\"1200\" \/>\n\t<meta property=\"og:image:height\" content=\"800\" \/>\n\t<meta property=\"og:image:type\" content=\"image\/jpeg\" \/>\n<meta name=\"twitter:card\" content=\"summary_large_image\" \/>\n<meta name=\"twitter:label1\" content=\"Dur\u00e9e de lecture estim\u00e9e\" \/>\n\t<meta name=\"twitter:data1\" content=\"2 minutes\" \/>\n<script type=\"application\/ld+json\" class=\"yoast-schema-graph\">{\"@context\":\"https:\/\/schema.org\",\"@graph\":[{\"@type\":\"WebPage\",\"@id\":\"https:\/\/www.hotelveniceresort.com\/fr\/offres-pour-le-carnaval\/\",\"url\":\"https:\/\/www.hotelveniceresort.com\/fr\/offres-pour-le-carnaval\/\",\"name\":\"Offres pour le Carnaval - Venice Resort\",\"isPartOf\":{\"@id\":\"https:\/\/www.hotelveniceresort.com\/fr\/#website\"},\"primaryImageOfPage\":{\"@id\":\"https:\/\/www.hotelveniceresort.com\/fr\/offres-pour-le-carnaval\/#primaryimage\"},\"image\":{\"@id\":\"https:\/\/www.hotelveniceresort.com\/fr\/offres-pour-le-carnaval\/#primaryimage\"},\"thumbnailUrl\":\"https:\/\/www.hotelveniceresort.com\/wp-content\/uploads\/2021\/11\/carnevale-venice.jpg\",\"datePublished\":\"2021-11-05T16:16:47+00:00\",\"dateModified\":\"2021-12-06T13:49:35+00:00\",\"description\":\"Si vous \u00eates en train de chercher des offres d\u2019h\u00f4tel pour vivre en premi\u00e8re personne la magie du Carnaval de Venise vous pouvez profiter des rabais et des promotions de l\u2019H\u00f4tel Venice Resort.\",\"breadcrumb\":{\"@id\":\"https:\/\/www.hotelveniceresort.com\/fr\/offres-pour-le-carnaval\/#breadcrumb\"},\"inLanguage\":\"fr-FR\",\"potentialAction\":[{\"@type\":\"ReadAction\",\"target\":[\"https:\/\/www.hotelveniceresort.com\/fr\/offres-pour-le-carnaval\/\"]}]},{\"@type\":\"ImageObject\",\"inLanguage\":\"fr-FR\",\"@id\":\"https:\/\/www.hotelveniceresort.com\/fr\/offres-pour-le-carnaval\/#primaryimage\",\"url\":\"https:\/\/www.hotelveniceresort.com\/wp-content\/uploads\/2021\/11\/carnevale-venice.jpg\",\"contentUrl\":\"https:\/\/www.hotelveniceresort.com\/wp-content\/uploads\/2021\/11\/carnevale-venice.jpg\",\"width\":1200,\"height\":800,\"caption\":\"Traveler in airport terminal. Young man with luggage waiting for airplane.\"},{\"@type\":\"BreadcrumbList\",\"@id\":\"https:\/\/www.hotelveniceresort.com\/fr\/offres-pour-le-carnaval\/#breadcrumb\",\"itemListElement\":[{\"@type\":\"ListItem\",\"position\":1,\"name\":\"Home\",\"item\":\"https:\/\/www.hotelveniceresort.com\/fr\/\"},{\"@type\":\"ListItem\",\"position\":2,\"name\":\"Offres pour le Carnaval\"}]},{\"@type\":\"WebSite\",\"@id\":\"https:\/\/www.hotelveniceresort.com\/fr\/#website\",\"url\":\"https:\/\/www.hotelveniceresort.com\/fr\/\",\"name\":\"Venice Resort\",\"description\":\"\",\"publisher\":{\"@id\":\"https:\/\/www.hotelveniceresort.com\/fr\/#organization\"},\"potentialAction\":[{\"@type\":\"SearchAction\",\"target\":{\"@type\":\"EntryPoint\",\"urlTemplate\":\"https:\/\/www.hotelveniceresort.com\/fr\/?s={search_term_string}\"},\"query-input\":{\"@type\":\"PropertyValueSpecification\",\"valueRequired\":true,\"valueName\":\"search_term_string\"}}],\"inLanguage\":\"fr-FR\"},{\"@type\":\"Organization\",\"@id\":\"https:\/\/www.hotelveniceresort.com\/fr\/#organization\",\"name\":\"Venice Resort\",\"url\":\"https:\/\/www.hotelveniceresort.com\/fr\/\",\"logo\":{\"@type\":\"ImageObject\",\"inLanguage\":\"fr-FR\",\"@id\":\"https:\/\/www.hotelveniceresort.com\/fr\/#\/schema\/logo\/image\/\",\"url\":\"https:\/\/www.hotelveniceresort.com\/wp-content\/uploads\/2021\/10\/logo.png\",\"contentUrl\":\"https:\/\/www.hotelveniceresort.com\/wp-content\/uploads\/2021\/10\/logo.png\",\"width\":215,\"height\":78,\"caption\":\"Venice Resort\"},\"image\":{\"@id\":\"https:\/\/www.hotelveniceresort.com\/fr\/#\/schema\/logo\/image\/\"}}]}<\/script>\n<!-- \/ Yoast SEO plugin. -->","yoast_head_json":{"title":"Offres pour le Carnaval - Venice Resort","description":"Si vous \u00eates en train de chercher des offres d\u2019h\u00f4tel pour vivre en premi\u00e8re personne la magie du Carnaval de Venise vous pouvez profiter des rabais et des promotions de l\u2019H\u00f4tel Venice Resort.","robots":{"index":"index","follow":"follow","max-snippet":"max-snippet:-1","max-image-preview":"max-image-preview:large","max-video-preview":"max-video-preview:-1"},"canonical":"https:\/\/www.hotelveniceresort.com\/fr\/offres-pour-le-carnaval\/","og_locale":"fr_FR","og_type":"article","og_title":"Offres pour le Carnaval - Venice Resort","og_description":"Si vous \u00eates en train de chercher des offres d\u2019h\u00f4tel pour vivre en premi\u00e8re personne la magie du Carnaval de Venise vous pouvez profiter des rabais et des promotions de l\u2019H\u00f4tel Venice Resort.","og_url":"https:\/\/www.hotelveniceresort.com\/fr\/offres-pour-le-carnaval\/","og_site_name":"Venice Resort","article_modified_time":"2021-12-06T13:49:35+00:00","og_image":[{"width":1200,"height":800,"url":"https:\/\/www.hotelveniceresort.com\/wp-content\/uploads\/2021\/11\/carnevale-venice.jpg","type":"image\/jpeg"}],"twitter_card":"summary_large_image","twitter_misc":{"Dur\u00e9e de lecture estim\u00e9e":"2 minutes"},"schema":{"@context":"https:\/\/schema.org","@graph":[{"@type":"WebPage","@id":"https:\/\/www.hotelveniceresort.com\/fr\/offres-pour-le-carnaval\/","url":"https:\/\/www.hotelveniceresort.com\/fr\/offres-pour-le-carnaval\/","name":"Offres pour le Carnaval - Venice Resort","isPartOf":{"@id":"https:\/\/www.hotelveniceresort.com\/fr\/#website"},"primaryImageOfPage":{"@id":"https:\/\/www.hotelveniceresort.com\/fr\/offres-pour-le-carnaval\/#primaryimage"},"image":{"@id":"https:\/\/www.hotelveniceresort.com\/fr\/offres-pour-le-carnaval\/#primaryimage"},"thumbnailUrl":"https:\/\/www.hotelveniceresort.com\/wp-content\/uploads\/2021\/11\/carnevale-venice.jpg","datePublished":"2021-11-05T16:16:47+00:00","dateModified":"2021-12-06T13:49:35+00:00","description":"Si vous \u00eates en train de chercher des offres d\u2019h\u00f4tel pour vivre en premi\u00e8re personne la magie du Carnaval de Venise vous pouvez profiter des rabais et des promotions de l\u2019H\u00f4tel Venice Resort.","breadcrumb":{"@id":"https:\/\/www.hotelveniceresort.com\/fr\/offres-pour-le-carnaval\/#breadcrumb"},"inLanguage":"fr-FR","potentialAction":[{"@type":"ReadAction","target":["https:\/\/www.hotelveniceresort.com\/fr\/offres-pour-le-carnaval\/"]}]},{"@type":"ImageObject","inLanguage":"fr-FR","@id":"https:\/\/www.hotelveniceresort.com\/fr\/offres-pour-le-carnaval\/#primaryimage","url":"https:\/\/www.hotelveniceresort.com\/wp-content\/uploads\/2021\/11\/carnevale-venice.jpg","contentUrl":"https:\/\/www.hotelveniceresort.com\/wp-content\/uploads\/2021\/11\/carnevale-venice.jpg","width":1200,"height":800,"caption":"Traveler in airport terminal. Young man with luggage waiting for airplane."},{"@type":"BreadcrumbList","@id":"https:\/\/www.hotelveniceresort.com\/fr\/offres-pour-le-carnaval\/#breadcrumb","itemListElement":[{"@type":"ListItem","position":1,"name":"Home","item":"https:\/\/www.hotelveniceresort.com\/fr\/"},{"@type":"ListItem","position":2,"name":"Offres pour le Carnaval"}]},{"@type":"WebSite","@id":"https:\/\/www.hotelveniceresort.com\/fr\/#website","url":"https:\/\/www.hotelveniceresort.com\/fr\/","name":"Venice Resort","description":"","publisher":{"@id":"https:\/\/www.hotelveniceresort.com\/fr\/#organization"},"potentialAction":[{"@type":"SearchAction","target":{"@type":"EntryPoint","urlTemplate":"https:\/\/www.hotelveniceresort.com\/fr\/?s={search_term_string}"},"query-input":{"@type":"PropertyValueSpecification","valueRequired":true,"valueName":"search_term_string"}}],"inLanguage":"fr-FR"},{"@type":"Organization","@id":"https:\/\/www.hotelveniceresort.com\/fr\/#organization","name":"Venice Resort","url":"https:\/\/www.hotelveniceresort.com\/fr\/","logo":{"@type":"ImageObject","inLanguage":"fr-FR","@id":"https:\/\/www.hotelveniceresort.com\/fr\/#\/schema\/logo\/image\/","url":"https:\/\/www.hotelveniceresort.com\/wp-content\/uploads\/2021\/10\/logo.png","contentUrl":"https:\/\/www.hotelveniceresort.com\/wp-content\/uploads\/2021\/10\/logo.png","width":215,"height":78,"caption":"Venice Resort"},"image":{"@id":"https:\/\/www.hotelveniceresort.com\/fr\/#\/schema\/logo\/image\/"}}]}},"coauthors":[],"author_meta":{"author_link":"https:\/\/www.hotelveniceresort.com\/fr\/author\/v3n1c3-r3s0r5\/","display_name":"v3n1c3-r3s0r5"},"relative_dates":{"created":"Publi\u00e9 4 ans il y a","modified":"Mis \u00e0 jour 4 ans il y a"},"absolute_dates":{"created":"Publi\u00e9 le novembre 5, 2021","modified":"Mise \u00e0 jour le d\u00e9cembre 6, 2021"},"absolute_dates_time":{"created":"Publi\u00e9 le novembre 5, 2021 5:16 pm","modified":"Mise \u00e0 jour le d\u00e9cembre 6, 2021 2:49 pm"},"featured_img_caption":"Traveler in airport terminal. Young man with luggage waiting for airplane.","featured_img":"https:\/\/www.hotelveniceresort.com\/wp-content\/uploads\/2021\/11\/carnevale-venice.jpg","series_order":"","_links":{"self":[{"href":"https:\/\/www.hotelveniceresort.com\/fr\/wp-json\/wp\/v2\/pages\/2051","targetHints":{"allow":["GET"]}}],"collection":[{"href":"https:\/\/www.hotelveniceresort.com\/fr\/wp-json\/wp\/v2\/pages"}],"about":[{"href":"https:\/\/www.hotelveniceresort.com\/fr\/wp-json\/wp\/v2\/types\/page"}],"author":[{"embeddable":true,"href":"https:\/\/www.hotelveniceresort.com\/fr\/wp-json\/wp\/v2\/users\/2"}],"replies":[{"embeddable":true,"href":"https:\/\/www.hotelveniceresort.com\/fr\/wp-json\/wp\/v2\/comments?post=2051"}],"version-history":[{"count":1,"href":"https:\/\/www.hotelveniceresort.com\/fr\/wp-json\/wp\/v2\/pages\/2051\/revisions"}],"predecessor-version":[{"id":2053,"href":"https:\/\/www.hotelveniceresort.com\/fr\/wp-json\/wp\/v2\/pages\/2051\/revisions\/2053"}],"wp:featuredmedia":[{"embeddable":true,"href":"https:\/\/www.hotelveniceresort.com\/fr\/wp-json\/wp\/v2\/media\/1420"}],"wp:attachment":[{"href":"https:\/\/www.hotelveniceresort.com\/fr\/wp-json\/wp\/v2\/media?parent=2051"}],"curies":[{"name":"wp","href":"https:\/\/api.w.org\/{rel}","templated":true}]}}