{"id":2061,"date":"2021-11-05T12:39:03","date_gmt":"2021-11-05T11:39:03","guid":{"rendered":"https:\/\/www.hotelveniceresort.com\/prenotazioni\/"},"modified":"2021-12-07T15:59:16","modified_gmt":"2021-12-07T14:59:16","slug":"reservations","status":"publish","type":"page","link":"https:\/\/www.hotelveniceresort.com\/fr\/reservations\/","title":{"rendered":"R\u00e9servations"},"content":{"rendered":"<div  class=\"grids-section grids-is-advanced alignfull\" style=\"--_gs-gap-desktop:0px 0px;--_gs-m-desktop:0 0 0 0;--_gs-p-desktop:0 0 0 0;--_gs-bg-desktop:transparent none;--_gs-bg-xp-desktop:0px;--_gs-zi-desktop:auto;--_gs-d-desktop:block;--_gs-mw-desktop:calc(100% - 0 - 0);--_gs-gap-tablet:0px 0px;--_gs-m-tablet:0 0 0 0;--_gs-p-tablet:0 0 0 0;--_gs-bg-tablet:transparent none;--_gs-bg-xp-tablet:0px;--_gs-zi-tablet:auto;--_gs-d-tablet:block;--_gs-mw-tablet:calc(100% - 0 - 0);--_gs-gap-mobile:0px 0px;--_gs-m-mobile:0 0 0 0;--_gs-p-mobile:0 0 0 0;--_gs-bg-mobile:transparent none;--_gs-bg-xp-mobile:0px;--_gs-zi-mobile:auto;--_gs-d-mobile:block;--_gs-mw-mobile:calc(100% - 0 - 0);--_gs-columns:12;--_gs-rows:6\"><div class=\"grids-s-w_i\">\n<div class=\"grids-area\" style=\"--_ga-column:2\/12;--_ga-row:1\/7;--_ga-m-desktop:0 0 0 0;--_ga-p-desktop:0 0 0 0;--_ga-bg-desktop:transparent none;--_ga-zi-desktop:auto;--_ga-d-desktop:flex;--_ga-mw-desktop:calc(100% - 0 - 0);--_ga-m-tablet:0 0 0 0;--_ga-p-tablet:0 0 0 0;--_ga-bg-tablet:transparent none;--_ga-zi-tablet:auto;--_ga-d-tablet:flex;--_ga-mw-tablet:calc(100% - 0 - 0);--_ga-m-mobile:0 0 0 0;--_ga-p-mobile:0 0 0 0;--_ga-bg-mobile:transparent none;--_ga-zi-mobile:auto;--_ga-d-mobile:flex;--_ga-mw-mobile:calc(100% - 0 - 0)\">\n<div  class=\"grids-section grids-is-advanced\" style=\"--_gs-gap-desktop:0px 0px;--_gs-m-desktop:0 0 0 0;--_gs-p-desktop:0 0 0 0;--_gs-bg-desktop:transparent none;--_gs-bg-xp-desktop:0px;--_gs-zi-desktop:auto;--_gs-d-desktop:block;--_gs-mw-desktop:calc(100% - 0 - 0);--_gs-gap-tablet:0px 0px;--_gs-m-tablet:0 0 0 0;--_gs-p-tablet:0 0 0 0;--_gs-bg-tablet:transparent none;--_gs-bg-xp-tablet:0px;--_gs-zi-tablet:auto;--_gs-d-tablet:block;--_gs-mw-tablet:calc(100% - 0 - 0);--_gs-gap-mobile:0px 0px;--_gs-m-mobile:0 0 0 0;--_gs-p-mobile:0 0 0 0;--_gs-bg-mobile:transparent none;--_gs-bg-xp-mobile:0px;--_gs-zi-mobile:auto;--_gs-d-mobile:block;--_gs-mw-mobile:calc(100% - 0 - 0);--_gs-columns:12;--_gs-rows:6\"><div class=\"grids-s-w_i\">\n<div class=\"grids-area\" style=\"--_ga-column:1\/7;--_ga-row:1\/7;--_ga-m-desktop:0 0 0 0;--_ga-p-desktop:0 0 0 0;--_ga-bg-desktop:transparent none;--_ga-zi-desktop:auto;--_ga-d-desktop:flex;--_ga-mw-desktop:calc(100% - 0 - 0);--_ga-m-tablet:0 0 0 0;--_ga-p-tablet:0 0 0 0;--_ga-bg-tablet:transparent none;--_ga-zi-tablet:auto;--_ga-d-tablet:flex;--_ga-mw-tablet:calc(100% - 0 - 0);--_ga-m-mobile:0 0 0 0;--_ga-p-mobile:0 0 0 0;--_ga-bg-mobile:transparent none;--_ga-zi-mobile:auto;--_ga-d-mobile:flex;--_ga-mw-mobile:calc(100% - 0 - 0)\">\n\n<p>L&rsquo;H\u00f4tel Venice Resort est une structure qui va \u00e0 la rencontre des exigences de tous ceux qui s\u00e9journent \u00e0 Venise pour leurs loisirs, leurs affaires, leurs \u00e9tudes, de ceux qui voyagent en couples, seuls ou en famille.<\/p>\n\n\n\n<p>Des espaces con\u00e7us en fonction de l\u2019organisation de meetings et d\u2019\u00e9v\u00e8nements qui se conjuguent \u00e0 un confort que seuls les services d\u2019un h\u00f4tel 4 \u00e9toiles peuvent garantir, dont :<\/p>\n\n\n\n<ul class=\"wp-block-list\"><li>La Wifi gratuite,<\/li><li>La <a href=\"https:\/\/www.hotelveniceresort.com\/fr\/piscine-exterieure\/\">piscine ext\u00e9rieure<\/a>,<\/li><li>Le service bicyclettes,<\/li><li>Le <a href=\"https:\/\/www.hotelveniceresort.com\/fr\/prima-colazione\/\">petit d\u00e9jeuner <\/a>inclus dans le prix,<\/li><li>Le <a href=\"https:\/\/www.hotelveniceresort.com\/fr\/parking-gratuit\/\">parking priv\u00e9<\/a>,<\/li><li>Le jardin,<\/li><li>Le bar et<\/li><li>La v\u00e9randa ext\u00e9rieure r\u00e9chauff\u00e9e en hiver.<\/li><\/ul>\n\n<\/div>\n\n<div class=\"grids-area\" style=\"--_ga-column:7\/13;--_ga-row:1\/7;--_ga-m-desktop:0 0 0 0;--_ga-p-desktop:0 0 0 0;--_ga-bg-desktop:transparent none;--_ga-zi-desktop:auto;--_ga-d-desktop:flex;--_ga-mw-desktop:calc(100% - 0 - 0);--_ga-m-tablet:0 0 0 0;--_ga-p-tablet:0 0 0 0;--_ga-bg-tablet:transparent none;--_ga-zi-tablet:auto;--_ga-d-tablet:flex;--_ga-mw-tablet:calc(100% - 0 - 0);--_ga-m-mobile:0 0 0 0;--_ga-p-mobile:0 0 0 0;--_ga-bg-mobile:transparent none;--_ga-zi-mobile:auto;--_ga-d-mobile:flex;--_ga-mw-mobile:calc(100% - 0 - 0)\">\n\r\n    <div class=\"custom-gallery-wrapper custom-gallery-wrapper-column-2\">\r\n                    <span class=\"custom-gallery-label\">Tous les services d\u2019un h\u00f4tel 4 \u00e9toiles<\/span>\r\n                <span class=\"enable-fullscreen\" onclick=\"showHideFotorama('custom-gallery_2', 0);\">\r\n            <i class=\"far fa-expand\"><\/i>\r\n        <\/span>\r\n                                        <figure class=\"full-width gallery-wrapper-image gallery-wrapper-image-0\" onclick=\"showHideFotorama('custom-gallery_2', 0);\">\r\n                <img decoding=\"async\" class=\"gallery-wrapper-image-small\" src=\"https:\/\/www.hotelveniceresort.com\/wp-content\/uploads\/2021\/10\/immagine-piscina-homepage.jpg\">\r\n            <\/figure>\r\n                                            <figure class=\"full-width gallery-wrapper-image gallery-wrapper-image-1\" onclick=\"showHideFotorama('custom-gallery_2', 1);\">\r\n                <img decoding=\"async\" class=\"gallery-wrapper-image-small\" src=\"https:\/\/www.hotelveniceresort.com\/wp-content\/uploads\/2021\/11\/prima-colazione.jpg\">\r\n            <\/figure>\r\n                                            <figure class=\"full-width gallery-wrapper-image gallery-wrapper-image-2\" onclick=\"showHideFotorama('custom-gallery_2', 2);\">\r\n                <img decoding=\"async\" class=\"gallery-wrapper-image-small\" src=\"https:\/\/www.hotelveniceresort.com\/wp-content\/uploads\/2021\/11\/esterno-venice-resort.jpg\">\r\n            <\/figure>\r\n                        <\/div>\r\n\r\n    <div style=\"width:1px;height:1px;position:absolute;\" name=\"fotorama\" id=\"custom-gallery_2\" class=\"fotorama\" data-width=\"100%\"  data-nav=\"thumbs\"  data-allowfullscreen=\"true\" >\r\n                    <img decoding=\"async\" src=\"https:\/\/www.hotelveniceresort.com\/wp-content\/uploads\/2021\/10\/immagine-piscina-homepage.jpg\" class=\"attachment-full skip-lazy\" \/>\r\n                    <img decoding=\"async\" src=\"https:\/\/www.hotelveniceresort.com\/wp-content\/uploads\/2021\/11\/prima-colazione.jpg\" class=\"attachment-full skip-lazy\" \/>\r\n                    <img decoding=\"async\" src=\"https:\/\/www.hotelveniceresort.com\/wp-content\/uploads\/2021\/11\/esterno-venice-resort.jpg\" class=\"attachment-full skip-lazy\" \/>\r\n            <\/div>\r\n\r\n\n\n<\/div>\n<\/div><\/div>\n\n\n<p>Tout cela dans une position extr\u00eamement strat\u00e9gique et confortable, \u00e0 seulement 1 km de distance de l\u2019A\u00e9roport Marco Polo de Venise, \u00e0 peu de minutes du Casino de Ca\u2019 Noghera et tr\u00e8s proche de Venise, accessible en bus, en taxi, en vaporetto et en train.<\/p>\n\n\n\n<p>Des chambres pour toutes les exigences (Simples, Doubles, Junior Suites), une vaste salle de r\u00e9union dot\u00e9e de toutes les modernes technologies n\u00e9cessaires, et la vaste gamme de services font de cet h\u00f4tel le lieu id\u00e9al pour les voyages d\u2019affaires.<\/p>\n\n\n\n<p>Au<strong> Venice Resort <\/strong>nous offrons aussi quelques services en plus, comme la possibilit\u00e9 d\u2019un <a href=\"https:\/\/www.hotelveniceresort.com\/fr\/tour-en-helicoptere\/\">tour en h\u00e9licopt\u00e8re<\/a>, en survolant la lagune et ses iles, ou en allant jusqu\u2019\u00e0 Cortina ou Milan, par exemple.<\/p>\n\n\n\n<p>Consultez notre service de r\u00e9servation en ligne et v\u00e9rifiez la disponibilit\u00e9 des dates qui vous int\u00e9ressent. Si en revanche vous avez besoin de prix et de devis personnalis\u00e9s, \u00e9crivez-nous ou appelez-nous et nous vous indiquerons toutes les solutions possibles.<\/p>\n\n\n\n<p>Vos vacances \u00e0 Venise commencent d\u2019ici : d\u00e9couvrez comme il est simple de r\u00e9server et de demander des renseignements.<\/p>\n\n<\/div>\n<\/div><\/div>\n\n<div  class=\"grids-section grids-is-advanced alignfull\" style=\"--_gs-gap-desktop:0px 0px;--_gs-m-desktop:0 0 0 0;--_gs-p-desktop:0 0 0 0;--_gs-bg-desktop:transparent none;--_gs-bg-xp-desktop:0px;--_gs-zi-desktop:auto;--_gs-d-desktop:block;--_gs-mw-desktop:calc(100% - 0 - 0);--_gs-gap-tablet:0px 0px;--_gs-m-tablet:0 0 0 0;--_gs-p-tablet:0 0 0 0;--_gs-bg-tablet:transparent none;--_gs-bg-xp-tablet:0px;--_gs-zi-tablet:auto;--_gs-d-tablet:block;--_gs-mw-tablet:calc(100% - 0 - 0);--_gs-gap-mobile:0px 0px;--_gs-m-mobile:0 0 0 0;--_gs-p-mobile:0 0 0 0;--_gs-bg-mobile:transparent none;--_gs-bg-xp-mobile:0px;--_gs-zi-mobile:auto;--_gs-d-mobile:block;--_gs-mw-mobile:calc(100% - 0 - 0);--_gs-columns:12;--_gs-rows:6\"><div class=\"grids-s-w_i\">\n<div class=\"grids-area\" style=\"--_ga-column:2\/12;--_ga-row:1\/7;--_ga-m-desktop:0 0 0 0;--_ga-p-desktop:0 0 0 0;--_ga-bg-desktop:transparent none;--_ga-zi-desktop:auto;--_ga-d-desktop:flex;--_ga-mw-desktop:calc(100% - 0 - 0);--_ga-m-tablet:0 0 0 0;--_ga-p-tablet:0 0 0 0;--_ga-bg-tablet:transparent none;--_ga-zi-tablet:auto;--_ga-d-tablet:flex;--_ga-mw-tablet:calc(100% - 0 - 0);--_ga-m-mobile:0 0 0 0;--_ga-p-mobile:0 0 0 0;--_ga-bg-mobile:transparent none;--_ga-zi-mobile:auto;--_ga-d-mobile:flex;--_ga-mw-mobile:calc(100% - 0 - 0)\">\n\n<h2 class=\"wp-block-heading\">Vous pourriez aussi \u00eatre int\u00e9ress\u00e9 \u2026<\/h2>\n\n\n\r\n    <div class=\"related-pages-container\">\r\n                                 <div class=\"single-related-page-container\">\r\n                <a href=\"https:\/\/www.hotelveniceresort.com\/fr\/chambres\/\">\r\n                    <figure class=\"full-width\">\r\n                        <img decoding=\"async\" src=\"https:\/\/www.hotelveniceresort.com\/wp-content\/uploads\/2021\/11\/camere-banner.jpg\" \/>\r\n                    <\/figure>\r\n                <\/a>\r\n                <a href=\"https:\/\/www.hotelveniceresort.com\/fr\/chambres\/\">\r\n                    <h3 class=\"related-page-title\">\r\n                        Chambres                    <\/h3>\r\n                <\/a>\r\n                <a href=\"https:\/\/www.hotelveniceresort.com\/fr\/chambres\/\" class=\"btn btn-center\">\r\n                    D\u00e9couvrir plus                <\/a>\r\n            <\/div>\r\n                                 <div class=\"single-related-page-container\">\r\n                <a href=\"https:\/\/www.hotelveniceresort.com\/fr\/offres\/\">\r\n                    <figure class=\"full-width\">\r\n                        <img decoding=\"async\" src=\"https:\/\/www.hotelveniceresort.com\/wp-content\/uploads\/2021\/11\/offerte-venice-banner.jpg\" \/>\r\n                    <\/figure>\r\n                <\/a>\r\n                <a href=\"https:\/\/www.hotelveniceresort.com\/fr\/offres\/\">\r\n                    <h3 class=\"related-page-title\">\r\n                        Offres                    <\/h3>\r\n                <\/a>\r\n                <a href=\"https:\/\/www.hotelveniceresort.com\/fr\/offres\/\" class=\"btn btn-center\">\r\n                    D\u00e9couvrir plus                <\/a>\r\n            <\/div>\r\n                                 <div class=\"single-related-page-container\">\r\n                <a href=\"https:\/\/www.hotelveniceresort.com\/fr\/protocole-anti-covid\/\">\r\n                    <figure class=\"full-width\">\r\n                        <img decoding=\"async\" src=\"https:\/\/www.hotelveniceresort.com\/wp-content\/uploads\/2021\/10\/singolo-servizio-giardino.jpg\" \/>\r\n                    <\/figure>\r\n                <\/a>\r\n                <a href=\"https:\/\/www.hotelveniceresort.com\/fr\/protocole-anti-covid\/\">\r\n                    <h3 class=\"related-page-title\">\r\n                        Protocole Anti-Covid                    <\/h3>\r\n                <\/a>\r\n                <a href=\"https:\/\/www.hotelveniceresort.com\/fr\/protocole-anti-covid\/\" class=\"btn btn-center\">\r\n                    D\u00e9couvrir plus                <\/a>\r\n            <\/div>\r\n            <\/div>\r\n\n\n<\/div>\n<\/div><\/div>","protected":false},"excerpt":{"rendered":"","protected":false},"author":2,"featured_media":1380,"parent":0,"menu_order":0,"comment_status":"closed","ping_status":"closed","template":"","meta":{"_acf_changed":false,"advgb_blocks_editor_width":"","advgb_blocks_columns_visual_guide":"","footnotes":""},"class_list":["post-2061","page","type-page","status-publish","has-post-thumbnail","hentry","entry"],"acf":[],"yoast_head":"<!-- This site is optimized with the Yoast SEO plugin v25.3.1 - https:\/\/yoast.com\/wordpress\/plugins\/seo\/ -->\n<title>R\u00e9servations - Venice Resort<\/title>\n<meta name=\"description\" content=\"D\u00e9couvrez comment r\u00e9server votre s\u00e9jour dans notre H\u00f4tel 4 \u00e9toiles pr\u00e8s de Venise et de l\u2019a\u00e9roport Marco Polo. Sur notre site vous trouverez les meilleures offres !\" \/>\n<meta name=\"robots\" content=\"index, follow, max-snippet:-1, max-image-preview:large, max-video-preview:-1\" \/>\n<link rel=\"canonical\" href=\"https:\/\/www.hotelveniceresort.com\/fr\/reservations\/\" \/>\n<meta property=\"og:locale\" content=\"fr_FR\" \/>\n<meta property=\"og:type\" content=\"article\" \/>\n<meta property=\"og:title\" content=\"R\u00e9servations - Venice Resort\" \/>\n<meta property=\"og:description\" content=\"D\u00e9couvrez comment r\u00e9server votre s\u00e9jour dans notre H\u00f4tel 4 \u00e9toiles pr\u00e8s de Venise et de l\u2019a\u00e9roport Marco Polo. Sur notre site vous trouverez les meilleures offres !\" \/>\n<meta property=\"og:url\" content=\"https:\/\/www.hotelveniceresort.com\/fr\/reservations\/\" \/>\n<meta property=\"og:site_name\" content=\"Venice Resort\" \/>\n<meta property=\"article:modified_time\" content=\"2021-12-07T14:59:16+00:00\" \/>\n<meta property=\"og:image\" content=\"https:\/\/www.hotelveniceresort.com\/wp-content\/uploads\/2021\/10\/singolo-servizio-giardino.jpg\" \/>\n\t<meta property=\"og:image:width\" content=\"720\" \/>\n\t<meta property=\"og:image:height\" content=\"480\" \/>\n\t<meta property=\"og:image:type\" content=\"image\/jpeg\" \/>\n<meta name=\"twitter:card\" content=\"summary_large_image\" \/>\n<meta name=\"twitter:label1\" content=\"Dur\u00e9e de lecture estim\u00e9e\" \/>\n\t<meta name=\"twitter:data1\" content=\"2 minutes\" \/>\n<script type=\"application\/ld+json\" class=\"yoast-schema-graph\">{\"@context\":\"https:\/\/schema.org\",\"@graph\":[{\"@type\":\"WebPage\",\"@id\":\"https:\/\/www.hotelveniceresort.com\/fr\/reservations\/\",\"url\":\"https:\/\/www.hotelveniceresort.com\/fr\/reservations\/\",\"name\":\"R\u00e9servations - Venice Resort\",\"isPartOf\":{\"@id\":\"https:\/\/www.hotelveniceresort.com\/fr\/#website\"},\"primaryImageOfPage\":{\"@id\":\"https:\/\/www.hotelveniceresort.com\/fr\/reservations\/#primaryimage\"},\"image\":{\"@id\":\"https:\/\/www.hotelveniceresort.com\/fr\/reservations\/#primaryimage\"},\"thumbnailUrl\":\"https:\/\/www.hotelveniceresort.com\/wp-content\/uploads\/2021\/10\/singolo-servizio-giardino.jpg\",\"datePublished\":\"2021-11-05T11:39:03+00:00\",\"dateModified\":\"2021-12-07T14:59:16+00:00\",\"description\":\"D\u00e9couvrez comment r\u00e9server votre s\u00e9jour dans notre H\u00f4tel 4 \u00e9toiles pr\u00e8s de Venise et de l\u2019a\u00e9roport Marco Polo. Sur notre site vous trouverez les meilleures offres !\",\"breadcrumb\":{\"@id\":\"https:\/\/www.hotelveniceresort.com\/fr\/reservations\/#breadcrumb\"},\"inLanguage\":\"fr-FR\",\"potentialAction\":[{\"@type\":\"ReadAction\",\"target\":[\"https:\/\/www.hotelveniceresort.com\/fr\/reservations\/\"]}]},{\"@type\":\"ImageObject\",\"inLanguage\":\"fr-FR\",\"@id\":\"https:\/\/www.hotelveniceresort.com\/fr\/reservations\/#primaryimage\",\"url\":\"https:\/\/www.hotelveniceresort.com\/wp-content\/uploads\/2021\/10\/singolo-servizio-giardino.jpg\",\"contentUrl\":\"https:\/\/www.hotelveniceresort.com\/wp-content\/uploads\/2021\/10\/singolo-servizio-giardino.jpg\",\"width\":720,\"height\":480},{\"@type\":\"BreadcrumbList\",\"@id\":\"https:\/\/www.hotelveniceresort.com\/fr\/reservations\/#breadcrumb\",\"itemListElement\":[{\"@type\":\"ListItem\",\"position\":1,\"name\":\"Home\",\"item\":\"https:\/\/www.hotelveniceresort.com\/fr\/\"},{\"@type\":\"ListItem\",\"position\":2,\"name\":\"R\u00e9servations\"}]},{\"@type\":\"WebSite\",\"@id\":\"https:\/\/www.hotelveniceresort.com\/fr\/#website\",\"url\":\"https:\/\/www.hotelveniceresort.com\/fr\/\",\"name\":\"Venice Resort\",\"description\":\"\",\"publisher\":{\"@id\":\"https:\/\/www.hotelveniceresort.com\/fr\/#organization\"},\"potentialAction\":[{\"@type\":\"SearchAction\",\"target\":{\"@type\":\"EntryPoint\",\"urlTemplate\":\"https:\/\/www.hotelveniceresort.com\/fr\/?s={search_term_string}\"},\"query-input\":{\"@type\":\"PropertyValueSpecification\",\"valueRequired\":true,\"valueName\":\"search_term_string\"}}],\"inLanguage\":\"fr-FR\"},{\"@type\":\"Organization\",\"@id\":\"https:\/\/www.hotelveniceresort.com\/fr\/#organization\",\"name\":\"Venice Resort\",\"url\":\"https:\/\/www.hotelveniceresort.com\/fr\/\",\"logo\":{\"@type\":\"ImageObject\",\"inLanguage\":\"fr-FR\",\"@id\":\"https:\/\/www.hotelveniceresort.com\/fr\/#\/schema\/logo\/image\/\",\"url\":\"https:\/\/www.hotelveniceresort.com\/wp-content\/uploads\/2021\/10\/logo.png\",\"contentUrl\":\"https:\/\/www.hotelveniceresort.com\/wp-content\/uploads\/2021\/10\/logo.png\",\"width\":215,\"height\":78,\"caption\":\"Venice Resort\"},\"image\":{\"@id\":\"https:\/\/www.hotelveniceresort.com\/fr\/#\/schema\/logo\/image\/\"}}]}<\/script>\n<!-- \/ Yoast SEO plugin. -->","yoast_head_json":{"title":"R\u00e9servations - Venice Resort","description":"D\u00e9couvrez comment r\u00e9server votre s\u00e9jour dans notre H\u00f4tel 4 \u00e9toiles pr\u00e8s de Venise et de l\u2019a\u00e9roport Marco Polo. Sur notre site vous trouverez les meilleures offres !","robots":{"index":"index","follow":"follow","max-snippet":"max-snippet:-1","max-image-preview":"max-image-preview:large","max-video-preview":"max-video-preview:-1"},"canonical":"https:\/\/www.hotelveniceresort.com\/fr\/reservations\/","og_locale":"fr_FR","og_type":"article","og_title":"R\u00e9servations - Venice Resort","og_description":"D\u00e9couvrez comment r\u00e9server votre s\u00e9jour dans notre H\u00f4tel 4 \u00e9toiles pr\u00e8s de Venise et de l\u2019a\u00e9roport Marco Polo. Sur notre site vous trouverez les meilleures offres !","og_url":"https:\/\/www.hotelveniceresort.com\/fr\/reservations\/","og_site_name":"Venice Resort","article_modified_time":"2021-12-07T14:59:16+00:00","og_image":[{"width":720,"height":480,"url":"https:\/\/www.hotelveniceresort.com\/wp-content\/uploads\/2021\/10\/singolo-servizio-giardino.jpg","type":"image\/jpeg"}],"twitter_card":"summary_large_image","twitter_misc":{"Dur\u00e9e de lecture estim\u00e9e":"2 minutes"},"schema":{"@context":"https:\/\/schema.org","@graph":[{"@type":"WebPage","@id":"https:\/\/www.hotelveniceresort.com\/fr\/reservations\/","url":"https:\/\/www.hotelveniceresort.com\/fr\/reservations\/","name":"R\u00e9servations - Venice Resort","isPartOf":{"@id":"https:\/\/www.hotelveniceresort.com\/fr\/#website"},"primaryImageOfPage":{"@id":"https:\/\/www.hotelveniceresort.com\/fr\/reservations\/#primaryimage"},"image":{"@id":"https:\/\/www.hotelveniceresort.com\/fr\/reservations\/#primaryimage"},"thumbnailUrl":"https:\/\/www.hotelveniceresort.com\/wp-content\/uploads\/2021\/10\/singolo-servizio-giardino.jpg","datePublished":"2021-11-05T11:39:03+00:00","dateModified":"2021-12-07T14:59:16+00:00","description":"D\u00e9couvrez comment r\u00e9server votre s\u00e9jour dans notre H\u00f4tel 4 \u00e9toiles pr\u00e8s de Venise et de l\u2019a\u00e9roport Marco Polo. Sur notre site vous trouverez les meilleures offres !","breadcrumb":{"@id":"https:\/\/www.hotelveniceresort.com\/fr\/reservations\/#breadcrumb"},"inLanguage":"fr-FR","potentialAction":[{"@type":"ReadAction","target":["https:\/\/www.hotelveniceresort.com\/fr\/reservations\/"]}]},{"@type":"ImageObject","inLanguage":"fr-FR","@id":"https:\/\/www.hotelveniceresort.com\/fr\/reservations\/#primaryimage","url":"https:\/\/www.hotelveniceresort.com\/wp-content\/uploads\/2021\/10\/singolo-servizio-giardino.jpg","contentUrl":"https:\/\/www.hotelveniceresort.com\/wp-content\/uploads\/2021\/10\/singolo-servizio-giardino.jpg","width":720,"height":480},{"@type":"BreadcrumbList","@id":"https:\/\/www.hotelveniceresort.com\/fr\/reservations\/#breadcrumb","itemListElement":[{"@type":"ListItem","position":1,"name":"Home","item":"https:\/\/www.hotelveniceresort.com\/fr\/"},{"@type":"ListItem","position":2,"name":"R\u00e9servations"}]},{"@type":"WebSite","@id":"https:\/\/www.hotelveniceresort.com\/fr\/#website","url":"https:\/\/www.hotelveniceresort.com\/fr\/","name":"Venice Resort","description":"","publisher":{"@id":"https:\/\/www.hotelveniceresort.com\/fr\/#organization"},"potentialAction":[{"@type":"SearchAction","target":{"@type":"EntryPoint","urlTemplate":"https:\/\/www.hotelveniceresort.com\/fr\/?s={search_term_string}"},"query-input":{"@type":"PropertyValueSpecification","valueRequired":true,"valueName":"search_term_string"}}],"inLanguage":"fr-FR"},{"@type":"Organization","@id":"https:\/\/www.hotelveniceresort.com\/fr\/#organization","name":"Venice Resort","url":"https:\/\/www.hotelveniceresort.com\/fr\/","logo":{"@type":"ImageObject","inLanguage":"fr-FR","@id":"https:\/\/www.hotelveniceresort.com\/fr\/#\/schema\/logo\/image\/","url":"https:\/\/www.hotelveniceresort.com\/wp-content\/uploads\/2021\/10\/logo.png","contentUrl":"https:\/\/www.hotelveniceresort.com\/wp-content\/uploads\/2021\/10\/logo.png","width":215,"height":78,"caption":"Venice Resort"},"image":{"@id":"https:\/\/www.hotelveniceresort.com\/fr\/#\/schema\/logo\/image\/"}}]}},"coauthors":[],"author_meta":{"author_link":"https:\/\/www.hotelveniceresort.com\/fr\/author\/v3n1c3-r3s0r5\/","display_name":"v3n1c3-r3s0r5"},"relative_dates":{"created":"Publi\u00e9 4 ans il y a","modified":"Mis \u00e0 jour 4 ans il y a"},"absolute_dates":{"created":"Publi\u00e9 le novembre 5, 2021","modified":"Mise \u00e0 jour le d\u00e9cembre 7, 2021"},"absolute_dates_time":{"created":"Publi\u00e9 le novembre 5, 2021 12:39 pm","modified":"Mise \u00e0 jour le d\u00e9cembre 7, 2021 3:59 pm"},"featured_img_caption":"","featured_img":"https:\/\/www.hotelveniceresort.com\/wp-content\/uploads\/2021\/10\/singolo-servizio-giardino.jpg","series_order":"","_links":{"self":[{"href":"https:\/\/www.hotelveniceresort.com\/fr\/wp-json\/wp\/v2\/pages\/2061","targetHints":{"allow":["GET"]}}],"collection":[{"href":"https:\/\/www.hotelveniceresort.com\/fr\/wp-json\/wp\/v2\/pages"}],"about":[{"href":"https:\/\/www.hotelveniceresort.com\/fr\/wp-json\/wp\/v2\/types\/page"}],"author":[{"embeddable":true,"href":"https:\/\/www.hotelveniceresort.com\/fr\/wp-json\/wp\/v2\/users\/2"}],"replies":[{"embeddable":true,"href":"https:\/\/www.hotelveniceresort.com\/fr\/wp-json\/wp\/v2\/comments?post=2061"}],"version-history":[{"count":5,"href":"https:\/\/www.hotelveniceresort.com\/fr\/wp-json\/wp\/v2\/pages\/2061\/revisions"}],"predecessor-version":[{"id":2259,"href":"https:\/\/www.hotelveniceresort.com\/fr\/wp-json\/wp\/v2\/pages\/2061\/revisions\/2259"}],"wp:featuredmedia":[{"embeddable":true,"href":"https:\/\/www.hotelveniceresort.com\/fr\/wp-json\/wp\/v2\/media\/1380"}],"wp:attachment":[{"href":"https:\/\/www.hotelveniceresort.com\/fr\/wp-json\/wp\/v2\/media?parent=2061"}],"curies":[{"name":"wp","href":"https:\/\/api.w.org\/{rel}","templated":true}]}}