{"id":2076,"date":"2021-11-05T11:42:27","date_gmt":"2021-11-05T10:42:27","guid":{"rendered":"https:\/\/www.hotelveniceresort.com\/servizi\/"},"modified":"2021-12-07T15:59:33","modified_gmt":"2021-12-07T14:59:33","slug":"services","status":"publish","type":"page","link":"https:\/\/www.hotelveniceresort.com\/fr\/services\/","title":{"rendered":"Services"},"content":{"rendered":"<div  class=\"grids-section grids-is-advanced alignfull\" style=\"--_gs-gap-desktop:0px 0px;--_gs-m-desktop:0 0 0 0;--_gs-p-desktop:0 0 0 0;--_gs-bg-desktop:transparent none;--_gs-bg-xp-desktop:0px;--_gs-zi-desktop:auto;--_gs-d-desktop:block;--_gs-mw-desktop:calc(100% - 0 - 0);--_gs-gap-tablet:0px 0px;--_gs-m-tablet:0 0 0 0;--_gs-p-tablet:0 0 0 0;--_gs-bg-tablet:transparent none;--_gs-bg-xp-tablet:0px;--_gs-zi-tablet:auto;--_gs-d-tablet:block;--_gs-mw-tablet:calc(100% - 0 - 0);--_gs-gap-mobile:0px 0px;--_gs-m-mobile:0 0 0 0;--_gs-p-mobile:0 0 0 0;--_gs-bg-mobile:transparent none;--_gs-bg-xp-mobile:0px;--_gs-zi-mobile:auto;--_gs-d-mobile:block;--_gs-mw-mobile:calc(100% - 0 - 0);--_gs-columns:12;--_gs-rows:6\"><div class=\"grids-s-w_i\">\n<div class=\"grids-area\" style=\"--_ga-column:2\/12;--_ga-row:1\/7;--_ga-m-desktop:0 0 0 0;--_ga-p-desktop:0 0 0 0;--_ga-bg-desktop:transparent none;--_ga-zi-desktop:auto;--_ga-d-desktop:flex;--_ga-mw-desktop:calc(100% - 0 - 0);--_ga-m-tablet:0 0 0 0;--_ga-p-tablet:0 0 0 0;--_ga-bg-tablet:transparent none;--_ga-zi-tablet:auto;--_ga-d-tablet:flex;--_ga-mw-tablet:calc(100% - 0 - 0);--_ga-m-mobile:0 0 0 0;--_ga-p-mobile:0 0 0 0;--_ga-bg-mobile:transparent none;--_ga-zi-mobile:auto;--_ga-d-mobile:flex;--_ga-mw-mobile:calc(100% - 0 - 0)\">\n<div  class=\"grids-section grids-is-advanced\" style=\"--_gs-gap-desktop:0px 0px;--_gs-m-desktop:0 0 0 0;--_gs-p-desktop:0 0 0 0;--_gs-bg-desktop:transparent none;--_gs-bg-xp-desktop:0px;--_gs-zi-desktop:auto;--_gs-d-desktop:block;--_gs-mw-desktop:calc(100% - 0 - 0);--_gs-gap-tablet:0px 0px;--_gs-m-tablet:0 0 0 0;--_gs-p-tablet:0 0 0 0;--_gs-bg-tablet:transparent none;--_gs-bg-xp-tablet:0px;--_gs-zi-tablet:auto;--_gs-d-tablet:block;--_gs-mw-tablet:calc(100% - 0 - 0);--_gs-gap-mobile:0px 0px;--_gs-m-mobile:0 0 0 0;--_gs-p-mobile:0 0 0 0;--_gs-bg-mobile:transparent none;--_gs-bg-xp-mobile:0px;--_gs-zi-mobile:auto;--_gs-d-mobile:block;--_gs-mw-mobile:calc(100% - 0 - 0);--_gs-columns:12;--_gs-rows:6\"><div class=\"grids-s-w_i\">\n<div class=\"grids-area\" style=\"--_ga-column:1\/6;--_ga-row:1\/7;--_ga-m-desktop:0 0 0 0;--_ga-p-desktop:0 0 0 0;--_ga-bg-desktop:transparent none;--_ga-zi-desktop:auto;--_ga-d-desktop:flex;--_ga-mw-desktop:calc(100% - 0 - 0);--_ga-m-tablet:0 0 0 0;--_ga-p-tablet:0 0 0 0;--_ga-bg-tablet:transparent none;--_ga-zi-tablet:auto;--_ga-d-tablet:flex;--_ga-mw-tablet:calc(100% - 0 - 0);--_ga-m-mobile:0 0 0 0;--_ga-p-mobile:0 0 0 0;--_ga-bg-mobile:transparent none;--_ga-zi-mobile:auto;--_ga-d-mobile:flex;--_ga-mw-mobile:calc(100% - 0 - 0)\">\n\r\n    <div class=\"custom-gallery-wrapper custom-gallery-wrapper-column-2\">\r\n                    <span class=\"custom-gallery-label\">S\u00e9jour d\u2019affaires<\/span>\r\n                <span class=\"enable-fullscreen\" onclick=\"showHideFotorama('custom-gallery_2', 0);\">\r\n            <i class=\"far fa-expand\"><\/i>\r\n        <\/span>\r\n                                        <figure class=\"full-width gallery-wrapper-image gallery-wrapper-image-0\" onclick=\"showHideFotorama('custom-gallery_2', 0);\">\r\n                <img decoding=\"async\" class=\"gallery-wrapper-image-small\" src=\"https:\/\/www.hotelveniceresort.com\/wp-content\/uploads\/2021\/11\/NZ7_1136.jpg\">\r\n            <\/figure>\r\n                                            <figure class=\"full-width gallery-wrapper-image gallery-wrapper-image-1\" onclick=\"showHideFotorama('custom-gallery_2', 1);\">\r\n                <img decoding=\"async\" class=\"gallery-wrapper-image-small\" src=\"https:\/\/www.hotelveniceresort.com\/wp-content\/uploads\/2021\/11\/sala-congressi-venice.jpg\">\r\n            <\/figure>\r\n                                            <figure class=\"full-width gallery-wrapper-image gallery-wrapper-image-2\" onclick=\"showHideFotorama('custom-gallery_2', 2);\">\r\n                <img decoding=\"async\" class=\"gallery-wrapper-image-small\" src=\"https:\/\/www.hotelveniceresort.com\/wp-content\/uploads\/2021\/11\/prima-colazione.jpg\">\r\n            <\/figure>\r\n                        <\/div>\r\n\r\n    <div style=\"width:1px;height:1px;position:absolute;\" name=\"fotorama\" id=\"custom-gallery_2\" class=\"fotorama\" data-width=\"100%\"  data-nav=\"thumbs\"  data-allowfullscreen=\"true\" >\r\n                    <img decoding=\"async\" src=\"https:\/\/www.hotelveniceresort.com\/wp-content\/uploads\/2021\/11\/NZ7_1136.jpg\" class=\"attachment-full skip-lazy\" \/>\r\n                    <img decoding=\"async\" src=\"https:\/\/www.hotelveniceresort.com\/wp-content\/uploads\/2021\/11\/sala-congressi-venice.jpg\" class=\"attachment-full skip-lazy\" \/>\r\n                    <img decoding=\"async\" src=\"https:\/\/www.hotelveniceresort.com\/wp-content\/uploads\/2021\/11\/prima-colazione.jpg\" class=\"attachment-full skip-lazy\" \/>\r\n            <\/div>\r\n\r\n\n\n<\/div>\n\n<div class=\"grids-area\" style=\"--_ga-column:7\/13;--_ga-row:1\/7;--_ga-m-desktop:0 0 0 0;--_ga-p-desktop:0 0 0 0;--_ga-bg-desktop:transparent none;--_ga-zi-desktop:auto;--_ga-d-desktop:flex;--_ga-mw-desktop:calc(100% - 0 - 0);--_ga-m-tablet:0 0 0 0;--_ga-p-tablet:0 0 0 0;--_ga-bg-tablet:transparent none;--_ga-zi-tablet:auto;--_ga-d-tablet:flex;--_ga-mw-tablet:calc(100% - 0 - 0);--_ga-m-mobile:0 0 0 0;--_ga-p-mobile:0 0 0 0;--_ga-bg-mobile:transparent none;--_ga-zi-mobile:auto;--_ga-d-mobile:flex;--_ga-mw-mobile:calc(100% - 0 - 0)\">\n\n<p>En s\u00e9journant \u00e0 l\u2019H\u00f4tel Venice Resort (\u00e0 <strong>1 km de l\u2019a\u00e9roport Marco Polo<\/strong> et \u00e0 proximit\u00e9 de Venise) pour un s\u00e9jour de travail, vous trouverez<\/p>\n\n\n\n<ul class=\"wp-block-list\"><li>De tr\u00e8s grandes chambres confortables,<\/li><li>La connexion Wifi gratuite,<\/li><li>Un <a href=\"https:\/\/www.hotelveniceresort.com\/fr\/prima-colazione\/\">petit d\u00e9jeuner<\/a> abondant,<\/li><li>Des quotidiens et des revues,<\/li><li>Des chambres insonoris\u00e9es et<\/li><li>Une <a href=\"https:\/\/www.hotelveniceresort.com\/fr\/salle-reunions\/\">salle de r\u00e9union<\/a>.<\/li><\/ul>\n\n<\/div>\n<\/div><\/div>\n\n<div  class=\"grids-section grids-is-advanced\" style=\"--_gs-gap-desktop:0px 0px;--_gs-m-desktop:0 0 0 0;--_gs-p-desktop:0 0 0 0;--_gs-bg-desktop:transparent none;--_gs-bg-xp-desktop:0px;--_gs-zi-desktop:auto;--_gs-d-desktop:block;--_gs-mw-desktop:calc(100% - 0 - 0);--_gs-gap-tablet:0px 0px;--_gs-m-tablet:0 0 0 0;--_gs-p-tablet:0 0 0 0;--_gs-bg-tablet:transparent none;--_gs-bg-xp-tablet:0px;--_gs-zi-tablet:auto;--_gs-d-tablet:block;--_gs-mw-tablet:calc(100% - 0 - 0);--_gs-gap-mobile:0px 0px;--_gs-m-mobile:0 0 0 0;--_gs-p-mobile:0 0 0 0;--_gs-bg-mobile:transparent none;--_gs-bg-xp-mobile:0px;--_gs-zi-mobile:auto;--_gs-d-mobile:block;--_gs-mw-mobile:calc(100% - 0 - 0);--_gs-columns:12;--_gs-rows:6\"><div class=\"grids-s-w_i\">\n<div class=\"grids-area\" style=\"--_ga-column:1\/7;--_ga-row:1\/7;--_ga-m-desktop:0 0 0 0;--_ga-p-desktop:0 0 0 0;--_ga-bg-desktop:transparent none;--_ga-zi-desktop:auto;--_ga-d-desktop:flex;--_ga-mw-desktop:calc(100% - 0 - 0);--_ga-m-tablet:0 0 0 0;--_ga-p-tablet:0 0 0 0;--_ga-bg-tablet:transparent none;--_ga-zi-tablet:auto;--_ga-d-tablet:flex;--_ga-mw-tablet:calc(100% - 0 - 0);--_ga-m-mobile:0 0 0 0;--_ga-p-mobile:0 0 0 0;--_ga-bg-mobile:transparent none;--_ga-zi-mobile:auto;--_ga-d-mobile:flex;--_ga-mw-mobile:calc(100% - 0 - 0)\">\n\n<p>Celui qui en revanche est \u00e0 Venise pour ses loisirs, appr\u00e9ciera<\/p>\n\n\n\n<ul class=\"wp-block-list\"><li>La nouvelle <a href=\"https:\/\/www.hotelveniceresort.com\/fr\/piscine-exterieure\/\">piscine ext\u00e9rieure<\/a> (depuis 2016),<\/li><li>Les bicyclettes \u00e0 disposition pour des excursions,<\/li><li>Le jardin avec des transats, des chaises longues et des parasols,<\/li><li>La v\u00e9randa ext\u00e9rieure et<\/li><li>Un cadre tr\u00e8s accueillant.<\/li><\/ul>\n\n\n\n<p>Nombreux sont ceux qui s\u00e9journent dans notre Resort pour leurs affaires, n\u00e9cessitant parfois de longues permanences, et qui ont besoin de <strong>conforts d\u00e9termin\u00e9s<\/strong>,<strong> d\u2019espaces vivables,<\/strong> d\u2019un <strong>cadre accueillant et relax\u00e9<\/strong>.<\/p>\n\n<\/div>\n\n<div class=\"grids-area\" style=\"--_ga-column:8\/13;--_ga-row:1\/7;--_ga-m-desktop:0 0 0 0;--_ga-p-desktop:0 0 0 0;--_ga-bg-desktop:transparent none;--_ga-zi-desktop:auto;--_ga-d-desktop:flex;--_ga-mw-desktop:calc(100% - 0 - 0);--_ga-m-tablet:0 0 0 0;--_ga-p-tablet:0 0 0 0;--_ga-bg-tablet:transparent none;--_ga-zi-tablet:auto;--_ga-d-tablet:flex;--_ga-mw-tablet:calc(100% - 0 - 0);--_ga-m-mobile:0 0 0 0;--_ga-p-mobile:0 0 0 0;--_ga-bg-mobile:transparent none;--_ga-zi-mobile:auto;--_ga-d-mobile:flex;--_ga-mw-mobile:calc(100% - 0 - 0)\">\n\r\n    <div class=\"custom-gallery-wrapper custom-gallery-wrapper-column-1\">\r\n                    <span class=\"custom-gallery-label\">S\u00e9jour de loisirs<\/span>\r\n                <span class=\"enable-fullscreen\" onclick=\"showHideFotorama('custom-gallery_1', 0);\">\r\n            <i class=\"far fa-expand\"><\/i>\r\n        <\/span>\r\n                                        <figure class=\"full-width gallery-wrapper-image gallery-wrapper-image-0\" onclick=\"showHideFotorama('custom-gallery_1', 0);\">\r\n                <img decoding=\"async\" class=\"gallery-wrapper-image-small\" src=\"https:\/\/www.hotelveniceresort.com\/wp-content\/uploads\/2021\/10\/immagine-piscina-homepage.jpg\">\r\n            <\/figure>\r\n                        <\/div>\r\n\r\n    <div style=\"width:1px;height:1px;position:absolute;\" name=\"fotorama\" id=\"custom-gallery_1\" class=\"fotorama\" data-width=\"100%\"  data-nav=\"thumbs\"  data-allowfullscreen=\"true\" >\r\n                    <img decoding=\"async\" src=\"https:\/\/www.hotelveniceresort.com\/wp-content\/uploads\/2021\/10\/immagine-piscina-homepage.jpg\" class=\"attachment-full skip-lazy\" \/>\r\n            <\/div>\r\n\r\n\n\n<\/div>\n<\/div><\/div>\n\n\n<p>Toutes les <a href=\"https:\/\/www.hotelveniceresort.com\/fr\/chambres\/\">chambres <\/a>de l\u2019h\u00f4tel 4 \u00e9toiles Venice Resort sont dot\u00e9es de<\/p>\n\n\n\n<ul class=\"wp-block-list\"><li>T\u00e9l\u00e9phone,<\/li><li>Connexion Wifi,<\/li><li>Frigo bar,<\/li><li>T\u00e9l\u00e9vision,<\/li><li>S\u00e8che-cheveux<\/li><li>Et autres services additionnels<\/li><\/ul>\n\n\n\n<p>Les enfants jusqu\u2019\u00e0 3 ans s\u00e9journent gratuitement dans un berceau avec leurs parents.<\/p>\n\n\n\n<p>Notre personnel sera disponible pour vos exigences de service en chambre, pour vous pr\u00e9parer le petit d\u00e9jeuner t\u00f4t le matin si vous avez un vol \u00e0 prendre, pour vous conseiller des excursions et de simples promenades, \u00e0 pied ou en bicyclette, dans les alentours : bref, pour rendre encore plus agr\u00e9able et unique votre s\u00e9jour \u00e0 Venise, dans notre h\u00f4tel pr\u00e8s de l\u2019a\u00e9roport de Venise dot\u00e9 de navette.<\/p>\n\n\n\n<p>Et pour ceux qui souhaite admirer d\u2019en haut les suggestifs panoramas de la Lagune et les monuments de Venise, nous pouvons organiser aussi une exp\u00e9rience enthousiasmante en <a href=\"https:\/\/www.hotelveniceresort.com\/fr\/tour-en-helicoptere\/\">h\u00e9licopt\u00e8re<\/a>. Cliquez ici pour plus de renseignements.<\/p>\n\n<\/div>\n<\/div><\/div>\n\n<div  class=\"grids-section grids-is-advanced alignfull\" style=\"--_gs-gap-desktop:0px 0px;--_gs-m-desktop:0 0 0 0;--_gs-p-desktop:0 0 0 0;--_gs-bg-desktop:transparent none;--_gs-bg-xp-desktop:0px;--_gs-zi-desktop:auto;--_gs-d-desktop:block;--_gs-mw-desktop:calc(100% - 0 - 0);--_gs-gap-tablet:0px 0px;--_gs-m-tablet:0 0 0 0;--_gs-p-tablet:0 0 0 0;--_gs-bg-tablet:transparent none;--_gs-bg-xp-tablet:0px;--_gs-zi-tablet:auto;--_gs-d-tablet:block;--_gs-mw-tablet:calc(100% - 0 - 0);--_gs-gap-mobile:0px 0px;--_gs-m-mobile:0 0 0 0;--_gs-p-mobile:0 0 0 0;--_gs-bg-mobile:transparent none;--_gs-bg-xp-mobile:0px;--_gs-zi-mobile:auto;--_gs-d-mobile:block;--_gs-mw-mobile:calc(100% - 0 - 0);--_gs-columns:12;--_gs-rows:6\"><div class=\"grids-s-w_i\">\n<div class=\"grids-area\" style=\"--_ga-column:2\/12;--_ga-row:1\/7;--_ga-m-desktop:0 0 0 0;--_ga-p-desktop:0 0 0 0;--_ga-bg-desktop:transparent none;--_ga-zi-desktop:auto;--_ga-d-desktop:flex;--_ga-mw-desktop:calc(100% - 0 - 0);--_ga-m-tablet:0 0 0 0;--_ga-p-tablet:0 0 0 0;--_ga-bg-tablet:transparent none;--_ga-zi-tablet:auto;--_ga-d-tablet:flex;--_ga-mw-tablet:calc(100% - 0 - 0);--_ga-m-mobile:0 0 0 0;--_ga-p-mobile:0 0 0 0;--_ga-bg-mobile:transparent none;--_ga-zi-mobile:auto;--_ga-d-mobile:flex;--_ga-mw-mobile:calc(100% - 0 - 0)\">\n\n<h2 class=\"wp-block-heading\">Vous pourriez aussi \u00eatre int\u00e9ress\u00e9 \u2026<\/h2>\n\n\n\r\n    <div class=\"related-pages-container\">\r\n                                 <div class=\"single-related-page-container\">\r\n                <a href=\"https:\/\/www.hotelveniceresort.com\/fr\/chambres\/\">\r\n                    <figure class=\"full-width\">\r\n                        <img decoding=\"async\" src=\"https:\/\/www.hotelveniceresort.com\/wp-content\/uploads\/2021\/11\/camere-banner.jpg\" \/>\r\n                    <\/figure>\r\n                <\/a>\r\n                <a href=\"https:\/\/www.hotelveniceresort.com\/fr\/chambres\/\">\r\n                    <h3 class=\"related-page-title\">\r\n                        Chambres                    <\/h3>\r\n                <\/a>\r\n                <a href=\"https:\/\/www.hotelveniceresort.com\/fr\/chambres\/\" class=\"btn btn-center\">\r\n                    D\u00e9couvrir plus                <\/a>\r\n            <\/div>\r\n                                 <div class=\"single-related-page-container\">\r\n                <a href=\"https:\/\/www.hotelveniceresort.com\/fr\/offres\/\">\r\n                    <figure class=\"full-width\">\r\n                        <img decoding=\"async\" src=\"https:\/\/www.hotelveniceresort.com\/wp-content\/uploads\/2021\/11\/offerte-venice-banner.jpg\" \/>\r\n                    <\/figure>\r\n                <\/a>\r\n                <a href=\"https:\/\/www.hotelveniceresort.com\/fr\/offres\/\">\r\n                    <h3 class=\"related-page-title\">\r\n                        Offres                    <\/h3>\r\n                <\/a>\r\n                <a href=\"https:\/\/www.hotelveniceresort.com\/fr\/offres\/\" class=\"btn btn-center\">\r\n                    D\u00e9couvrir plus                <\/a>\r\n            <\/div>\r\n                                 <div class=\"single-related-page-container\">\r\n                <a href=\"https:\/\/www.hotelveniceresort.com\/fr\/dove-siamo\/\">\r\n                    <figure class=\"full-width\">\r\n                        <img decoding=\"async\" src=\"https:\/\/www.hotelveniceresort.com\/wp-content\/uploads\/2021\/10\/singolo-servizio-giardino.jpg\" \/>\r\n                    <\/figure>\r\n                <\/a>\r\n                <a href=\"https:\/\/www.hotelveniceresort.com\/fr\/dove-siamo\/\">\r\n                    <h3 class=\"related-page-title\">\r\n                        O\u00f9 sommes-nous ?                    <\/h3>\r\n                <\/a>\r\n                <a href=\"https:\/\/www.hotelveniceresort.com\/fr\/dove-siamo\/\" class=\"btn btn-center\">\r\n                    D\u00e9couvrir plus                <\/a>\r\n            <\/div>\r\n            <\/div>\r\n\n\n<\/div>\n<\/div><\/div>","protected":false},"excerpt":{"rendered":"","protected":false},"author":2,"featured_media":1437,"parent":0,"menu_order":0,"comment_status":"closed","ping_status":"closed","template":"","meta":{"_acf_changed":false,"advgb_blocks_editor_width":"","advgb_blocks_columns_visual_guide":"","footnotes":""},"class_list":["post-2076","page","type-page","status-publish","has-post-thumbnail","hentry","entry"],"acf":[],"yoast_head":"<!-- This site is optimized with the Yoast SEO plugin v25.3.1 - https:\/\/yoast.com\/wordpress\/plugins\/seo\/ -->\n<title>Services - Venice Resort<\/title>\n<meta name=\"description\" content=\"Parmi les services que l\u2019H\u00f4tel Venice Resort propose vous trouverez la piscine ext\u00e9rieure, la salle r\u00e9unions pour des meetings de travail, un abondant petit d\u00e9jeuner sucr\u00e9 ou sal\u00e9 et beaucoup plus! D\u00e9couvrez tous nos services.\" \/>\n<meta name=\"robots\" content=\"index, follow, max-snippet:-1, max-image-preview:large, max-video-preview:-1\" \/>\n<link rel=\"canonical\" href=\"https:\/\/www.hotelveniceresort.com\/fr\/services\/\" \/>\n<meta property=\"og:locale\" content=\"fr_FR\" \/>\n<meta property=\"og:type\" content=\"article\" \/>\n<meta property=\"og:title\" content=\"Services - Venice Resort\" \/>\n<meta property=\"og:description\" content=\"Parmi les services que l\u2019H\u00f4tel Venice Resort propose vous trouverez la piscine ext\u00e9rieure, la salle r\u00e9unions pour des meetings de travail, un abondant petit d\u00e9jeuner sucr\u00e9 ou sal\u00e9 et beaucoup plus! D\u00e9couvrez tous nos services.\" \/>\n<meta property=\"og:url\" content=\"https:\/\/www.hotelveniceresort.com\/fr\/services\/\" \/>\n<meta property=\"og:site_name\" content=\"Venice Resort\" \/>\n<meta property=\"article:modified_time\" content=\"2021-12-07T14:59:33+00:00\" \/>\n<meta property=\"og:image\" content=\"https:\/\/www.hotelveniceresort.com\/wp-content\/uploads\/2021\/11\/colazione-venice.jpg\" \/>\n\t<meta property=\"og:image:width\" content=\"1200\" \/>\n\t<meta property=\"og:image:height\" content=\"798\" \/>\n\t<meta property=\"og:image:type\" content=\"image\/jpeg\" \/>\n<meta name=\"twitter:card\" content=\"summary_large_image\" \/>\n<meta name=\"twitter:label1\" content=\"Dur\u00e9e de lecture estim\u00e9e\" \/>\n\t<meta name=\"twitter:data1\" content=\"2 minutes\" \/>\n<script type=\"application\/ld+json\" class=\"yoast-schema-graph\">{\"@context\":\"https:\/\/schema.org\",\"@graph\":[{\"@type\":\"WebPage\",\"@id\":\"https:\/\/www.hotelveniceresort.com\/fr\/services\/\",\"url\":\"https:\/\/www.hotelveniceresort.com\/fr\/services\/\",\"name\":\"Services - Venice Resort\",\"isPartOf\":{\"@id\":\"https:\/\/www.hotelveniceresort.com\/fr\/#website\"},\"primaryImageOfPage\":{\"@id\":\"https:\/\/www.hotelveniceresort.com\/fr\/services\/#primaryimage\"},\"image\":{\"@id\":\"https:\/\/www.hotelveniceresort.com\/fr\/services\/#primaryimage\"},\"thumbnailUrl\":\"https:\/\/www.hotelveniceresort.com\/wp-content\/uploads\/2021\/11\/colazione-venice.jpg\",\"datePublished\":\"2021-11-05T10:42:27+00:00\",\"dateModified\":\"2021-12-07T14:59:33+00:00\",\"description\":\"Parmi les services que l\u2019H\u00f4tel Venice Resort propose vous trouverez la piscine ext\u00e9rieure, la salle r\u00e9unions pour des meetings de travail, un abondant petit d\u00e9jeuner sucr\u00e9 ou sal\u00e9 et beaucoup plus! D\u00e9couvrez tous nos services.\",\"breadcrumb\":{\"@id\":\"https:\/\/www.hotelveniceresort.com\/fr\/services\/#breadcrumb\"},\"inLanguage\":\"fr-FR\",\"potentialAction\":[{\"@type\":\"ReadAction\",\"target\":[\"https:\/\/www.hotelveniceresort.com\/fr\/services\/\"]}]},{\"@type\":\"ImageObject\",\"inLanguage\":\"fr-FR\",\"@id\":\"https:\/\/www.hotelveniceresort.com\/fr\/services\/#primaryimage\",\"url\":\"https:\/\/www.hotelveniceresort.com\/wp-content\/uploads\/2021\/11\/colazione-venice.jpg\",\"contentUrl\":\"https:\/\/www.hotelveniceresort.com\/wp-content\/uploads\/2021\/11\/colazione-venice.jpg\",\"width\":1200,\"height\":798,\"caption\":\"Grand Canal in Venice at the sunset, Italy\"},{\"@type\":\"BreadcrumbList\",\"@id\":\"https:\/\/www.hotelveniceresort.com\/fr\/services\/#breadcrumb\",\"itemListElement\":[{\"@type\":\"ListItem\",\"position\":1,\"name\":\"Home\",\"item\":\"https:\/\/www.hotelveniceresort.com\/fr\/\"},{\"@type\":\"ListItem\",\"position\":2,\"name\":\"Services\"}]},{\"@type\":\"WebSite\",\"@id\":\"https:\/\/www.hotelveniceresort.com\/fr\/#website\",\"url\":\"https:\/\/www.hotelveniceresort.com\/fr\/\",\"name\":\"Venice Resort\",\"description\":\"\",\"publisher\":{\"@id\":\"https:\/\/www.hotelveniceresort.com\/fr\/#organization\"},\"potentialAction\":[{\"@type\":\"SearchAction\",\"target\":{\"@type\":\"EntryPoint\",\"urlTemplate\":\"https:\/\/www.hotelveniceresort.com\/fr\/?s={search_term_string}\"},\"query-input\":{\"@type\":\"PropertyValueSpecification\",\"valueRequired\":true,\"valueName\":\"search_term_string\"}}],\"inLanguage\":\"fr-FR\"},{\"@type\":\"Organization\",\"@id\":\"https:\/\/www.hotelveniceresort.com\/fr\/#organization\",\"name\":\"Venice Resort\",\"url\":\"https:\/\/www.hotelveniceresort.com\/fr\/\",\"logo\":{\"@type\":\"ImageObject\",\"inLanguage\":\"fr-FR\",\"@id\":\"https:\/\/www.hotelveniceresort.com\/fr\/#\/schema\/logo\/image\/\",\"url\":\"https:\/\/www.hotelveniceresort.com\/wp-content\/uploads\/2021\/10\/logo.png\",\"contentUrl\":\"https:\/\/www.hotelveniceresort.com\/wp-content\/uploads\/2021\/10\/logo.png\",\"width\":215,\"height\":78,\"caption\":\"Venice Resort\"},\"image\":{\"@id\":\"https:\/\/www.hotelveniceresort.com\/fr\/#\/schema\/logo\/image\/\"}}]}<\/script>\n<!-- \/ Yoast SEO plugin. -->","yoast_head_json":{"title":"Services - Venice Resort","description":"Parmi les services que l\u2019H\u00f4tel Venice Resort propose vous trouverez la piscine ext\u00e9rieure, la salle r\u00e9unions pour des meetings de travail, un abondant petit d\u00e9jeuner sucr\u00e9 ou sal\u00e9 et beaucoup plus! D\u00e9couvrez tous nos services.","robots":{"index":"index","follow":"follow","max-snippet":"max-snippet:-1","max-image-preview":"max-image-preview:large","max-video-preview":"max-video-preview:-1"},"canonical":"https:\/\/www.hotelveniceresort.com\/fr\/services\/","og_locale":"fr_FR","og_type":"article","og_title":"Services - Venice Resort","og_description":"Parmi les services que l\u2019H\u00f4tel Venice Resort propose vous trouverez la piscine ext\u00e9rieure, la salle r\u00e9unions pour des meetings de travail, un abondant petit d\u00e9jeuner sucr\u00e9 ou sal\u00e9 et beaucoup plus! D\u00e9couvrez tous nos services.","og_url":"https:\/\/www.hotelveniceresort.com\/fr\/services\/","og_site_name":"Venice Resort","article_modified_time":"2021-12-07T14:59:33+00:00","og_image":[{"width":1200,"height":798,"url":"https:\/\/www.hotelveniceresort.com\/wp-content\/uploads\/2021\/11\/colazione-venice.jpg","type":"image\/jpeg"}],"twitter_card":"summary_large_image","twitter_misc":{"Dur\u00e9e de lecture estim\u00e9e":"2 minutes"},"schema":{"@context":"https:\/\/schema.org","@graph":[{"@type":"WebPage","@id":"https:\/\/www.hotelveniceresort.com\/fr\/services\/","url":"https:\/\/www.hotelveniceresort.com\/fr\/services\/","name":"Services - Venice Resort","isPartOf":{"@id":"https:\/\/www.hotelveniceresort.com\/fr\/#website"},"primaryImageOfPage":{"@id":"https:\/\/www.hotelveniceresort.com\/fr\/services\/#primaryimage"},"image":{"@id":"https:\/\/www.hotelveniceresort.com\/fr\/services\/#primaryimage"},"thumbnailUrl":"https:\/\/www.hotelveniceresort.com\/wp-content\/uploads\/2021\/11\/colazione-venice.jpg","datePublished":"2021-11-05T10:42:27+00:00","dateModified":"2021-12-07T14:59:33+00:00","description":"Parmi les services que l\u2019H\u00f4tel Venice Resort propose vous trouverez la piscine ext\u00e9rieure, la salle r\u00e9unions pour des meetings de travail, un abondant petit d\u00e9jeuner sucr\u00e9 ou sal\u00e9 et beaucoup plus! D\u00e9couvrez tous nos services.","breadcrumb":{"@id":"https:\/\/www.hotelveniceresort.com\/fr\/services\/#breadcrumb"},"inLanguage":"fr-FR","potentialAction":[{"@type":"ReadAction","target":["https:\/\/www.hotelveniceresort.com\/fr\/services\/"]}]},{"@type":"ImageObject","inLanguage":"fr-FR","@id":"https:\/\/www.hotelveniceresort.com\/fr\/services\/#primaryimage","url":"https:\/\/www.hotelveniceresort.com\/wp-content\/uploads\/2021\/11\/colazione-venice.jpg","contentUrl":"https:\/\/www.hotelveniceresort.com\/wp-content\/uploads\/2021\/11\/colazione-venice.jpg","width":1200,"height":798,"caption":"Grand Canal in Venice at the sunset, Italy"},{"@type":"BreadcrumbList","@id":"https:\/\/www.hotelveniceresort.com\/fr\/services\/#breadcrumb","itemListElement":[{"@type":"ListItem","position":1,"name":"Home","item":"https:\/\/www.hotelveniceresort.com\/fr\/"},{"@type":"ListItem","position":2,"name":"Services"}]},{"@type":"WebSite","@id":"https:\/\/www.hotelveniceresort.com\/fr\/#website","url":"https:\/\/www.hotelveniceresort.com\/fr\/","name":"Venice Resort","description":"","publisher":{"@id":"https:\/\/www.hotelveniceresort.com\/fr\/#organization"},"potentialAction":[{"@type":"SearchAction","target":{"@type":"EntryPoint","urlTemplate":"https:\/\/www.hotelveniceresort.com\/fr\/?s={search_term_string}"},"query-input":{"@type":"PropertyValueSpecification","valueRequired":true,"valueName":"search_term_string"}}],"inLanguage":"fr-FR"},{"@type":"Organization","@id":"https:\/\/www.hotelveniceresort.com\/fr\/#organization","name":"Venice Resort","url":"https:\/\/www.hotelveniceresort.com\/fr\/","logo":{"@type":"ImageObject","inLanguage":"fr-FR","@id":"https:\/\/www.hotelveniceresort.com\/fr\/#\/schema\/logo\/image\/","url":"https:\/\/www.hotelveniceresort.com\/wp-content\/uploads\/2021\/10\/logo.png","contentUrl":"https:\/\/www.hotelveniceresort.com\/wp-content\/uploads\/2021\/10\/logo.png","width":215,"height":78,"caption":"Venice Resort"},"image":{"@id":"https:\/\/www.hotelveniceresort.com\/fr\/#\/schema\/logo\/image\/"}}]}},"coauthors":[],"author_meta":{"author_link":"https:\/\/www.hotelveniceresort.com\/fr\/author\/v3n1c3-r3s0r5\/","display_name":"v3n1c3-r3s0r5"},"relative_dates":{"created":"Publi\u00e9 4 ans il y a","modified":"Mis \u00e0 jour 4 ans il y a"},"absolute_dates":{"created":"Publi\u00e9 le novembre 5, 2021","modified":"Mise \u00e0 jour le d\u00e9cembre 7, 2021"},"absolute_dates_time":{"created":"Publi\u00e9 le novembre 5, 2021 11:42 am","modified":"Mise \u00e0 jour le d\u00e9cembre 7, 2021 3:59 pm"},"featured_img_caption":"Grand Canal in Venice at the sunset, Italy","featured_img":"https:\/\/www.hotelveniceresort.com\/wp-content\/uploads\/2021\/11\/colazione-venice.jpg","series_order":"","_links":{"self":[{"href":"https:\/\/www.hotelveniceresort.com\/fr\/wp-json\/wp\/v2\/pages\/2076","targetHints":{"allow":["GET"]}}],"collection":[{"href":"https:\/\/www.hotelveniceresort.com\/fr\/wp-json\/wp\/v2\/pages"}],"about":[{"href":"https:\/\/www.hotelveniceresort.com\/fr\/wp-json\/wp\/v2\/types\/page"}],"author":[{"embeddable":true,"href":"https:\/\/www.hotelveniceresort.com\/fr\/wp-json\/wp\/v2\/users\/2"}],"replies":[{"embeddable":true,"href":"https:\/\/www.hotelveniceresort.com\/fr\/wp-json\/wp\/v2\/comments?post=2076"}],"version-history":[{"count":6,"href":"https:\/\/www.hotelveniceresort.com\/fr\/wp-json\/wp\/v2\/pages\/2076\/revisions"}],"predecessor-version":[{"id":2261,"href":"https:\/\/www.hotelveniceresort.com\/fr\/wp-json\/wp\/v2\/pages\/2076\/revisions\/2261"}],"wp:featuredmedia":[{"embeddable":true,"href":"https:\/\/www.hotelveniceresort.com\/fr\/wp-json\/wp\/v2\/media\/1437"}],"wp:attachment":[{"href":"https:\/\/www.hotelveniceresort.com\/fr\/wp-json\/wp\/v2\/media?parent=2076"}],"curies":[{"name":"wp","href":"https:\/\/api.w.org\/{rel}","templated":true}]}}