{"id":2080,"date":"2021-11-05T20:49:37","date_gmt":"2021-11-05T19:49:37","guid":{"rendered":"https:\/\/www.hotelveniceresort.com\/tour-in-elicotterio\/"},"modified":"2021-12-06T15:08:23","modified_gmt":"2021-12-06T14:08:23","slug":"tour-en-helicoptere","status":"publish","type":"page","link":"https:\/\/www.hotelveniceresort.com\/fr\/tour-en-helicoptere\/","title":{"rendered":"Tour en h\u00e9licopt\u00e8re"},"content":{"rendered":"<div  class=\"grids-section grids-is-advanced alignfull\" style=\"--_gs-gap-desktop:0px 0px;--_gs-m-desktop:0 0 0 0;--_gs-p-desktop:0 0 0 0;--_gs-bg-desktop:transparent none;--_gs-bg-xp-desktop:0px;--_gs-zi-desktop:auto;--_gs-d-desktop:block;--_gs-mw-desktop:calc(100% - 0 - 0);--_gs-gap-tablet:0px 0px;--_gs-m-tablet:0 0 0 0;--_gs-p-tablet:0 0 0 0;--_gs-bg-tablet:transparent none;--_gs-bg-xp-tablet:0px;--_gs-zi-tablet:auto;--_gs-d-tablet:block;--_gs-mw-tablet:calc(100% - 0 - 0);--_gs-gap-mobile:0px 0px;--_gs-m-mobile:0 0 0 0;--_gs-p-mobile:0 0 0 0;--_gs-bg-mobile:transparent none;--_gs-bg-xp-mobile:0px;--_gs-zi-mobile:auto;--_gs-d-mobile:block;--_gs-mw-mobile:calc(100% - 0 - 0);--_gs-columns:12;--_gs-rows:6\"><div class=\"grids-s-w_i\">\n<div class=\"grids-area\" style=\"--_ga-column:2\/12;--_ga-row:1\/7;--_ga-m-desktop:0 0 0 0;--_ga-p-desktop:0 0 0 0;--_ga-bg-desktop:transparent none;--_ga-zi-desktop:auto;--_ga-d-desktop:flex;--_ga-mw-desktop:calc(100% - 0 - 0);--_ga-m-tablet:0 0 0 0;--_ga-p-tablet:0 0 0 0;--_ga-bg-tablet:transparent none;--_ga-zi-tablet:auto;--_ga-d-tablet:flex;--_ga-mw-tablet:calc(100% - 0 - 0);--_ga-m-mobile:0 0 0 0;--_ga-p-mobile:0 0 0 0;--_ga-bg-mobile:transparent none;--_ga-zi-mobile:auto;--_ga-d-mobile:flex;--_ga-mw-mobile:calc(100% - 0 - 0)\">\n\n<h2 class=\"wp-block-heading\"><strong>Une exp\u00e9rience unique pour Venise<\/strong><\/h2>\n\n\n\n<h3 class=\"wp-block-heading\"><a><\/a><strong>Un tour panoramique avec un vol en h\u00e9licopt\u00e8re pour admirer d\u2019en haut les suggestifs panoramas de la Lagune : Venise et les iles.<\/strong><\/h3>\n\n<\/div>\n<\/div><\/div>\n\n<div  class=\"grids-section grids-is-advanced\" style=\"--_gs-gap-desktop:0px 0px;--_gs-m-desktop:0 0 0 0;--_gs-p-desktop:0 0 0 0;--_gs-bg-desktop:transparent none;--_gs-bg-xp-desktop:0px;--_gs-zi-desktop:auto;--_gs-d-desktop:block;--_gs-mw-desktop:calc(100% - 0 - 0);--_gs-gap-tablet:0px 0px;--_gs-m-tablet:0 0 0 0;--_gs-p-tablet:0 0 0 0;--_gs-bg-tablet:transparent none;--_gs-bg-xp-tablet:0px;--_gs-zi-tablet:auto;--_gs-d-tablet:block;--_gs-mw-tablet:calc(100% - 0 - 0);--_gs-gap-mobile:0px 0px;--_gs-m-mobile:0 0 0 0;--_gs-p-mobile:0 0 0 0;--_gs-bg-mobile:transparent none;--_gs-bg-xp-mobile:0px;--_gs-zi-mobile:auto;--_gs-d-mobile:block;--_gs-mw-mobile:calc(100% - 0 - 0);--_gs-columns:12;--_gs-rows:6\"><div class=\"grids-s-w_i\">\n<div class=\"grids-area\" style=\"--_ga-column:2\/8;--_ga-row:1\/7;--_ga-m-desktop:0 0 0 0;--_ga-p-desktop:0 0 0 0;--_ga-bg-desktop:transparent none;--_ga-zi-desktop:auto;--_ga-d-desktop:flex;--_ga-mw-desktop:calc(100% - 0 - 0);--_ga-m-tablet:0 0 0 0;--_ga-p-tablet:0 0 0 0;--_ga-bg-tablet:transparent none;--_ga-zi-tablet:auto;--_ga-d-tablet:flex;--_ga-mw-tablet:calc(100% - 0 - 0);--_ga-m-mobile:0 0 0 0;--_ga-p-mobile:0 0 0 0;--_ga-bg-mobile:transparent none;--_ga-zi-mobile:auto;--_ga-d-mobile:flex;--_ga-mw-mobile:calc(100% - 0 - 0)\">\n\n<p>Vous \u00e9prouverez une ivresse particuli\u00e8re en ayant la possibilit\u00e9 d\u2019admirer Venise d\u2019une perspective unique, pendant le vol vous pourrez prendre de splendides photos de paysages inoubliables.<\/p>\n\n\n\n<p>Pour admirer des panoramas \u00e0 vous couper le souffle et des couleurs particuli\u00e8res nous vous conseillons le tour en h\u00e9licopt\u00e8re tr\u00e8s t\u00f4t le matin ou au coucher du soleil dans des conditions m\u00e9t\u00e9orologiques indiqu\u00e9es au vol.<\/p>\n\n\n\n<hr class=\"wp-block-separator\"\/>\n\n\n\n<p>S<em>i le vol n\u2019est pas effectu\u00e9 pour de mauvaises conditions m\u00e9t\u00e9o, vous ne soutiendrez aucun cout.<\/em><\/p>\n\n<\/div>\n\n<div class=\"grids-area\" style=\"--_ga-column:8\/12;--_ga-row:1\/7;--_ga-m-desktop:0 0 0 0;--_ga-p-desktop:0 0 0 0;--_ga-bg-desktop:transparent none;--_ga-zi-desktop:auto;--_ga-d-desktop:flex;--_ga-mw-desktop:calc(100% - 0 - 0);--_ga-m-tablet:0 0 0 0;--_ga-p-tablet:0 0 0 0;--_ga-bg-tablet:transparent none;--_ga-zi-tablet:auto;--_ga-d-tablet:flex;--_ga-mw-tablet:calc(100% - 0 - 0);--_ga-m-mobile:0 0 0 0;--_ga-p-mobile:0 0 0 0;--_ga-bg-mobile:transparent none;--_ga-zi-mobile:auto;--_ga-d-mobile:flex;--_ga-mw-mobile:calc(100% - 0 - 0)\">\n\r\n    <div class=\"custom-gallery-wrapper custom-gallery-wrapper-column-1\">\r\n                <span class=\"enable-fullscreen\" onclick=\"showHideFotorama('custom-gallery_1', 0);\">\r\n            <i class=\"far fa-expand\"><\/i>\r\n        <\/span>\r\n                                        <figure class=\"full-width gallery-wrapper-image gallery-wrapper-image-0\" onclick=\"showHideFotorama('custom-gallery_1', 0);\">\r\n                <img decoding=\"async\" class=\"gallery-wrapper-image-small\" src=\"https:\/\/www.hotelveniceresort.com\/wp-content\/uploads\/2021\/11\/elicottero-venice.jpg\">\r\n            <\/figure>\r\n                        <\/div>\r\n\r\n    <div style=\"width:1px;height:1px;position:absolute;\" name=\"fotorama\" id=\"custom-gallery_1\" class=\"fotorama\" data-width=\"100%\"  data-nav=\"thumbs\"  data-allowfullscreen=\"true\" >\r\n                    <img decoding=\"async\" src=\"https:\/\/www.hotelveniceresort.com\/wp-content\/uploads\/2021\/11\/elicottero-venice.jpg\" class=\"attachment-full skip-lazy\" \/>\r\n            <\/div>\r\n\r\n\n\n<\/div>\n<\/div><\/div>\n\n<div  class=\"grids-section grids-is-advanced alignfull\" style=\"--_gs-gap-desktop:0px 0px;--_gs-m-desktop:0 0 0 0;--_gs-p-desktop:0 0 0 0;--_gs-bg-desktop:transparent none;--_gs-bg-xp-desktop:0px;--_gs-zi-desktop:auto;--_gs-d-desktop:block;--_gs-mw-desktop:calc(100% - 0 - 0);--_gs-gap-tablet:0px 0px;--_gs-m-tablet:0 0 0 0;--_gs-p-tablet:0 0 0 0;--_gs-bg-tablet:transparent none;--_gs-bg-xp-tablet:0px;--_gs-zi-tablet:auto;--_gs-d-tablet:block;--_gs-mw-tablet:calc(100% - 0 - 0);--_gs-gap-mobile:0px 0px;--_gs-m-mobile:0 0 0 0;--_gs-p-mobile:0 0 0 0;--_gs-bg-mobile:transparent none;--_gs-bg-xp-mobile:0px;--_gs-zi-mobile:auto;--_gs-d-mobile:block;--_gs-mw-mobile:calc(100% - 0 - 0);--_gs-columns:12;--_gs-rows:6\"><div class=\"grids-s-w_i\">\n<div class=\"grids-area\" style=\"--_ga-column:2\/12;--_ga-row:1\/7;--_ga-m-desktop:0 0 0 0;--_ga-p-desktop:0 0 0 0;--_ga-bg-desktop:transparent none;--_ga-zi-desktop:auto;--_ga-d-desktop:flex;--_ga-mw-desktop:calc(100% - 0 - 0);--_ga-m-tablet:0 0 0 0;--_ga-p-tablet:0 0 0 0;--_ga-bg-tablet:transparent none;--_ga-zi-tablet:auto;--_ga-d-tablet:flex;--_ga-mw-tablet:calc(100% - 0 - 0);--_ga-m-mobile:0 0 0 0;--_ga-p-mobile:0 0 0 0;--_ga-bg-mobile:transparent none;--_ga-zi-mobile:auto;--_ga-d-mobile:flex;--_ga-mw-mobile:calc(100% - 0 - 0)\">\n\n<h3 class=\"wp-block-heading\"><strong>Description du tour<\/strong><\/h3>\n\n\n\n<h4 class=\"wp-block-heading\"><a><\/a><strong>Type Tour<\/strong><\/h4>\n\n\n\n<p>Tour particulier ou collectif 4 ou 5 places ;<\/p>\n\n\n\n<h4 class=\"wp-block-heading\"><a><\/a><strong>Dur\u00e9e<\/strong><\/h4>\n\n\n\n<p>HeliTour au-dessus de Venise : 10 min<\/p>\n\n\n\n<p>HeliTour au-dessus de Venise, Chioggia &amp; lagune : 30 min<\/p>\n\n\n\n<p>HeliTour au-dessus du Delta du P\u00f2, Chioggia, ile d\u2019Albarella &amp; lagune : 50 min<\/p>\n\n\n\n<h4 class=\"wp-block-heading\"><a><\/a><strong>Horaires de d\u00e9part et prix<\/strong><\/h4>\n\n\n\n<p>Nous vous conseillons de nous contacter directement pour connaitre les horaires et les prix toujours mis \u00e0 jour.<\/p>\n\n\n\n<h4 class=\"wp-block-heading\"><a><\/a><strong>Possibilit\u00e9 de transfert<\/strong><\/h4>\n\n\n\n<p>Du<strong> Venice Resort <\/strong>\u00e0<strong> VERONA<\/strong> : 35 min<\/p>\n\n\n\n<p>Du<strong> Venice Resort <\/strong>\u00e0<strong> CORTINA<\/strong> : 45 min<\/p>\n\n\n\n<p>Du<strong> Venice Resort <\/strong>\u00e0<strong> MILANO<\/strong> : 35 min<\/p>\n\n\n\n<p><strong>Nous vous prions de remarquer de :<\/strong><\/p>\n\n\n\n<ul class=\"wp-block-list\"><li>Toutes les excursions sont priv\u00e9es et personnalisables,<\/li><li>Le tour sera effectu\u00e9 exclusivement si les conditions m\u00e9t\u00e9o le permettent,<\/li><li>Tour organis\u00e9 en collaboration avec : <strong>HOVERFLY<\/strong>,<\/li><li>La taxe luxe de 100 \u20ac par personne n\u2019est pas comprise. Les parcours inf\u00e9rieurs \u00e0 30 minutes, ne pr\u00e9voient pas la taxe luxe,<\/li><li>Les prix sont valables pour l&rsquo;h\u00e9licopt\u00e8re plein jusqu\u2019\u00e0 un maximum de 5 passagers,<\/li><li>Les prix comprennent l\u2019IVA 10% et les taxes d\u2019atterrissage. Les frais extra s\u2019ils sont pr\u00e9vus ne sont pas compris,<\/li><li>Les tarifs sont sujets \u00e0 la disponibilit\u00e9 de l\u2019h\u00e9licopt\u00e8re, attention \u00e0 la limitation des bagages. Les valises en exc\u00e8s pourraient ne pas \u00eatre charg\u00e9es.<\/li><\/ul>\n\n<\/div>\n<\/div><\/div>","protected":false},"excerpt":{"rendered":"","protected":false},"author":2,"featured_media":1399,"parent":0,"menu_order":0,"comment_status":"closed","ping_status":"closed","template":"","meta":{"_acf_changed":false,"advgb_blocks_editor_width":"","advgb_blocks_columns_visual_guide":"","footnotes":""},"class_list":["post-2080","page","type-page","status-publish","has-post-thumbnail","hentry","entry"],"acf":[],"yoast_head":"<!-- This site is optimized with the Yoast SEO plugin v25.3.1 - https:\/\/yoast.com\/wordpress\/plugins\/seo\/ -->\n<title>Tour en h\u00e9licopt\u00e8re - Venice Resort<\/title>\n<meta name=\"description\" content=\"D\u00e9couvrez \u00e0 l\u2019H\u00f4tel Venice Resort le tour panoramique avec vol en h\u00e9licopt\u00e8re pour admirer d\u2019au-dessus les suggestifs panoramas de la Lagune de Venise et les iles.\" \/>\n<meta name=\"robots\" content=\"index, follow, max-snippet:-1, max-image-preview:large, max-video-preview:-1\" \/>\n<link rel=\"canonical\" href=\"https:\/\/www.hotelveniceresort.com\/fr\/tour-en-helicoptere\/\" \/>\n<meta property=\"og:locale\" content=\"fr_FR\" \/>\n<meta property=\"og:type\" content=\"article\" \/>\n<meta property=\"og:title\" content=\"Tour en h\u00e9licopt\u00e8re - Venice Resort\" \/>\n<meta property=\"og:description\" content=\"D\u00e9couvrez \u00e0 l\u2019H\u00f4tel Venice Resort le tour panoramique avec vol en h\u00e9licopt\u00e8re pour admirer d\u2019au-dessus les suggestifs panoramas de la Lagune de Venise et les iles.\" \/>\n<meta property=\"og:url\" content=\"https:\/\/www.hotelveniceresort.com\/fr\/tour-en-helicoptere\/\" \/>\n<meta property=\"og:site_name\" content=\"Venice Resort\" \/>\n<meta property=\"article:modified_time\" content=\"2021-12-06T14:08:23+00:00\" \/>\n<meta property=\"og:image\" content=\"https:\/\/www.hotelveniceresort.com\/wp-content\/uploads\/2021\/11\/elicottero-venezia.jpg\" \/>\n\t<meta property=\"og:image:width\" content=\"1200\" \/>\n\t<meta property=\"og:image:height\" content=\"810\" \/>\n\t<meta property=\"og:image:type\" content=\"image\/jpeg\" \/>\n<meta name=\"twitter:card\" content=\"summary_large_image\" \/>\n<meta name=\"twitter:label1\" content=\"Dur\u00e9e de lecture estim\u00e9e\" \/>\n\t<meta name=\"twitter:data1\" content=\"2 minutes\" \/>\n<script type=\"application\/ld+json\" class=\"yoast-schema-graph\">{\"@context\":\"https:\/\/schema.org\",\"@graph\":[{\"@type\":\"WebPage\",\"@id\":\"https:\/\/www.hotelveniceresort.com\/fr\/tour-en-helicoptere\/\",\"url\":\"https:\/\/www.hotelveniceresort.com\/fr\/tour-en-helicoptere\/\",\"name\":\"Tour en h\u00e9licopt\u00e8re - Venice Resort\",\"isPartOf\":{\"@id\":\"https:\/\/www.hotelveniceresort.com\/fr\/#website\"},\"primaryImageOfPage\":{\"@id\":\"https:\/\/www.hotelveniceresort.com\/fr\/tour-en-helicoptere\/#primaryimage\"},\"image\":{\"@id\":\"https:\/\/www.hotelveniceresort.com\/fr\/tour-en-helicoptere\/#primaryimage\"},\"thumbnailUrl\":\"https:\/\/www.hotelveniceresort.com\/wp-content\/uploads\/2021\/11\/elicottero-venezia.jpg\",\"datePublished\":\"2021-11-05T19:49:37+00:00\",\"dateModified\":\"2021-12-06T14:08:23+00:00\",\"description\":\"D\u00e9couvrez \u00e0 l\u2019H\u00f4tel Venice Resort le tour panoramique avec vol en h\u00e9licopt\u00e8re pour admirer d\u2019au-dessus les suggestifs panoramas de la Lagune de Venise et les iles.\",\"breadcrumb\":{\"@id\":\"https:\/\/www.hotelveniceresort.com\/fr\/tour-en-helicoptere\/#breadcrumb\"},\"inLanguage\":\"fr-FR\",\"potentialAction\":[{\"@type\":\"ReadAction\",\"target\":[\"https:\/\/www.hotelveniceresort.com\/fr\/tour-en-helicoptere\/\"]}]},{\"@type\":\"ImageObject\",\"inLanguage\":\"fr-FR\",\"@id\":\"https:\/\/www.hotelveniceresort.com\/fr\/tour-en-helicoptere\/#primaryimage\",\"url\":\"https:\/\/www.hotelveniceresort.com\/wp-content\/uploads\/2021\/11\/elicottero-venezia.jpg\",\"contentUrl\":\"https:\/\/www.hotelveniceresort.com\/wp-content\/uploads\/2021\/11\/elicottero-venezia.jpg\",\"width\":1200,\"height\":810,\"caption\":\"Red Helicopter Logging in the Air. Heli-Logging Transportation.\"},{\"@type\":\"BreadcrumbList\",\"@id\":\"https:\/\/www.hotelveniceresort.com\/fr\/tour-en-helicoptere\/#breadcrumb\",\"itemListElement\":[{\"@type\":\"ListItem\",\"position\":1,\"name\":\"Home\",\"item\":\"https:\/\/www.hotelveniceresort.com\/fr\/\"},{\"@type\":\"ListItem\",\"position\":2,\"name\":\"Tour en h\u00e9licopt\u00e8re\"}]},{\"@type\":\"WebSite\",\"@id\":\"https:\/\/www.hotelveniceresort.com\/fr\/#website\",\"url\":\"https:\/\/www.hotelveniceresort.com\/fr\/\",\"name\":\"Venice Resort\",\"description\":\"\",\"publisher\":{\"@id\":\"https:\/\/www.hotelveniceresort.com\/fr\/#organization\"},\"potentialAction\":[{\"@type\":\"SearchAction\",\"target\":{\"@type\":\"EntryPoint\",\"urlTemplate\":\"https:\/\/www.hotelveniceresort.com\/fr\/?s={search_term_string}\"},\"query-input\":{\"@type\":\"PropertyValueSpecification\",\"valueRequired\":true,\"valueName\":\"search_term_string\"}}],\"inLanguage\":\"fr-FR\"},{\"@type\":\"Organization\",\"@id\":\"https:\/\/www.hotelveniceresort.com\/fr\/#organization\",\"name\":\"Venice Resort\",\"url\":\"https:\/\/www.hotelveniceresort.com\/fr\/\",\"logo\":{\"@type\":\"ImageObject\",\"inLanguage\":\"fr-FR\",\"@id\":\"https:\/\/www.hotelveniceresort.com\/fr\/#\/schema\/logo\/image\/\",\"url\":\"https:\/\/www.hotelveniceresort.com\/wp-content\/uploads\/2021\/10\/logo.png\",\"contentUrl\":\"https:\/\/www.hotelveniceresort.com\/wp-content\/uploads\/2021\/10\/logo.png\",\"width\":215,\"height\":78,\"caption\":\"Venice Resort\"},\"image\":{\"@id\":\"https:\/\/www.hotelveniceresort.com\/fr\/#\/schema\/logo\/image\/\"}}]}<\/script>\n<!-- \/ Yoast SEO plugin. -->","yoast_head_json":{"title":"Tour en h\u00e9licopt\u00e8re - Venice Resort","description":"D\u00e9couvrez \u00e0 l\u2019H\u00f4tel Venice Resort le tour panoramique avec vol en h\u00e9licopt\u00e8re pour admirer d\u2019au-dessus les suggestifs panoramas de la Lagune de Venise et les iles.","robots":{"index":"index","follow":"follow","max-snippet":"max-snippet:-1","max-image-preview":"max-image-preview:large","max-video-preview":"max-video-preview:-1"},"canonical":"https:\/\/www.hotelveniceresort.com\/fr\/tour-en-helicoptere\/","og_locale":"fr_FR","og_type":"article","og_title":"Tour en h\u00e9licopt\u00e8re - Venice Resort","og_description":"D\u00e9couvrez \u00e0 l\u2019H\u00f4tel Venice Resort le tour panoramique avec vol en h\u00e9licopt\u00e8re pour admirer d\u2019au-dessus les suggestifs panoramas de la Lagune de Venise et les iles.","og_url":"https:\/\/www.hotelveniceresort.com\/fr\/tour-en-helicoptere\/","og_site_name":"Venice Resort","article_modified_time":"2021-12-06T14:08:23+00:00","og_image":[{"width":1200,"height":810,"url":"https:\/\/www.hotelveniceresort.com\/wp-content\/uploads\/2021\/11\/elicottero-venezia.jpg","type":"image\/jpeg"}],"twitter_card":"summary_large_image","twitter_misc":{"Dur\u00e9e de lecture estim\u00e9e":"2 minutes"},"schema":{"@context":"https:\/\/schema.org","@graph":[{"@type":"WebPage","@id":"https:\/\/www.hotelveniceresort.com\/fr\/tour-en-helicoptere\/","url":"https:\/\/www.hotelveniceresort.com\/fr\/tour-en-helicoptere\/","name":"Tour en h\u00e9licopt\u00e8re - Venice Resort","isPartOf":{"@id":"https:\/\/www.hotelveniceresort.com\/fr\/#website"},"primaryImageOfPage":{"@id":"https:\/\/www.hotelveniceresort.com\/fr\/tour-en-helicoptere\/#primaryimage"},"image":{"@id":"https:\/\/www.hotelveniceresort.com\/fr\/tour-en-helicoptere\/#primaryimage"},"thumbnailUrl":"https:\/\/www.hotelveniceresort.com\/wp-content\/uploads\/2021\/11\/elicottero-venezia.jpg","datePublished":"2021-11-05T19:49:37+00:00","dateModified":"2021-12-06T14:08:23+00:00","description":"D\u00e9couvrez \u00e0 l\u2019H\u00f4tel Venice Resort le tour panoramique avec vol en h\u00e9licopt\u00e8re pour admirer d\u2019au-dessus les suggestifs panoramas de la Lagune de Venise et les iles.","breadcrumb":{"@id":"https:\/\/www.hotelveniceresort.com\/fr\/tour-en-helicoptere\/#breadcrumb"},"inLanguage":"fr-FR","potentialAction":[{"@type":"ReadAction","target":["https:\/\/www.hotelveniceresort.com\/fr\/tour-en-helicoptere\/"]}]},{"@type":"ImageObject","inLanguage":"fr-FR","@id":"https:\/\/www.hotelveniceresort.com\/fr\/tour-en-helicoptere\/#primaryimage","url":"https:\/\/www.hotelveniceresort.com\/wp-content\/uploads\/2021\/11\/elicottero-venezia.jpg","contentUrl":"https:\/\/www.hotelveniceresort.com\/wp-content\/uploads\/2021\/11\/elicottero-venezia.jpg","width":1200,"height":810,"caption":"Red Helicopter Logging in the Air. Heli-Logging Transportation."},{"@type":"BreadcrumbList","@id":"https:\/\/www.hotelveniceresort.com\/fr\/tour-en-helicoptere\/#breadcrumb","itemListElement":[{"@type":"ListItem","position":1,"name":"Home","item":"https:\/\/www.hotelveniceresort.com\/fr\/"},{"@type":"ListItem","position":2,"name":"Tour en h\u00e9licopt\u00e8re"}]},{"@type":"WebSite","@id":"https:\/\/www.hotelveniceresort.com\/fr\/#website","url":"https:\/\/www.hotelveniceresort.com\/fr\/","name":"Venice Resort","description":"","publisher":{"@id":"https:\/\/www.hotelveniceresort.com\/fr\/#organization"},"potentialAction":[{"@type":"SearchAction","target":{"@type":"EntryPoint","urlTemplate":"https:\/\/www.hotelveniceresort.com\/fr\/?s={search_term_string}"},"query-input":{"@type":"PropertyValueSpecification","valueRequired":true,"valueName":"search_term_string"}}],"inLanguage":"fr-FR"},{"@type":"Organization","@id":"https:\/\/www.hotelveniceresort.com\/fr\/#organization","name":"Venice Resort","url":"https:\/\/www.hotelveniceresort.com\/fr\/","logo":{"@type":"ImageObject","inLanguage":"fr-FR","@id":"https:\/\/www.hotelveniceresort.com\/fr\/#\/schema\/logo\/image\/","url":"https:\/\/www.hotelveniceresort.com\/wp-content\/uploads\/2021\/10\/logo.png","contentUrl":"https:\/\/www.hotelveniceresort.com\/wp-content\/uploads\/2021\/10\/logo.png","width":215,"height":78,"caption":"Venice Resort"},"image":{"@id":"https:\/\/www.hotelveniceresort.com\/fr\/#\/schema\/logo\/image\/"}}]}},"coauthors":[],"author_meta":{"author_link":"https:\/\/www.hotelveniceresort.com\/fr\/author\/v3n1c3-r3s0r5\/","display_name":"v3n1c3-r3s0r5"},"relative_dates":{"created":"Publi\u00e9 4 ans il y a","modified":"Mis \u00e0 jour 4 ans il y a"},"absolute_dates":{"created":"Publi\u00e9 le novembre 5, 2021","modified":"Mise \u00e0 jour le d\u00e9cembre 6, 2021"},"absolute_dates_time":{"created":"Publi\u00e9 le novembre 5, 2021 8:49 pm","modified":"Mise \u00e0 jour le d\u00e9cembre 6, 2021 3:08 pm"},"featured_img_caption":"Red Helicopter Logging in the Air. Heli-Logging Transportation.","featured_img":"https:\/\/www.hotelveniceresort.com\/wp-content\/uploads\/2021\/11\/elicottero-venezia.jpg","series_order":"","_links":{"self":[{"href":"https:\/\/www.hotelveniceresort.com\/fr\/wp-json\/wp\/v2\/pages\/2080","targetHints":{"allow":["GET"]}}],"collection":[{"href":"https:\/\/www.hotelveniceresort.com\/fr\/wp-json\/wp\/v2\/pages"}],"about":[{"href":"https:\/\/www.hotelveniceresort.com\/fr\/wp-json\/wp\/v2\/types\/page"}],"author":[{"embeddable":true,"href":"https:\/\/www.hotelveniceresort.com\/fr\/wp-json\/wp\/v2\/users\/2"}],"replies":[{"embeddable":true,"href":"https:\/\/www.hotelveniceresort.com\/fr\/wp-json\/wp\/v2\/comments?post=2080"}],"version-history":[{"count":2,"href":"https:\/\/www.hotelveniceresort.com\/fr\/wp-json\/wp\/v2\/pages\/2080\/revisions"}],"predecessor-version":[{"id":2152,"href":"https:\/\/www.hotelveniceresort.com\/fr\/wp-json\/wp\/v2\/pages\/2080\/revisions\/2152"}],"wp:featuredmedia":[{"embeddable":true,"href":"https:\/\/www.hotelveniceresort.com\/fr\/wp-json\/wp\/v2\/media\/1399"}],"wp:attachment":[{"href":"https:\/\/www.hotelveniceresort.com\/fr\/wp-json\/wp\/v2\/media?parent=2080"}],"curies":[{"name":"wp","href":"https:\/\/api.w.org\/{rel}","templated":true}]}}