{"id":1178,"date":"2021-11-06T07:58:17","date_gmt":"2021-11-06T06:58:17","guid":{"rendered":"https:\/\/www.hotelveniceresort.com\/?page_id=1178"},"modified":"2021-12-09T09:43:48","modified_gmt":"2021-12-09T08:43:48","slug":"hotel-zona-aeroporto-venezia","status":"publish","type":"page","link":"https:\/\/www.hotelveniceresort.com\/it\/hotel-zona-aeroporto-venezia\/","title":{"rendered":"Hotel zona aeroporto Venezia"},"content":{"rendered":"<div  class=\"grids-section grids-is-advanced alignfull\" style=\"--_gs-gap-desktop:0px 0px;--_gs-m-desktop:0 0 0 0;--_gs-p-desktop:0 0 0 0;--_gs-bg-desktop:transparent none;--_gs-bg-xp-desktop:0px;--_gs-zi-desktop:auto;--_gs-d-desktop:block;--_gs-mw-desktop:calc(100% - 0 - 0);--_gs-gap-tablet:0px 0px;--_gs-m-tablet:0 0 0 0;--_gs-p-tablet:0 0 0 0;--_gs-bg-tablet:transparent none;--_gs-bg-xp-tablet:0px;--_gs-zi-tablet:auto;--_gs-d-tablet:block;--_gs-mw-tablet:calc(100% - 0 - 0);--_gs-gap-mobile:0px 0px;--_gs-m-mobile:0 0 0 0;--_gs-p-mobile:0 0 0 0;--_gs-bg-mobile:transparent none;--_gs-bg-xp-mobile:0px;--_gs-zi-mobile:auto;--_gs-d-mobile:block;--_gs-mw-mobile:calc(100% - 0 - 0);--_gs-columns:12;--_gs-rows:6\"><div class=\"grids-s-w_i\">\n<div class=\"grids-area\" style=\"--_ga-column:2\/12;--_ga-row:1\/7;--_ga-m-desktop:0 0 0 0;--_ga-p-desktop:0 0 0 0;--_ga-bg-desktop:transparent none;--_ga-zi-desktop:auto;--_ga-d-desktop:flex;--_ga-mw-desktop:calc(100% - 0 - 0);--_ga-m-tablet:0 0 0 0;--_ga-p-tablet:0 0 0 0;--_ga-bg-tablet:transparent none;--_ga-zi-tablet:auto;--_ga-d-tablet:flex;--_ga-mw-tablet:calc(100% - 0 - 0);--_ga-m-mobile:0 0 0 0;--_ga-p-mobile:0 0 0 0;--_ga-bg-mobile:transparent none;--_ga-zi-mobile:auto;--_ga-d-mobile:flex;--_ga-mw-mobile:calc(100% - 0 - 0)\">\n\n<h2 class=\"wp-block-heading\">Hotel zona aeroporto Venezia: a 1,5 km dal Marco Polo<\/h2>\n\n\n\n<p>Stai pensando a una breve pausa in una delle pi\u00f9 belle e romantiche citt\u00e0 del mondo? Scegliere un&nbsp;<strong>hotel nella zona dell\u2019aeroporto di Venezia<\/strong>, in posizione strategica, ti pu\u00f2 facilitare gli spostamenti durante il soggiorno.<\/p>\n\n\n\n<p><strong>L\u2019hotel 4 stelle Venice Resort<\/strong>&nbsp;\u00e8 facile da raggiungere, perch\u00e9 situato a un chilometro dall\u2019aeroporto internazionale Tessera Marco Polo e a pochi chilometri da Venezia, raggiungibile in auto in soli 15 minuti. Per arrivare nel centro storico della citt\u00e0, puoi usufruire anche del&nbsp;<strong>vaporetto, che parte dal Parco di San Giuliano, poco distante dall\u2019hotel<\/strong>.<\/p>\n\n<\/div>\n<\/div><\/div>\n\n<div  class=\"grids-section grids-is-advanced alignfull\" style=\"--_gs-gap-desktop:0px 0px;--_gs-m-desktop:0 0 0 0;--_gs-p-desktop:0 0 0 0;--_gs-bg-desktop:transparent none;--_gs-bg-xp-desktop:0px;--_gs-zi-desktop:auto;--_gs-d-desktop:block;--_gs-mw-desktop:calc(100% - 0 - 0);--_gs-gap-tablet:0px 0px;--_gs-m-tablet:0 0 0 0;--_gs-p-tablet:0 0 0 0;--_gs-bg-tablet:transparent none;--_gs-bg-xp-tablet:0px;--_gs-zi-tablet:auto;--_gs-d-tablet:block;--_gs-mw-tablet:calc(100% - 0 - 0);--_gs-gap-mobile:0px 0px;--_gs-m-mobile:0 0 0 0;--_gs-p-mobile:0 0 0 0;--_gs-bg-mobile:transparent none;--_gs-bg-xp-mobile:0px;--_gs-zi-mobile:auto;--_gs-d-mobile:block;--_gs-mw-mobile:calc(100% - 0 - 0);--_gs-columns:12;--_gs-rows:6\"><div class=\"grids-s-w_i\">\n<div class=\"grids-area\" style=\"--_ga-column:2\/7;--_ga-row:1\/7;--_ga-m-desktop:0 0 0 0;--_ga-p-desktop:0 0 0 0;--_ga-bg-desktop:transparent none;--_ga-zi-desktop:auto;--_ga-d-desktop:flex;--_ga-mw-desktop:calc(100% - 0 - 0);--_ga-m-tablet:0 0 0 0;--_ga-p-tablet:0 0 0 0;--_ga-bg-tablet:transparent none;--_ga-zi-tablet:auto;--_ga-d-tablet:flex;--_ga-mw-tablet:calc(100% - 0 - 0);--_ga-m-mobile:0 0 0 0;--_ga-p-mobile:0 0 0 0;--_ga-bg-mobile:transparent none;--_ga-zi-mobile:auto;--_ga-d-mobile:flex;--_ga-mw-mobile:calc(100% - 0 - 0)\">\n\n<p>Il Venice Resort \u00e8 situato nei pressi dell\u2019uscita dell\u2019autostrada Venezia \u2013 Trieste e ha un&nbsp;<a href=\"https:\/\/www.hotelveniceresort.com\/it\/parcheggio-gratuito\/\"><strong>parcheggio interno gratuito<\/strong><\/a>&nbsp;per gli ospiti.&nbsp;<strong>L\u2019hotel Venice Resort&nbsp;<\/strong>\u00e8 ideale per:<\/p>\n\n\n\n<ul class=\"wp-block-list\"><li>vacanze per famiglie,<\/li><li>week-end romantico,<\/li><li>viaggi di lavoro,<\/li><li>meeting e convegni e<\/li><li>eventi.<\/li><\/ul>\n\n\n\n<p>Perch\u00e9 scegliere l\u2019hotel Venice Resort, vicino all\u2019aeroporto di Tessera, per un incontro di lavoro?<\/p>\n\n\n\n<p>I motivi che rendono il Venice Resort una&nbsp;<strong>struttura versatile<\/strong>&nbsp;sono vari:<\/p>\n\n\n\n<ul class=\"wp-block-list\"><li>vicinanza all\u2019aeroporto e al Casin\u00f2 all\u2019americana Ca\u2019 Noghera,<\/li><li>comodit\u00e0 nel raggiungere la citt\u00e0 di Venezia e altre localit\u00e0 turistiche nei dintorni,<\/li><li>numerosi servizi offerti,<\/li><li>cortesia del personale.<\/li><\/ul>\n\n\n\n<p>Se decidi che il&nbsp;<strong>Venice Resort<\/strong>&nbsp;sia il luogo giusto per il tuo prossimo&nbsp;<strong>incontro d\u2019affari<\/strong>, puoi pianificare il soggiorno con la consulenza dello staff, a tua disposizione per darti consigli sull\u2019organizzazione del meeting.<\/p>\n\n<\/div>\n\n<div class=\"grids-area\" style=\"--_ga-column:7\/12;--_ga-row:1\/7;--_ga-va:center;--_ga-m-desktop:0 0 0 0;--_ga-p-desktop:0 0 0 0;--_ga-bg-desktop:transparent none;--_ga-zi-desktop:auto;--_ga-d-desktop:flex;--_ga-mw-desktop:calc(100% - 0 - 0);--_ga-m-tablet:0 0 0 0;--_ga-p-tablet:0 0 0 0;--_ga-bg-tablet:transparent none;--_ga-zi-tablet:auto;--_ga-d-tablet:flex;--_ga-mw-tablet:calc(100% - 0 - 0);--_ga-m-mobile:0 0 0 0;--_ga-p-mobile:0 0 0 0;--_ga-bg-mobile:transparent none;--_ga-zi-mobile:auto;--_ga-d-mobile:flex;--_ga-mw-mobile:calc(100% - 0 - 0)\">\n\r\n    <div class=\"custom-gallery-wrapper custom-gallery-wrapper-column-1\">\r\n                <span class=\"enable-fullscreen\" onclick=\"showHideFotorama('custom-gallery_1', 0);\">\r\n            <i class=\"far fa-expand\"><\/i>\r\n        <\/span>\r\n                                        <figure class=\"full-width gallery-wrapper-image gallery-wrapper-image-0\" onclick=\"showHideFotorama('custom-gallery_1', 0);\">\r\n                <img decoding=\"async\" class=\"gallery-wrapper-image-small\" src=\"https:\/\/www.hotelveniceresort.com\/wp-content\/uploads\/2021\/11\/panorama.jpg\">\r\n            <\/figure>\r\n                        <\/div>\r\n\r\n    <div style=\"width:1px;height:1px;position:absolute;\" name=\"fotorama\" id=\"custom-gallery_1\" class=\"fotorama\" data-width=\"100%\"  data-nav=\"thumbs\"  data-allowfullscreen=\"true\" >\r\n                    <img decoding=\"async\" src=\"https:\/\/www.hotelveniceresort.com\/wp-content\/uploads\/2021\/11\/panorama.jpg\" class=\"attachment-full skip-lazy\" \/>\r\n            <\/div>\r\n\r\n\n\n<\/div>\n<\/div><\/div>\n\n<div  class=\"grids-section grids-is-advanced alignfull\" style=\"--_gs-gap-desktop:0px 0px;--_gs-m-desktop:0 0 0 0;--_gs-p-desktop:0 0 0 0;--_gs-bg-desktop:transparent none;--_gs-bg-xp-desktop:0px;--_gs-zi-desktop:auto;--_gs-d-desktop:block;--_gs-mw-desktop:calc(100% - 0 - 0);--_gs-gap-tablet:0px 0px;--_gs-m-tablet:0 0 0 0;--_gs-p-tablet:0 0 0 0;--_gs-bg-tablet:transparent none;--_gs-bg-xp-tablet:0px;--_gs-zi-tablet:auto;--_gs-d-tablet:block;--_gs-mw-tablet:calc(100% - 0 - 0);--_gs-gap-mobile:0px 0px;--_gs-m-mobile:0 0 0 0;--_gs-p-mobile:0 0 0 0;--_gs-bg-mobile:transparent none;--_gs-bg-xp-mobile:0px;--_gs-zi-mobile:auto;--_gs-d-mobile:block;--_gs-mw-mobile:calc(100% - 0 - 0);--_gs-columns:12;--_gs-rows:6\"><div class=\"grids-s-w_i\">\n<div class=\"grids-area\" style=\"--_ga-column:2\/12;--_ga-row:1\/7;--_ga-m-desktop:0 0 0 0;--_ga-p-desktop:0 0 0 0;--_ga-bg-desktop:transparent none;--_ga-zi-desktop:auto;--_ga-d-desktop:flex;--_ga-mw-desktop:calc(100% - 0 - 0);--_ga-m-tablet:0 0 0 0;--_ga-p-tablet:0 0 0 0;--_ga-bg-tablet:transparent none;--_ga-zi-tablet:auto;--_ga-d-tablet:flex;--_ga-mw-tablet:calc(100% - 0 - 0);--_ga-m-mobile:0 0 0 0;--_ga-p-mobile:0 0 0 0;--_ga-bg-mobile:transparent none;--_ga-zi-mobile:auto;--_ga-d-mobile:flex;--_ga-mw-mobile:calc(100% - 0 - 0)\">\n\n<h3 class=\"wp-block-heading\">Servizi d\u2019eccellenza al Venice Resort<\/h3>\n\n\n\n<p>L\u2019hotel \u00e8 in grado di soddisfare le esigenze di ogni ospite,&nbsp;<strong>offrendo vari servizi e camere dotate<\/strong>&nbsp;di:<\/p>\n\n\n\n<ul class=\"wp-block-list\"><li>connessione Wi-Fi gratuita,<\/li><li>aria condizionata,<\/li><li>frigobar,<\/li><li>televisione,<\/li><li>telefono e<\/li><li>cassetta di sicurezza.<\/li><\/ul>\n\n\n\n<p>La struttura, che comprende tre edifici, offre&nbsp;<strong>camere e appartamenti<\/strong> per vacanze in totale libert\u00e0. Il resort dispone di alcune stanze per persone diversamente abili, per famiglie con bambini e camere insonorizzate.<\/p>\n\n\n\n<p>La&nbsp;<strong>prima colazione \u00e8 inclusa<\/strong>&nbsp;nei servizi dell\u2019hotel, mentre i gustosi piatti della gastronomia tradizionale veneta possono essere consumati presso uno dei&nbsp;<strong>ristoranti convenzionati<\/strong>&nbsp;con il Venice Resort.<\/p>\n\n\n\n<p>Consulta le offerte disponibili&nbsp;<a href=\"https:\/\/www.hotelveniceresort.com\/it\/offerte\/\">cliccando qui<\/a> e cogli al volo quella che fa per te!<\/p>\n\n<\/div>\n<\/div><\/div>\n\n<div  class=\"grids-section grids-is-advanced alignfull\" style=\"--_gs-gap-desktop:0px 0px;--_gs-m-desktop:0 0 0 0;--_gs-p-desktop:0 0 0 0;--_gs-bg-desktop:transparent none;--_gs-bg-xp-desktop:0px;--_gs-zi-desktop:auto;--_gs-d-desktop:block;--_gs-mw-desktop:calc(100% - 0 - 0);--_gs-gap-tablet:0px 0px;--_gs-m-tablet:0 0 0 0;--_gs-p-tablet:0 0 0 0;--_gs-bg-tablet:transparent none;--_gs-bg-xp-tablet:0px;--_gs-zi-tablet:auto;--_gs-d-tablet:block;--_gs-mw-tablet:calc(100% - 0 - 0);--_gs-gap-mobile:0px 0px;--_gs-m-mobile:0 0 0 0;--_gs-p-mobile:0 0 0 0;--_gs-bg-mobile:transparent none;--_gs-bg-xp-mobile:0px;--_gs-zi-mobile:auto;--_gs-d-mobile:block;--_gs-mw-mobile:calc(100% - 0 - 0);--_gs-columns:12;--_gs-rows:6\"><div class=\"grids-s-w_i\">\n<div class=\"grids-area\" style=\"--_ga-column:2\/12;--_ga-row:1\/7;--_ga-m-desktop:0 0 0 0;--_ga-p-desktop:0 0 0 0;--_ga-bg-desktop:transparent none;--_ga-zi-desktop:auto;--_ga-d-desktop:flex;--_ga-mw-desktop:calc(100% - 0 - 0);--_ga-m-tablet:0 0 0 0;--_ga-p-tablet:0 0 0 0;--_ga-bg-tablet:transparent none;--_ga-zi-tablet:auto;--_ga-d-tablet:flex;--_ga-mw-tablet:calc(100% - 0 - 0);--_ga-m-mobile:0 0 0 0;--_ga-p-mobile:0 0 0 0;--_ga-bg-mobile:transparent none;--_ga-zi-mobile:auto;--_ga-d-mobile:flex;--_ga-mw-mobile:calc(100% - 0 - 0)\">\n\n<h2 class=\"wp-block-heading\">Ti potrebbe interessare anche&#8230;<\/h2>\n\n\n\r\n    <div class=\"related-pages-container\">\r\n                                 <div class=\"single-related-page-container\">\r\n                <a href=\"https:\/\/www.hotelveniceresort.com\/it\/camere\/\">\r\n                    <figure class=\"full-width\">\r\n                        <img decoding=\"async\" src=\"https:\/\/www.hotelveniceresort.com\/wp-content\/uploads\/2021\/11\/camere-banner.jpg\" \/>\r\n                    <\/figure>\r\n                <\/a>\r\n                <a href=\"https:\/\/www.hotelveniceresort.com\/it\/camere\/\">\r\n                    <h3 class=\"related-page-title\">\r\n                        Camere                    <\/h3>\r\n                <\/a>\r\n                <a href=\"https:\/\/www.hotelveniceresort.com\/it\/camere\/\" class=\"btn btn-center\">\r\n                    Scopri di pi\u00f9                <\/a>\r\n            <\/div>\r\n                                 <div class=\"single-related-page-container\">\r\n                <a href=\"https:\/\/www.hotelveniceresort.com\/it\/offerte\/\">\r\n                    <figure class=\"full-width\">\r\n                        <img decoding=\"async\" src=\"https:\/\/www.hotelveniceresort.com\/wp-content\/uploads\/2021\/11\/offerte-venice-banner.jpg\" \/>\r\n                    <\/figure>\r\n                <\/a>\r\n                <a href=\"https:\/\/www.hotelveniceresort.com\/it\/offerte\/\">\r\n                    <h3 class=\"related-page-title\">\r\n                        Offerte                    <\/h3>\r\n                <\/a>\r\n                <a href=\"https:\/\/www.hotelveniceresort.com\/it\/offerte\/\" class=\"btn btn-center\">\r\n                    Scopri di pi\u00f9                <\/a>\r\n            <\/div>\r\n                                 <div class=\"single-related-page-container\">\r\n                <a href=\"https:\/\/www.hotelveniceresort.com\/it\/bus-navetta\/\">\r\n                    <figure class=\"full-width\">\r\n                        <img decoding=\"async\" src=\"https:\/\/www.hotelveniceresort.com\/wp-content\/uploads\/2021\/11\/bus-navetta-venice-resort.jpg\" \/>\r\n                    <\/figure>\r\n                <\/a>\r\n                <a href=\"https:\/\/www.hotelveniceresort.com\/it\/bus-navetta\/\">\r\n                    <h3 class=\"related-page-title\">\r\n                        Bus navetta                    <\/h3>\r\n                <\/a>\r\n                <a href=\"https:\/\/www.hotelveniceresort.com\/it\/bus-navetta\/\" class=\"btn btn-center\">\r\n                    Scopri di pi\u00f9                <\/a>\r\n            <\/div>\r\n            <\/div>\r\n\n\n<\/div>\n<\/div><\/div>","protected":false},"excerpt":{"rendered":"","protected":false},"author":2,"featured_media":985,"parent":0,"menu_order":0,"comment_status":"closed","ping_status":"closed","template":"","meta":{"_acf_changed":false,"advgb_blocks_editor_width":"","advgb_blocks_columns_visual_guide":"","footnotes":""},"class_list":["post-1178","page","type-page","status-publish","has-post-thumbnail","hentry","entry"],"acf":[],"yoast_head":"<!-- This site is optimized with the Yoast SEO plugin v25.3.1 - https:\/\/yoast.com\/wordpress\/plugins\/seo\/ -->\n<title>Hotel zona aeroporto Venezia - Venice Resort<\/title>\n<meta name=\"description\" content=\"L\u2019hotel 4 stelle Venice Resort \u00e8 facile da raggiungere, perch\u00e9 situato a un chilometro dall\u2019aeroporto internazionale Tessera Marco Polo e a pochi chilometri da Venezia, raggiungibile in auto in soli 15 minuti.\" \/>\n<meta name=\"robots\" content=\"index, follow, max-snippet:-1, max-image-preview:large, max-video-preview:-1\" \/>\n<link rel=\"canonical\" href=\"https:\/\/www.hotelveniceresort.com\/it\/hotel-zona-aeroporto-venezia\/\" \/>\n<meta property=\"og:locale\" content=\"it_IT\" \/>\n<meta property=\"og:type\" content=\"article\" \/>\n<meta property=\"og:title\" content=\"Hotel zona aeroporto Venezia - Venice Resort\" \/>\n<meta property=\"og:description\" content=\"L\u2019hotel 4 stelle Venice Resort \u00e8 facile da raggiungere, perch\u00e9 situato a un chilometro dall\u2019aeroporto internazionale Tessera Marco Polo e a pochi chilometri da Venezia, raggiungibile in auto in soli 15 minuti.\" \/>\n<meta property=\"og:url\" content=\"https:\/\/www.hotelveniceresort.com\/it\/hotel-zona-aeroporto-venezia\/\" \/>\n<meta property=\"og:site_name\" content=\"Venice Resort\" \/>\n<meta property=\"article:modified_time\" content=\"2021-12-09T08:43:48+00:00\" \/>\n<meta property=\"og:image\" content=\"https:\/\/www.hotelveniceresort.com\/wp-content\/uploads\/2021\/11\/esterno-venice-resort-1.jpg\" \/>\n\t<meta property=\"og:image:width\" content=\"1200\" \/>\n\t<meta property=\"og:image:height\" content=\"800\" \/>\n\t<meta property=\"og:image:type\" content=\"image\/jpeg\" \/>\n<meta name=\"twitter:card\" content=\"summary_large_image\" \/>\n<meta name=\"twitter:label1\" content=\"Tempo di lettura stimato\" \/>\n\t<meta name=\"twitter:data1\" content=\"2 minuti\" \/>\n<script type=\"application\/ld+json\" class=\"yoast-schema-graph\">{\"@context\":\"https:\/\/schema.org\",\"@graph\":[{\"@type\":\"WebPage\",\"@id\":\"https:\/\/www.hotelveniceresort.com\/it\/hotel-zona-aeroporto-venezia\/\",\"url\":\"https:\/\/www.hotelveniceresort.com\/it\/hotel-zona-aeroporto-venezia\/\",\"name\":\"Hotel zona aeroporto Venezia - Venice Resort\",\"isPartOf\":{\"@id\":\"https:\/\/www.hotelveniceresort.com\/it\/#website\"},\"primaryImageOfPage\":{\"@id\":\"https:\/\/www.hotelveniceresort.com\/it\/hotel-zona-aeroporto-venezia\/#primaryimage\"},\"image\":{\"@id\":\"https:\/\/www.hotelveniceresort.com\/it\/hotel-zona-aeroporto-venezia\/#primaryimage\"},\"thumbnailUrl\":\"https:\/\/www.hotelveniceresort.com\/wp-content\/uploads\/2021\/11\/esterno-venice-resort-1.jpg\",\"datePublished\":\"2021-11-06T06:58:17+00:00\",\"dateModified\":\"2021-12-09T08:43:48+00:00\",\"description\":\"L\u2019hotel 4 stelle Venice Resort \u00e8 facile da raggiungere, perch\u00e9 situato a un chilometro dall\u2019aeroporto internazionale Tessera Marco Polo e a pochi chilometri da Venezia, raggiungibile in auto in soli 15 minuti.\",\"breadcrumb\":{\"@id\":\"https:\/\/www.hotelveniceresort.com\/it\/hotel-zona-aeroporto-venezia\/#breadcrumb\"},\"inLanguage\":\"it-IT\",\"potentialAction\":[{\"@type\":\"ReadAction\",\"target\":[\"https:\/\/www.hotelveniceresort.com\/it\/hotel-zona-aeroporto-venezia\/\"]}]},{\"@type\":\"ImageObject\",\"inLanguage\":\"it-IT\",\"@id\":\"https:\/\/www.hotelveniceresort.com\/it\/hotel-zona-aeroporto-venezia\/#primaryimage\",\"url\":\"https:\/\/www.hotelveniceresort.com\/wp-content\/uploads\/2021\/11\/esterno-venice-resort-1.jpg\",\"contentUrl\":\"https:\/\/www.hotelveniceresort.com\/wp-content\/uploads\/2021\/11\/esterno-venice-resort-1.jpg\",\"width\":1200,\"height\":800},{\"@type\":\"BreadcrumbList\",\"@id\":\"https:\/\/www.hotelveniceresort.com\/it\/hotel-zona-aeroporto-venezia\/#breadcrumb\",\"itemListElement\":[{\"@type\":\"ListItem\",\"position\":1,\"name\":\"Home\",\"item\":\"https:\/\/www.hotelveniceresort.com\/it\/\"},{\"@type\":\"ListItem\",\"position\":2,\"name\":\"Hotel zona aeroporto Venezia\"}]},{\"@type\":\"WebSite\",\"@id\":\"https:\/\/www.hotelveniceresort.com\/it\/#website\",\"url\":\"https:\/\/www.hotelveniceresort.com\/it\/\",\"name\":\"Venice Resort\",\"description\":\"\",\"publisher\":{\"@id\":\"https:\/\/www.hotelveniceresort.com\/it\/#organization\"},\"potentialAction\":[{\"@type\":\"SearchAction\",\"target\":{\"@type\":\"EntryPoint\",\"urlTemplate\":\"https:\/\/www.hotelveniceresort.com\/it\/?s={search_term_string}\"},\"query-input\":{\"@type\":\"PropertyValueSpecification\",\"valueRequired\":true,\"valueName\":\"search_term_string\"}}],\"inLanguage\":\"it-IT\"},{\"@type\":\"Organization\",\"@id\":\"https:\/\/www.hotelveniceresort.com\/it\/#organization\",\"name\":\"Venice Resort\",\"url\":\"https:\/\/www.hotelveniceresort.com\/it\/\",\"logo\":{\"@type\":\"ImageObject\",\"inLanguage\":\"it-IT\",\"@id\":\"https:\/\/www.hotelveniceresort.com\/it\/#\/schema\/logo\/image\/\",\"url\":\"https:\/\/www.hotelveniceresort.com\/wp-content\/uploads\/2021\/10\/logo.png\",\"contentUrl\":\"https:\/\/www.hotelveniceresort.com\/wp-content\/uploads\/2021\/10\/logo.png\",\"width\":215,\"height\":78,\"caption\":\"Venice Resort\"},\"image\":{\"@id\":\"https:\/\/www.hotelveniceresort.com\/it\/#\/schema\/logo\/image\/\"}}]}<\/script>\n<!-- \/ Yoast SEO plugin. -->","yoast_head_json":{"title":"Hotel zona aeroporto Venezia - Venice Resort","description":"L\u2019hotel 4 stelle Venice Resort \u00e8 facile da raggiungere, perch\u00e9 situato a un chilometro dall\u2019aeroporto internazionale Tessera Marco Polo e a pochi chilometri da Venezia, raggiungibile in auto in soli 15 minuti.","robots":{"index":"index","follow":"follow","max-snippet":"max-snippet:-1","max-image-preview":"max-image-preview:large","max-video-preview":"max-video-preview:-1"},"canonical":"https:\/\/www.hotelveniceresort.com\/it\/hotel-zona-aeroporto-venezia\/","og_locale":"it_IT","og_type":"article","og_title":"Hotel zona aeroporto Venezia - Venice Resort","og_description":"L\u2019hotel 4 stelle Venice Resort \u00e8 facile da raggiungere, perch\u00e9 situato a un chilometro dall\u2019aeroporto internazionale Tessera Marco Polo e a pochi chilometri da Venezia, raggiungibile in auto in soli 15 minuti.","og_url":"https:\/\/www.hotelveniceresort.com\/it\/hotel-zona-aeroporto-venezia\/","og_site_name":"Venice Resort","article_modified_time":"2021-12-09T08:43:48+00:00","og_image":[{"width":1200,"height":800,"url":"https:\/\/www.hotelveniceresort.com\/wp-content\/uploads\/2021\/11\/esterno-venice-resort-1.jpg","type":"image\/jpeg"}],"twitter_card":"summary_large_image","twitter_misc":{"Tempo di lettura stimato":"2 minuti"},"schema":{"@context":"https:\/\/schema.org","@graph":[{"@type":"WebPage","@id":"https:\/\/www.hotelveniceresort.com\/it\/hotel-zona-aeroporto-venezia\/","url":"https:\/\/www.hotelveniceresort.com\/it\/hotel-zona-aeroporto-venezia\/","name":"Hotel zona aeroporto Venezia - Venice Resort","isPartOf":{"@id":"https:\/\/www.hotelveniceresort.com\/it\/#website"},"primaryImageOfPage":{"@id":"https:\/\/www.hotelveniceresort.com\/it\/hotel-zona-aeroporto-venezia\/#primaryimage"},"image":{"@id":"https:\/\/www.hotelveniceresort.com\/it\/hotel-zona-aeroporto-venezia\/#primaryimage"},"thumbnailUrl":"https:\/\/www.hotelveniceresort.com\/wp-content\/uploads\/2021\/11\/esterno-venice-resort-1.jpg","datePublished":"2021-11-06T06:58:17+00:00","dateModified":"2021-12-09T08:43:48+00:00","description":"L\u2019hotel 4 stelle Venice Resort \u00e8 facile da raggiungere, perch\u00e9 situato a un chilometro dall\u2019aeroporto internazionale Tessera Marco Polo e a pochi chilometri da Venezia, raggiungibile in auto in soli 15 minuti.","breadcrumb":{"@id":"https:\/\/www.hotelveniceresort.com\/it\/hotel-zona-aeroporto-venezia\/#breadcrumb"},"inLanguage":"it-IT","potentialAction":[{"@type":"ReadAction","target":["https:\/\/www.hotelveniceresort.com\/it\/hotel-zona-aeroporto-venezia\/"]}]},{"@type":"ImageObject","inLanguage":"it-IT","@id":"https:\/\/www.hotelveniceresort.com\/it\/hotel-zona-aeroporto-venezia\/#primaryimage","url":"https:\/\/www.hotelveniceresort.com\/wp-content\/uploads\/2021\/11\/esterno-venice-resort-1.jpg","contentUrl":"https:\/\/www.hotelveniceresort.com\/wp-content\/uploads\/2021\/11\/esterno-venice-resort-1.jpg","width":1200,"height":800},{"@type":"BreadcrumbList","@id":"https:\/\/www.hotelveniceresort.com\/it\/hotel-zona-aeroporto-venezia\/#breadcrumb","itemListElement":[{"@type":"ListItem","position":1,"name":"Home","item":"https:\/\/www.hotelveniceresort.com\/it\/"},{"@type":"ListItem","position":2,"name":"Hotel zona aeroporto Venezia"}]},{"@type":"WebSite","@id":"https:\/\/www.hotelveniceresort.com\/it\/#website","url":"https:\/\/www.hotelveniceresort.com\/it\/","name":"Venice Resort","description":"","publisher":{"@id":"https:\/\/www.hotelveniceresort.com\/it\/#organization"},"potentialAction":[{"@type":"SearchAction","target":{"@type":"EntryPoint","urlTemplate":"https:\/\/www.hotelveniceresort.com\/it\/?s={search_term_string}"},"query-input":{"@type":"PropertyValueSpecification","valueRequired":true,"valueName":"search_term_string"}}],"inLanguage":"it-IT"},{"@type":"Organization","@id":"https:\/\/www.hotelveniceresort.com\/it\/#organization","name":"Venice Resort","url":"https:\/\/www.hotelveniceresort.com\/it\/","logo":{"@type":"ImageObject","inLanguage":"it-IT","@id":"https:\/\/www.hotelveniceresort.com\/it\/#\/schema\/logo\/image\/","url":"https:\/\/www.hotelveniceresort.com\/wp-content\/uploads\/2021\/10\/logo.png","contentUrl":"https:\/\/www.hotelveniceresort.com\/wp-content\/uploads\/2021\/10\/logo.png","width":215,"height":78,"caption":"Venice Resort"},"image":{"@id":"https:\/\/www.hotelveniceresort.com\/it\/#\/schema\/logo\/image\/"}}]}},"coauthors":[],"author_meta":{"author_link":"https:\/\/www.hotelveniceresort.com\/it\/author\/v3n1c3-r3s0r5\/","display_name":"v3n1c3-r3s0r5"},"relative_dates":{"created":"Pubblicato 4 anni fa","modified":"Aggiornato 4 anni fa"},"absolute_dates":{"created":"Pubblicato il Novembre 6, 2021","modified":"Aggiornato il Dicembre 9, 2021"},"absolute_dates_time":{"created":"Pubblicato il Novembre 6, 2021 7:58 am","modified":"Aggiornato il Dicembre 9, 2021 9:43 am"},"featured_img_caption":"","featured_img":"https:\/\/www.hotelveniceresort.com\/wp-content\/uploads\/2021\/11\/esterno-venice-resort-1.jpg","series_order":"","_links":{"self":[{"href":"https:\/\/www.hotelveniceresort.com\/it\/wp-json\/wp\/v2\/pages\/1178","targetHints":{"allow":["GET"]}}],"collection":[{"href":"https:\/\/www.hotelveniceresort.com\/it\/wp-json\/wp\/v2\/pages"}],"about":[{"href":"https:\/\/www.hotelveniceresort.com\/it\/wp-json\/wp\/v2\/types\/page"}],"author":[{"embeddable":true,"href":"https:\/\/www.hotelveniceresort.com\/it\/wp-json\/wp\/v2\/users\/2"}],"replies":[{"embeddable":true,"href":"https:\/\/www.hotelveniceresort.com\/it\/wp-json\/wp\/v2\/comments?post=1178"}],"version-history":[{"count":7,"href":"https:\/\/www.hotelveniceresort.com\/it\/wp-json\/wp\/v2\/pages\/1178\/revisions"}],"predecessor-version":[{"id":2365,"href":"https:\/\/www.hotelveniceresort.com\/it\/wp-json\/wp\/v2\/pages\/1178\/revisions\/2365"}],"wp:featuredmedia":[{"embeddable":true,"href":"https:\/\/www.hotelveniceresort.com\/it\/wp-json\/wp\/v2\/media\/985"}],"wp:attachment":[{"href":"https:\/\/www.hotelveniceresort.com\/it\/wp-json\/wp\/v2\/media?parent=1178"}],"curies":[{"name":"wp","href":"https:\/\/api.w.org\/{rel}","templated":true}]}}