{"id":1184,"date":"2021-11-06T08:05:57","date_gmt":"2021-11-06T07:05:57","guid":{"rendered":"https:\/\/www.hotelveniceresort.com\/?page_id=1184"},"modified":"2021-12-06T14:26:52","modified_gmt":"2021-12-06T13:26:52","slug":"hotel-aeroporto-venezia-tessera-con-bus-navetta-e-parcheggio-gratuito","status":"publish","type":"page","link":"https:\/\/www.hotelveniceresort.com\/it\/hotel-aeroporto-venezia-tessera-con-bus-navetta-e-parcheggio-gratuito\/","title":{"rendered":"Hotel aeroporto Venezia Tessera con bus navetta e parcheggio gratuito"},"content":{"rendered":"<div  class=\"grids-section grids-is-advanced alignfull\" style=\"--_gs-gap-desktop:0px 0px;--_gs-m-desktop:0 0 0 0;--_gs-p-desktop:0 0 0 0;--_gs-bg-desktop:transparent none;--_gs-bg-xp-desktop:0px;--_gs-zi-desktop:auto;--_gs-d-desktop:block;--_gs-mw-desktop:calc(100% - 0 - 0);--_gs-gap-tablet:0px 0px;--_gs-m-tablet:0 0 0 0;--_gs-p-tablet:0 0 0 0;--_gs-bg-tablet:transparent none;--_gs-bg-xp-tablet:0px;--_gs-zi-tablet:auto;--_gs-d-tablet:block;--_gs-mw-tablet:calc(100% - 0 - 0);--_gs-gap-mobile:0px 0px;--_gs-m-mobile:0 0 0 0;--_gs-p-mobile:0 0 0 0;--_gs-bg-mobile:transparent none;--_gs-bg-xp-mobile:0px;--_gs-zi-mobile:auto;--_gs-d-mobile:block;--_gs-mw-mobile:calc(100% - 0 - 0);--_gs-columns:12;--_gs-rows:6\"><div class=\"grids-s-w_i\">\n<div class=\"grids-area\" style=\"--_ga-column:2\/12;--_ga-row:1\/7;--_ga-m-desktop:0 0 0 0;--_ga-p-desktop:0 0 0 0;--_ga-bg-desktop:transparent none;--_ga-zi-desktop:auto;--_ga-d-desktop:flex;--_ga-mw-desktop:calc(100% - 0 - 0);--_ga-m-tablet:0 0 0 0;--_ga-p-tablet:0 0 0 0;--_ga-bg-tablet:transparent none;--_ga-zi-tablet:auto;--_ga-d-tablet:flex;--_ga-mw-tablet:calc(100% - 0 - 0);--_ga-m-mobile:0 0 0 0;--_ga-p-mobile:0 0 0 0;--_ga-bg-mobile:transparent none;--_ga-zi-mobile:auto;--_ga-d-mobile:flex;--_ga-mw-mobile:calc(100% - 0 - 0)\">\n\n<p>Il&nbsp;<strong>Venice Resort<\/strong>&nbsp;\u00e8 un esclusivo&nbsp;<strong>hotel aeroporto Venezia Tessera&nbsp;<\/strong>che ammalia i propri ospiti per le sue caratteristiche in termini di:<\/p>\n\n\n\n<ul class=\"wp-block-list\"><li>ospitalit\u00e0,<\/li><li>posizione,<\/li><li>attenzione per i dettagli e<\/li><li>qualit\u00e0 ed efficienza dei propri servizi.<\/li><\/ul>\n\n\n\n<p>Una&nbsp;<strong>romantica dimora,<\/strong>&nbsp;un hotel con interni spaziosi e un moderno design in stile veneziano, immerso nel verde a due passi dalla citt\u00e0 pi\u00f9 romantica del mondo. Alla singolarit\u00e0 dei luoghi si \u00e8 unita l\u2019eleganza e lo charme di un&nbsp;<strong>hotel 4 stelle<\/strong>, ed una ampia e comoda sala meeting, ideale per eventi e congressi vicino al centro storico e ben collegata con l\u2019aeroporto, per offrirti una location di classe diversa dalle solite, ideale per un weekend romantico, ma anche per ospitare eventi aziendali, dal business lunch ai convegni di pi\u00f9 giorni.<\/p>\n\n\n\n<h3 class=\"wp-block-heading\">POSIZIONE<\/h3>\n\n\n\n<p>Posto a&nbsp;<strong>solo 1 chilometro dall\u2019aeroporto internazionale Marco Polo di Tessera,<\/strong>&nbsp;grazie all\u2019hotel Venice Resort dormire vicino Venezia non \u00e8 pi\u00f9 un problema.<\/p>\n\n\n\n<p>L\u2019hotel rappresenta sicuramente la&nbsp;<strong>soluzione giusta&nbsp;<\/strong>sia dal punto di vista qualitativo, sia dal punto di vista&nbsp;<strong>economico.<\/strong>&nbsp;Ottimo punto di partenza per scoprire Venezia e raggiungere, tra suggestive calli, il Ponte di Rialto e Piazza San Marco, l\u2019hotel \u00e8 facilmente raggiungibile dall\u2019aeroporto sia in taxi sia con l\u2019autobus di linea (numero 45 o numero 15). Il servizio di trasferimento per l\u2019aeroporto ti \u00e8 reso disponibile su prenotazione anche alla Reception.<\/p>\n\n\n\n<h3 class=\"wp-block-heading\">SERVIZI<\/h3>\n\n\n\n<p><strong>L\u2019hotel aeroporto Venezia Tessera Venice Resort<\/strong>&nbsp;dispone di&nbsp;<strong>34 tra camere e junior suites<\/strong>&nbsp;climatizzate e distribuite in tre distinte strutture, affiancate ed immerse nel verde, arredate con gusto e dotate di bagno privato con doccia e asciugacapelli e dei comfort previsti dalla categoria di appartenenza, con in particolare accesso ad internet WI-FI gratuito.<\/p>\n\n\n\n<p>L\u2019hotel fornisce alla clientela la&nbsp;<strong>possibilit\u00e0 di programmare&nbsp;<a href=\"https:\/\/www.hotelveniceresort.com\/it\/meeting-ed-eventi\/\">congressi ed eventi<\/a>&nbsp;<\/strong>in spazi dedicati,&nbsp;<strong>garantendo anche servizi di catering professionali.<\/strong>&nbsp;A te, cliente Vip, in partenza o arrivo su Venezia, diamo inoltre l\u2019opportunit\u00e0 di un volo sulla laguna o di trasferimenti per Milano, Cortina o altre destinazioni con <a href=\"https:\/\/www.hotelveniceresort.com\/it\/tour-in-elicotterio\/\">elicottero<\/a>.<\/p>\n\n\n\n<p><strong>L\u2019accoglienza, la cura dei dettagli, l\u2019eleganza e la ricercatezza delle camere<\/strong>, faranno della tua permanenza al&nbsp;<strong>Venice Resort<\/strong>&nbsp;un complemento di valore ad un soggiorno nella&nbsp;<strong>splendida Venezia.<\/strong><\/p>\n\n<\/div>\n<\/div><\/div>\n\n<div  class=\"grids-section grids-is-advanced alignfull\" style=\"--_gs-gap-desktop:0px 0px;--_gs-m-desktop:0 0 0 0;--_gs-p-desktop:0 0 0 0;--_gs-bg-desktop:transparent none;--_gs-bg-xp-desktop:0px;--_gs-zi-desktop:auto;--_gs-d-desktop:block;--_gs-mw-desktop:calc(100% - 0 - 0);--_gs-gap-tablet:0px 0px;--_gs-m-tablet:0 0 0 0;--_gs-p-tablet:0 0 0 0;--_gs-bg-tablet:transparent none;--_gs-bg-xp-tablet:0px;--_gs-zi-tablet:auto;--_gs-d-tablet:block;--_gs-mw-tablet:calc(100% - 0 - 0);--_gs-gap-mobile:0px 0px;--_gs-m-mobile:0 0 0 0;--_gs-p-mobile:0 0 0 0;--_gs-bg-mobile:transparent none;--_gs-bg-xp-mobile:0px;--_gs-zi-mobile:auto;--_gs-d-mobile:block;--_gs-mw-mobile:calc(100% - 0 - 0);--_gs-columns:12;--_gs-rows:6\"><div class=\"grids-s-w_i\">\n<div class=\"grids-area\" style=\"--_ga-column:2\/12;--_ga-row:1\/7;--_ga-m-desktop:0 0 0 0;--_ga-p-desktop:0 0 0 0;--_ga-bg-desktop:transparent none;--_ga-zi-desktop:auto;--_ga-d-desktop:flex;--_ga-mw-desktop:calc(100% - 0 - 0);--_ga-m-tablet:0 0 0 0;--_ga-p-tablet:0 0 0 0;--_ga-bg-tablet:transparent none;--_ga-zi-tablet:auto;--_ga-d-tablet:flex;--_ga-mw-tablet:calc(100% - 0 - 0);--_ga-m-mobile:0 0 0 0;--_ga-p-mobile:0 0 0 0;--_ga-bg-mobile:transparent none;--_ga-zi-mobile:auto;--_ga-d-mobile:flex;--_ga-mw-mobile:calc(100% - 0 - 0)\">\n\n<h2 class=\"wp-block-heading\">Ti potrebbe interessare anche&#8230;<\/h2>\n\n\n\r\n    <div class=\"related-pages-container\">\r\n                                 <div class=\"single-related-page-container\">\r\n                <a href=\"https:\/\/www.hotelveniceresort.com\/it\/camere\/\">\r\n                    <figure class=\"full-width\">\r\n                        <img decoding=\"async\" src=\"https:\/\/www.hotelveniceresort.com\/wp-content\/uploads\/2021\/11\/camere-banner.jpg\" \/>\r\n                    <\/figure>\r\n                <\/a>\r\n                <a href=\"https:\/\/www.hotelveniceresort.com\/it\/camere\/\">\r\n                    <h3 class=\"related-page-title\">\r\n                        Camere                    <\/h3>\r\n                <\/a>\r\n                <a href=\"https:\/\/www.hotelveniceresort.com\/it\/camere\/\" class=\"btn btn-center\">\r\n                    Scopri di pi\u00f9                <\/a>\r\n            <\/div>\r\n                                 <div class=\"single-related-page-container\">\r\n                <a href=\"https:\/\/www.hotelveniceresort.com\/it\/offerte\/\">\r\n                    <figure class=\"full-width\">\r\n                        <img decoding=\"async\" src=\"https:\/\/www.hotelveniceresort.com\/wp-content\/uploads\/2021\/11\/offerte-venice-banner.jpg\" \/>\r\n                    <\/figure>\r\n                <\/a>\r\n                <a href=\"https:\/\/www.hotelveniceresort.com\/it\/offerte\/\">\r\n                    <h3 class=\"related-page-title\">\r\n                        Offerte                    <\/h3>\r\n                <\/a>\r\n                <a href=\"https:\/\/www.hotelveniceresort.com\/it\/offerte\/\" class=\"btn btn-center\">\r\n                    Scopri di pi\u00f9                <\/a>\r\n            <\/div>\r\n                                 <div class=\"single-related-page-container\">\r\n                <a href=\"https:\/\/www.hotelveniceresort.com\/it\/bus-navetta\/\">\r\n                    <figure class=\"full-width\">\r\n                        <img decoding=\"async\" src=\"https:\/\/www.hotelveniceresort.com\/wp-content\/uploads\/2021\/11\/bus-navetta-venice-resort.jpg\" \/>\r\n                    <\/figure>\r\n                <\/a>\r\n                <a href=\"https:\/\/www.hotelveniceresort.com\/it\/bus-navetta\/\">\r\n                    <h3 class=\"related-page-title\">\r\n                        Bus navetta                    <\/h3>\r\n                <\/a>\r\n                <a href=\"https:\/\/www.hotelveniceresort.com\/it\/bus-navetta\/\" class=\"btn btn-center\">\r\n                    Scopri di pi\u00f9                <\/a>\r\n            <\/div>\r\n            <\/div>\r\n\n\n<\/div>\n<\/div><\/div>","protected":false},"excerpt":{"rendered":"","protected":false},"author":2,"featured_media":1201,"parent":0,"menu_order":0,"comment_status":"closed","ping_status":"closed","template":"","meta":{"_acf_changed":false,"advgb_blocks_editor_width":"","advgb_blocks_columns_visual_guide":"","footnotes":""},"class_list":["post-1184","page","type-page","status-publish","has-post-thumbnail","hentry","entry"],"acf":[],"yoast_head":"<!-- This site is optimized with the Yoast SEO plugin v25.3.1 - https:\/\/yoast.com\/wordpress\/plugins\/seo\/ -->\n<title>Hotel aeroporto Venezia Tessera con bus navetta e parcheggio gratuito - Venice Resort<\/title>\n<meta name=\"description\" content=\"L\u2019accoglienza, la cura dei dettagli, l\u2019eleganza e la ricercatezza delle camere, faranno della tua permanenza al\u00a0Venice Resort\u00a0un complemento di valore ad un soggiorno nella\u00a0splendida Venezia.\" \/>\n<meta name=\"robots\" content=\"index, follow, max-snippet:-1, max-image-preview:large, max-video-preview:-1\" \/>\n<link rel=\"canonical\" href=\"https:\/\/www.hotelveniceresort.com\/it\/hotel-aeroporto-venezia-tessera-con-bus-navetta-e-parcheggio-gratuito\/\" \/>\n<meta property=\"og:locale\" content=\"it_IT\" \/>\n<meta property=\"og:type\" content=\"article\" \/>\n<meta property=\"og:title\" content=\"Hotel aeroporto Venezia Tessera con bus navetta e parcheggio gratuito - Venice Resort\" \/>\n<meta property=\"og:description\" content=\"L\u2019accoglienza, la cura dei dettagli, l\u2019eleganza e la ricercatezza delle camere, faranno della tua permanenza al\u00a0Venice Resort\u00a0un complemento di valore ad un soggiorno nella\u00a0splendida Venezia.\" \/>\n<meta property=\"og:url\" content=\"https:\/\/www.hotelveniceresort.com\/it\/hotel-aeroporto-venezia-tessera-con-bus-navetta-e-parcheggio-gratuito\/\" \/>\n<meta property=\"og:site_name\" content=\"Venice Resort\" \/>\n<meta property=\"article:modified_time\" content=\"2021-12-06T13:26:52+00:00\" \/>\n<meta property=\"og:image\" content=\"https:\/\/www.hotelveniceresort.com\/wp-content\/uploads\/2021\/11\/bus-navetta-venice-resort.jpg\" \/>\n\t<meta property=\"og:image:width\" content=\"1200\" \/>\n\t<meta property=\"og:image:height\" content=\"800\" \/>\n\t<meta property=\"og:image:type\" content=\"image\/jpeg\" \/>\n<meta name=\"twitter:card\" content=\"summary_large_image\" \/>\n<meta name=\"twitter:label1\" content=\"Tempo di lettura stimato\" \/>\n\t<meta name=\"twitter:data1\" content=\"2 minuti\" \/>\n<script type=\"application\/ld+json\" class=\"yoast-schema-graph\">{\"@context\":\"https:\/\/schema.org\",\"@graph\":[{\"@type\":\"WebPage\",\"@id\":\"https:\/\/www.hotelveniceresort.com\/it\/hotel-aeroporto-venezia-tessera-con-bus-navetta-e-parcheggio-gratuito\/\",\"url\":\"https:\/\/www.hotelveniceresort.com\/it\/hotel-aeroporto-venezia-tessera-con-bus-navetta-e-parcheggio-gratuito\/\",\"name\":\"Hotel aeroporto Venezia Tessera con bus navetta e parcheggio gratuito - Venice Resort\",\"isPartOf\":{\"@id\":\"https:\/\/www.hotelveniceresort.com\/it\/#website\"},\"primaryImageOfPage\":{\"@id\":\"https:\/\/www.hotelveniceresort.com\/it\/hotel-aeroporto-venezia-tessera-con-bus-navetta-e-parcheggio-gratuito\/#primaryimage\"},\"image\":{\"@id\":\"https:\/\/www.hotelveniceresort.com\/it\/hotel-aeroporto-venezia-tessera-con-bus-navetta-e-parcheggio-gratuito\/#primaryimage\"},\"thumbnailUrl\":\"https:\/\/www.hotelveniceresort.com\/wp-content\/uploads\/2021\/11\/bus-navetta-venice-resort.jpg\",\"datePublished\":\"2021-11-06T07:05:57+00:00\",\"dateModified\":\"2021-12-06T13:26:52+00:00\",\"description\":\"L\u2019accoglienza, la cura dei dettagli, l\u2019eleganza e la ricercatezza delle camere, faranno della tua permanenza al\u00a0Venice Resort\u00a0un complemento di valore ad un soggiorno nella\u00a0splendida Venezia.\",\"breadcrumb\":{\"@id\":\"https:\/\/www.hotelveniceresort.com\/it\/hotel-aeroporto-venezia-tessera-con-bus-navetta-e-parcheggio-gratuito\/#breadcrumb\"},\"inLanguage\":\"it-IT\",\"potentialAction\":[{\"@type\":\"ReadAction\",\"target\":[\"https:\/\/www.hotelveniceresort.com\/it\/hotel-aeroporto-venezia-tessera-con-bus-navetta-e-parcheggio-gratuito\/\"]}]},{\"@type\":\"ImageObject\",\"inLanguage\":\"it-IT\",\"@id\":\"https:\/\/www.hotelveniceresort.com\/it\/hotel-aeroporto-venezia-tessera-con-bus-navetta-e-parcheggio-gratuito\/#primaryimage\",\"url\":\"https:\/\/www.hotelveniceresort.com\/wp-content\/uploads\/2021\/11\/bus-navetta-venice-resort.jpg\",\"contentUrl\":\"https:\/\/www.hotelveniceresort.com\/wp-content\/uploads\/2021\/11\/bus-navetta-venice-resort.jpg\",\"width\":1200,\"height\":800,\"caption\":\"Traveler in airport terminal. Young man with luggage waiting for airplane.\"},{\"@type\":\"BreadcrumbList\",\"@id\":\"https:\/\/www.hotelveniceresort.com\/it\/hotel-aeroporto-venezia-tessera-con-bus-navetta-e-parcheggio-gratuito\/#breadcrumb\",\"itemListElement\":[{\"@type\":\"ListItem\",\"position\":1,\"name\":\"Home\",\"item\":\"https:\/\/www.hotelveniceresort.com\/it\/\"},{\"@type\":\"ListItem\",\"position\":2,\"name\":\"Hotel aeroporto Venezia Tessera con bus navetta e parcheggio gratuito\"}]},{\"@type\":\"WebSite\",\"@id\":\"https:\/\/www.hotelveniceresort.com\/it\/#website\",\"url\":\"https:\/\/www.hotelveniceresort.com\/it\/\",\"name\":\"Venice Resort\",\"description\":\"\",\"publisher\":{\"@id\":\"https:\/\/www.hotelveniceresort.com\/it\/#organization\"},\"potentialAction\":[{\"@type\":\"SearchAction\",\"target\":{\"@type\":\"EntryPoint\",\"urlTemplate\":\"https:\/\/www.hotelveniceresort.com\/it\/?s={search_term_string}\"},\"query-input\":{\"@type\":\"PropertyValueSpecification\",\"valueRequired\":true,\"valueName\":\"search_term_string\"}}],\"inLanguage\":\"it-IT\"},{\"@type\":\"Organization\",\"@id\":\"https:\/\/www.hotelveniceresort.com\/it\/#organization\",\"name\":\"Venice Resort\",\"url\":\"https:\/\/www.hotelveniceresort.com\/it\/\",\"logo\":{\"@type\":\"ImageObject\",\"inLanguage\":\"it-IT\",\"@id\":\"https:\/\/www.hotelveniceresort.com\/it\/#\/schema\/logo\/image\/\",\"url\":\"https:\/\/www.hotelveniceresort.com\/wp-content\/uploads\/2021\/10\/logo.png\",\"contentUrl\":\"https:\/\/www.hotelveniceresort.com\/wp-content\/uploads\/2021\/10\/logo.png\",\"width\":215,\"height\":78,\"caption\":\"Venice Resort\"},\"image\":{\"@id\":\"https:\/\/www.hotelveniceresort.com\/it\/#\/schema\/logo\/image\/\"}}]}<\/script>\n<!-- \/ Yoast SEO plugin. -->","yoast_head_json":{"title":"Hotel aeroporto Venezia Tessera con bus navetta e parcheggio gratuito - Venice Resort","description":"L\u2019accoglienza, la cura dei dettagli, l\u2019eleganza e la ricercatezza delle camere, faranno della tua permanenza al\u00a0Venice Resort\u00a0un complemento di valore ad un soggiorno nella\u00a0splendida Venezia.","robots":{"index":"index","follow":"follow","max-snippet":"max-snippet:-1","max-image-preview":"max-image-preview:large","max-video-preview":"max-video-preview:-1"},"canonical":"https:\/\/www.hotelveniceresort.com\/it\/hotel-aeroporto-venezia-tessera-con-bus-navetta-e-parcheggio-gratuito\/","og_locale":"it_IT","og_type":"article","og_title":"Hotel aeroporto Venezia Tessera con bus navetta e parcheggio gratuito - Venice Resort","og_description":"L\u2019accoglienza, la cura dei dettagli, l\u2019eleganza e la ricercatezza delle camere, faranno della tua permanenza al\u00a0Venice Resort\u00a0un complemento di valore ad un soggiorno nella\u00a0splendida Venezia.","og_url":"https:\/\/www.hotelveniceresort.com\/it\/hotel-aeroporto-venezia-tessera-con-bus-navetta-e-parcheggio-gratuito\/","og_site_name":"Venice Resort","article_modified_time":"2021-12-06T13:26:52+00:00","og_image":[{"width":1200,"height":800,"url":"https:\/\/www.hotelveniceresort.com\/wp-content\/uploads\/2021\/11\/bus-navetta-venice-resort.jpg","type":"image\/jpeg"}],"twitter_card":"summary_large_image","twitter_misc":{"Tempo di lettura stimato":"2 minuti"},"schema":{"@context":"https:\/\/schema.org","@graph":[{"@type":"WebPage","@id":"https:\/\/www.hotelveniceresort.com\/it\/hotel-aeroporto-venezia-tessera-con-bus-navetta-e-parcheggio-gratuito\/","url":"https:\/\/www.hotelveniceresort.com\/it\/hotel-aeroporto-venezia-tessera-con-bus-navetta-e-parcheggio-gratuito\/","name":"Hotel aeroporto Venezia Tessera con bus navetta e parcheggio gratuito - Venice Resort","isPartOf":{"@id":"https:\/\/www.hotelveniceresort.com\/it\/#website"},"primaryImageOfPage":{"@id":"https:\/\/www.hotelveniceresort.com\/it\/hotel-aeroporto-venezia-tessera-con-bus-navetta-e-parcheggio-gratuito\/#primaryimage"},"image":{"@id":"https:\/\/www.hotelveniceresort.com\/it\/hotel-aeroporto-venezia-tessera-con-bus-navetta-e-parcheggio-gratuito\/#primaryimage"},"thumbnailUrl":"https:\/\/www.hotelveniceresort.com\/wp-content\/uploads\/2021\/11\/bus-navetta-venice-resort.jpg","datePublished":"2021-11-06T07:05:57+00:00","dateModified":"2021-12-06T13:26:52+00:00","description":"L\u2019accoglienza, la cura dei dettagli, l\u2019eleganza e la ricercatezza delle camere, faranno della tua permanenza al\u00a0Venice Resort\u00a0un complemento di valore ad un soggiorno nella\u00a0splendida Venezia.","breadcrumb":{"@id":"https:\/\/www.hotelveniceresort.com\/it\/hotel-aeroporto-venezia-tessera-con-bus-navetta-e-parcheggio-gratuito\/#breadcrumb"},"inLanguage":"it-IT","potentialAction":[{"@type":"ReadAction","target":["https:\/\/www.hotelveniceresort.com\/it\/hotel-aeroporto-venezia-tessera-con-bus-navetta-e-parcheggio-gratuito\/"]}]},{"@type":"ImageObject","inLanguage":"it-IT","@id":"https:\/\/www.hotelveniceresort.com\/it\/hotel-aeroporto-venezia-tessera-con-bus-navetta-e-parcheggio-gratuito\/#primaryimage","url":"https:\/\/www.hotelveniceresort.com\/wp-content\/uploads\/2021\/11\/bus-navetta-venice-resort.jpg","contentUrl":"https:\/\/www.hotelveniceresort.com\/wp-content\/uploads\/2021\/11\/bus-navetta-venice-resort.jpg","width":1200,"height":800,"caption":"Traveler in airport terminal. Young man with luggage waiting for airplane."},{"@type":"BreadcrumbList","@id":"https:\/\/www.hotelveniceresort.com\/it\/hotel-aeroporto-venezia-tessera-con-bus-navetta-e-parcheggio-gratuito\/#breadcrumb","itemListElement":[{"@type":"ListItem","position":1,"name":"Home","item":"https:\/\/www.hotelveniceresort.com\/it\/"},{"@type":"ListItem","position":2,"name":"Hotel aeroporto Venezia Tessera con bus navetta e parcheggio gratuito"}]},{"@type":"WebSite","@id":"https:\/\/www.hotelveniceresort.com\/it\/#website","url":"https:\/\/www.hotelveniceresort.com\/it\/","name":"Venice Resort","description":"","publisher":{"@id":"https:\/\/www.hotelveniceresort.com\/it\/#organization"},"potentialAction":[{"@type":"SearchAction","target":{"@type":"EntryPoint","urlTemplate":"https:\/\/www.hotelveniceresort.com\/it\/?s={search_term_string}"},"query-input":{"@type":"PropertyValueSpecification","valueRequired":true,"valueName":"search_term_string"}}],"inLanguage":"it-IT"},{"@type":"Organization","@id":"https:\/\/www.hotelveniceresort.com\/it\/#organization","name":"Venice Resort","url":"https:\/\/www.hotelveniceresort.com\/it\/","logo":{"@type":"ImageObject","inLanguage":"it-IT","@id":"https:\/\/www.hotelveniceresort.com\/it\/#\/schema\/logo\/image\/","url":"https:\/\/www.hotelveniceresort.com\/wp-content\/uploads\/2021\/10\/logo.png","contentUrl":"https:\/\/www.hotelveniceresort.com\/wp-content\/uploads\/2021\/10\/logo.png","width":215,"height":78,"caption":"Venice Resort"},"image":{"@id":"https:\/\/www.hotelveniceresort.com\/it\/#\/schema\/logo\/image\/"}}]}},"coauthors":[],"author_meta":{"author_link":"https:\/\/www.hotelveniceresort.com\/it\/author\/v3n1c3-r3s0r5\/","display_name":"v3n1c3-r3s0r5"},"relative_dates":{"created":"Pubblicato 4 anni fa","modified":"Aggiornato 4 anni fa"},"absolute_dates":{"created":"Pubblicato il Novembre 6, 2021","modified":"Aggiornato il Dicembre 6, 2021"},"absolute_dates_time":{"created":"Pubblicato il Novembre 6, 2021 8:05 am","modified":"Aggiornato il Dicembre 6, 2021 2:26 pm"},"featured_img_caption":"Traveler in airport terminal. Young man with luggage waiting for airplane.","featured_img":"https:\/\/www.hotelveniceresort.com\/wp-content\/uploads\/2021\/11\/bus-navetta-venice-resort.jpg","series_order":"","_links":{"self":[{"href":"https:\/\/www.hotelveniceresort.com\/it\/wp-json\/wp\/v2\/pages\/1184","targetHints":{"allow":["GET"]}}],"collection":[{"href":"https:\/\/www.hotelveniceresort.com\/it\/wp-json\/wp\/v2\/pages"}],"about":[{"href":"https:\/\/www.hotelveniceresort.com\/it\/wp-json\/wp\/v2\/types\/page"}],"author":[{"embeddable":true,"href":"https:\/\/www.hotelveniceresort.com\/it\/wp-json\/wp\/v2\/users\/2"}],"replies":[{"embeddable":true,"href":"https:\/\/www.hotelveniceresort.com\/it\/wp-json\/wp\/v2\/comments?post=1184"}],"version-history":[{"count":5,"href":"https:\/\/www.hotelveniceresort.com\/it\/wp-json\/wp\/v2\/pages\/1184\/revisions"}],"predecessor-version":[{"id":2360,"href":"https:\/\/www.hotelveniceresort.com\/it\/wp-json\/wp\/v2\/pages\/1184\/revisions\/2360"}],"wp:featuredmedia":[{"embeddable":true,"href":"https:\/\/www.hotelveniceresort.com\/it\/wp-json\/wp\/v2\/media\/1201"}],"wp:attachment":[{"href":"https:\/\/www.hotelveniceresort.com\/it\/wp-json\/wp\/v2\/media?parent=1184"}],"curies":[{"name":"wp","href":"https:\/\/api.w.org\/{rel}","templated":true}]}}